{"id":15967,"date":"2020-10-02T10:41:29","date_gmt":"2020-10-02T08:41:29","guid":{"rendered":"https:\/\/inkpressioecologica.com\/?post_type=product&#038;p=15967"},"modified":"2021-02-22T11:07:59","modified_gmt":"2021-02-22T09:07:59","slug":"tambor-alternativo-brother-dr3200-negro-25000k","status":"publish","type":"product","link":"https:\/\/inkpressioecologica.com\/ca\/producto\/tambor-alternativo-brother-dr3200-negro-25000k\/","title":{"rendered":"Tambor alternativo Brother DR3200 Negro 25000k"},"content":{"rendered":"","protected":false},"excerpt":{"rendered":"<p>Este Cartucho est\u00e1 garantizado contra defectos de producci\u00f3n y bajo estrictos controles de calidad <strong>ISO 9001<\/strong>. Proveniente de cartuchos originales europeos. Garant\u00eda Inkpressi\u00f3 Ecol\u00f2gica.<\/p>\n<p><img decoding=\"async\" class=\"alignnone wp-image-11805 lazyload\" data-src=\"https:\/\/inkpressioecologica.com\/wp-content\/uploads\/iso.jpg\" alt=\"\" width=\"70\" height=\"70\" src=\"data:image\/svg+xml;base64,PHN2ZyB3aWR0aD0iMSIgaGVpZ2h0PSIxIiB4bWxucz0iaHR0cDovL3d3dy53My5vcmcvMjAwMC9zdmciPjwvc3ZnPg==\" style=\"--smush-placeholder-width: 70px; --smush-placeholder-aspect-ratio: 70\/70;\" \/><\/p>\n<p><b>Este cartucho de tinta es compatible con las siguientes impresoras:<\/b><\/p>\n<p>Brother DCP-8070 D<br \/>\nBrother DCP-8080 DN<br \/>\nBrother DCP-8085 DN<br \/>\nBrother DCP-8800<br \/>\nBrother DCP-8880 DN<br \/>\nBrother DCP-8890 DW<br \/>\nBrother HL-5300<br \/>\nBrother HL-5340<br \/>\nBrother HL-5340 D<br \/>\nBrother HL-5340 DL<br \/>\nBrother HL-5340 DN Series<br \/>\nBrother HL-5340 DN 2 LT<br \/>\nBrother HL-5340 DW<br \/>\nBrother HL-5340 Dnlt<br \/>\nBrother HL-5350<br \/>\nBrother HL-5350 DN Series<br \/>\nBrother HL-5350 DN 2 LT<br \/>\nBrother HL-5350 Dnlt<br \/>\nBrother HL-5370<br \/>\nBrother HL-5370 DW<br \/>\nBrother HL-5370 DWT<br \/>\nBrother HL-5370 Series<br \/>\nBrother HL-5370 W<br \/>\nBrother HL-5380 Series<br \/>\nBrother HL-5380 D<br \/>\nBrother HL-5380 DN<br \/>\nBrother HL-5380 DN Praxis<br \/>\nBrother HL-5380 DW<br \/>\nBrother HL-5380 Dnlt<br \/>\nBrother HL-5380 Dwlt<br \/>\nBrother MFC-8370 DN<br \/>\nBrother MFC-8380 DLT Series<br \/>\nBrother MFC-8380 DN<br \/>\nBrother MFC-8880 DN Series<br \/>\nBrother MFC-8885 DN<br \/>\nBrother MFC-8890 DW<\/p>\n","protected":false},"featured_media":15965,"template":"","meta":[],"product_brand":[],"product_cat":[2310,2382,2383,2384,2385,2386,2387,2388,2389,2390,2391,2392,2314,2393,2394,2395,2396,2397,2028],"product_tag":[],"class_list":{"0":"post-15967","1":"product","2":"type-product","3":"status-publish","4":"has-post-thumbnail","6":"product_cat-brother-dcp-7045-n","7":"product_cat-brother-dcp-8070-d","8":"product_cat-brother-dcp-8080-dn","9":"product_cat-brother-dcp-8085-dn","10":"product_cat-brother-dcp-8800","11":"product_cat-brother-dcp-8880-dn","12":"product_cat-brother-dcp-8890-dw","13":"product_cat-brother-hl-5300","14":"product_cat-brother-hl-5340-dn-series","15":"product_cat-brother-hl-5350-dn-series","16":"product_cat-brother-hl-5370-series","17":"product_cat-brother-hl-5380-series","18":"product_cat-brother-mfc-7320-w-series","19":"product_cat-brother-mfc-8370-dn","20":"product_cat-brother-mfc-8380-dlt-series","21":"product_cat-brother-mfc-8880-dn-series","22":"product_cat-brother-mfc-8885-dn","23":"product_cat-brother-mfc-8890-dw","24":"product_cat-toners","26":"first","27":"instock","28":"taxable","29":"shipping-taxable","30":"purchasable","31":"product-type-simple"},"yoast_head":"<!-- This site is optimized with the Yoast SEO plugin v26.8 - https:\/\/yoast.com\/product\/yoast-seo-wordpress\/ -->\n<title>Tambor alternativo Brother DR3200 Negro 25000k - Inkpressi\u00f3 Ecol\u00f2gica<\/title>\n<meta name=\"robots\" content=\"index, follow, max-snippet:-1, max-image-preview:large, max-video-preview:-1\" \/>\n<link rel=\"canonical\" href=\"https:\/\/inkpressioecologica.com\/ca\/producto\/tambor-alternativo-brother-dr3200-negro-25000k\/\" \/>\n<meta property=\"og:locale\" content=\"ca_ES\" \/>\n<meta property=\"og:type\" content=\"article\" \/>\n<meta property=\"og:title\" content=\"Tambor alternativo Brother DR3200 Negro 25000k - Inkpressi\u00f3 Ecol\u00f2gica\" \/>\n<meta property=\"og:description\" content=\"Este Cartucho est\u00e1 garantizado contra defectos de producci\u00f3n y bajo estrictos controles de calidad ISO 9001. Proveniente de cartuchos originales europeos. Garant\u00eda Inkpressi\u00f3 Ecol\u00f2gica.    Este cartucho de tinta es compatible con las siguientes impresoras:  Brother DCP-8070 D Brother DCP-8080 DN Brother DCP-8085 DN Brother DCP-8800 Brother DCP-8880 DN Brother DCP-8890 DW Brother HL-5300 Brother HL-5340 Brother HL-5340 D Brother HL-5340 DL Brother HL-5340 DN Series Brother HL-5340 DN 2 LT Brother HL-5340 DW Brother HL-5340 Dnlt Brother HL-5350 Brother HL-5350 DN Series Brother HL-5350 DN 2 LT Brother HL-5350 Dnlt Brother HL-5370 Brother HL-5370 DW Brother HL-5370 DWT Brother HL-5370 Series Brother HL-5370 W Brother HL-5380 Series Brother HL-5380 D Brother HL-5380 DN Brother HL-5380 DN Praxis Brother HL-5380 DW Brother HL-5380 Dnlt Brother HL-5380 Dwlt Brother MFC-8370 DN Brother MFC-8380 DLT Series Brother MFC-8380 DN Brother MFC-8880 DN Series Brother MFC-8885 DN Brother MFC-8890 DW\" \/>\n<meta property=\"og:url\" content=\"https:\/\/inkpressioecologica.com\/ca\/producto\/tambor-alternativo-brother-dr3200-negro-25000k\/\" \/>\n<meta property=\"og:site_name\" content=\"Inkpressi\u00f3 Ecol\u00f2gica\" \/>\n<meta property=\"article:publisher\" content=\"https:\/\/www.facebook.com\/inkpressio\" \/>\n<meta property=\"article:modified_time\" content=\"2021-02-22T09:07:59+00:00\" \/>\n<meta property=\"og:image\" content=\"https:\/\/inkpressioecologica.com\/wp-content\/uploads\/dr3100.jpg\" \/>\n\t<meta property=\"og:image:width\" content=\"700\" \/>\n\t<meta property=\"og:image:height\" content=\"700\" \/>\n\t<meta property=\"og:image:type\" content=\"image\/jpeg\" \/>\n<meta name=\"twitter:card\" content=\"summary_large_image\" \/>\n<script type=\"application\/ld+json\" class=\"yoast-schema-graph\">{\"@context\":\"https:\/\/schema.org\",\"@graph\":[{\"@type\":\"WebPage\",\"@id\":\"https:\/\/inkpressioecologica.com\/ca\/producto\/tambor-alternativo-brother-dr3200-negro-25000k\/\",\"url\":\"https:\/\/inkpressioecologica.com\/ca\/producto\/tambor-alternativo-brother-dr3200-negro-25000k\/\",\"name\":\"Tambor alternativo Brother DR3200 Negro 25000k - Inkpressi\u00f3 Ecol\u00f2gica\",\"isPartOf\":{\"@id\":\"https:\/\/inkpressioecologica.com\/#website\"},\"primaryImageOfPage\":{\"@id\":\"https:\/\/inkpressioecologica.com\/ca\/producto\/tambor-alternativo-brother-dr3200-negro-25000k\/#primaryimage\"},\"image\":{\"@id\":\"https:\/\/inkpressioecologica.com\/ca\/producto\/tambor-alternativo-brother-dr3200-negro-25000k\/#primaryimage\"},\"thumbnailUrl\":\"https:\/\/inkpressioecologica.com\/wp-content\/uploads\/dr3100.jpg\",\"datePublished\":\"2020-10-02T08:41:29+00:00\",\"dateModified\":\"2021-02-22T09:07:59+00:00\",\"breadcrumb\":{\"@id\":\"https:\/\/inkpressioecologica.com\/ca\/producto\/tambor-alternativo-brother-dr3200-negro-25000k\/#breadcrumb\"},\"inLanguage\":\"ca\",\"potentialAction\":[{\"@type\":\"ReadAction\",\"target\":[\"https:\/\/inkpressioecologica.com\/ca\/producto\/tambor-alternativo-brother-dr3200-negro-25000k\/\"]}]},{\"@type\":\"ImageObject\",\"inLanguage\":\"ca\",\"@id\":\"https:\/\/inkpressioecologica.com\/ca\/producto\/tambor-alternativo-brother-dr3200-negro-25000k\/#primaryimage\",\"url\":\"https:\/\/inkpressioecologica.com\/wp-content\/uploads\/dr3100.jpg\",\"contentUrl\":\"https:\/\/inkpressioecologica.com\/wp-content\/uploads\/dr3100.jpg\",\"width\":700,\"height\":700},{\"@type\":\"BreadcrumbList\",\"@id\":\"https:\/\/inkpressioecologica.com\/ca\/producto\/tambor-alternativo-brother-dr3200-negro-25000k\/#breadcrumb\",\"itemListElement\":[{\"@type\":\"ListItem\",\"position\":1,\"name\":\"Inici\",\"item\":\"https:\/\/inkpressioecologica.com\/ca\/\"},{\"@type\":\"ListItem\",\"position\":2,\"name\":\"botiga online\",\"item\":\"https:\/\/inkpressioecologica.com\/tienda\/\"},{\"@type\":\"ListItem\",\"position\":3,\"name\":\"Tambor alternativo Brother DR3200 Negro 25000k\"}]},{\"@type\":\"WebSite\",\"@id\":\"https:\/\/inkpressioecologica.com\/#website\",\"url\":\"https:\/\/inkpressioecologica.com\/\",\"name\":\"Inkpressi\u00f3 Ecol\u00f2gica\",\"description\":\"Botigues d&#039;impressi\u00f3 ecol\u00f2gica - cartutxos de tinta i t\u00f2ners reciclats\",\"publisher\":{\"@id\":\"https:\/\/inkpressioecologica.com\/#organization\"},\"potentialAction\":[{\"@type\":\"SearchAction\",\"target\":{\"@type\":\"EntryPoint\",\"urlTemplate\":\"https:\/\/inkpressioecologica.com\/?s={search_term_string}\"},\"query-input\":{\"@type\":\"PropertyValueSpecification\",\"valueRequired\":true,\"valueName\":\"search_term_string\"}}],\"inLanguage\":\"ca\"},{\"@type\":\"Organization\",\"@id\":\"https:\/\/inkpressioecologica.com\/#organization\",\"name\":\"Inkpressi\u00f3 Ecol\u00f2gica\",\"url\":\"https:\/\/inkpressioecologica.com\/\",\"logo\":{\"@type\":\"ImageObject\",\"inLanguage\":\"ca\",\"@id\":\"https:\/\/inkpressioecologica.com\/#\/schema\/logo\/image\/\",\"url\":\"https:\/\/inkpressioecologica.com\/wp-content\/uploads\/logo_ink.png\",\"contentUrl\":\"https:\/\/inkpressioecologica.com\/wp-content\/uploads\/logo_ink.png\",\"width\":300,\"height\":215,\"caption\":\"Inkpressi\u00f3 Ecol\u00f2gica\"},\"image\":{\"@id\":\"https:\/\/inkpressioecologica.com\/#\/schema\/logo\/image\/\"},\"sameAs\":[\"https:\/\/www.facebook.com\/inkpressio\",\"https:\/\/www.instagram.com\/inkpressioecologica\/\"]}]}<\/script>\n<!-- \/ Yoast SEO plugin. -->","yoast_head_json":{"title":"Tambor alternativo Brother DR3200 Negro 25000k - Inkpressi\u00f3 Ecol\u00f2gica","robots":{"index":"index","follow":"follow","max-snippet":"max-snippet:-1","max-image-preview":"max-image-preview:large","max-video-preview":"max-video-preview:-1"},"canonical":"https:\/\/inkpressioecologica.com\/ca\/producto\/tambor-alternativo-brother-dr3200-negro-25000k\/","og_locale":"ca_ES","og_type":"article","og_title":"Tambor alternativo Brother DR3200 Negro 25000k - Inkpressi\u00f3 Ecol\u00f2gica","og_description":"Este Cartucho est\u00e1 garantizado contra defectos de producci\u00f3n y bajo estrictos controles de calidad ISO 9001. Proveniente de cartuchos originales europeos. Garant\u00eda Inkpressi\u00f3 Ecol\u00f2gica.    Este cartucho de tinta es compatible con las siguientes impresoras:  Brother DCP-8070 D Brother DCP-8080 DN Brother DCP-8085 DN Brother DCP-8800 Brother DCP-8880 DN Brother DCP-8890 DW Brother HL-5300 Brother HL-5340 Brother HL-5340 D Brother HL-5340 DL Brother HL-5340 DN Series Brother HL-5340 DN 2 LT Brother HL-5340 DW Brother HL-5340 Dnlt Brother HL-5350 Brother HL-5350 DN Series Brother HL-5350 DN 2 LT Brother HL-5350 Dnlt Brother HL-5370 Brother HL-5370 DW Brother HL-5370 DWT Brother HL-5370 Series Brother HL-5370 W Brother HL-5380 Series Brother HL-5380 D Brother HL-5380 DN Brother HL-5380 DN Praxis Brother HL-5380 DW Brother HL-5380 Dnlt Brother HL-5380 Dwlt Brother MFC-8370 DN Brother MFC-8380 DLT Series Brother MFC-8380 DN Brother MFC-8880 DN Series Brother MFC-8885 DN Brother MFC-8890 DW","og_url":"https:\/\/inkpressioecologica.com\/ca\/producto\/tambor-alternativo-brother-dr3200-negro-25000k\/","og_site_name":"Inkpressi\u00f3 Ecol\u00f2gica","article_publisher":"https:\/\/www.facebook.com\/inkpressio","article_modified_time":"2021-02-22T09:07:59+00:00","og_image":[{"width":700,"height":700,"url":"https:\/\/inkpressioecologica.com\/wp-content\/uploads\/dr3100.jpg","type":"image\/jpeg"}],"twitter_card":"summary_large_image","schema":{"@context":"https:\/\/schema.org","@graph":[{"@type":"WebPage","@id":"https:\/\/inkpressioecologica.com\/ca\/producto\/tambor-alternativo-brother-dr3200-negro-25000k\/","url":"https:\/\/inkpressioecologica.com\/ca\/producto\/tambor-alternativo-brother-dr3200-negro-25000k\/","name":"Tambor alternativo Brother DR3200 Negro 25000k - Inkpressi\u00f3 Ecol\u00f2gica","isPartOf":{"@id":"https:\/\/inkpressioecologica.com\/#website"},"primaryImageOfPage":{"@id":"https:\/\/inkpressioecologica.com\/ca\/producto\/tambor-alternativo-brother-dr3200-negro-25000k\/#primaryimage"},"image":{"@id":"https:\/\/inkpressioecologica.com\/ca\/producto\/tambor-alternativo-brother-dr3200-negro-25000k\/#primaryimage"},"thumbnailUrl":"https:\/\/inkpressioecologica.com\/wp-content\/uploads\/dr3100.jpg","datePublished":"2020-10-02T08:41:29+00:00","dateModified":"2021-02-22T09:07:59+00:00","breadcrumb":{"@id":"https:\/\/inkpressioecologica.com\/ca\/producto\/tambor-alternativo-brother-dr3200-negro-25000k\/#breadcrumb"},"inLanguage":"ca","potentialAction":[{"@type":"ReadAction","target":["https:\/\/inkpressioecologica.com\/ca\/producto\/tambor-alternativo-brother-dr3200-negro-25000k\/"]}]},{"@type":"ImageObject","inLanguage":"ca","@id":"https:\/\/inkpressioecologica.com\/ca\/producto\/tambor-alternativo-brother-dr3200-negro-25000k\/#primaryimage","url":"https:\/\/inkpressioecologica.com\/wp-content\/uploads\/dr3100.jpg","contentUrl":"https:\/\/inkpressioecologica.com\/wp-content\/uploads\/dr3100.jpg","width":700,"height":700},{"@type":"BreadcrumbList","@id":"https:\/\/inkpressioecologica.com\/ca\/producto\/tambor-alternativo-brother-dr3200-negro-25000k\/#breadcrumb","itemListElement":[{"@type":"ListItem","position":1,"name":"Inici","item":"https:\/\/inkpressioecologica.com\/ca\/"},{"@type":"ListItem","position":2,"name":"botiga online","item":"https:\/\/inkpressioecologica.com\/tienda\/"},{"@type":"ListItem","position":3,"name":"Tambor alternativo Brother DR3200 Negro 25000k"}]},{"@type":"WebSite","@id":"https:\/\/inkpressioecologica.com\/#website","url":"https:\/\/inkpressioecologica.com\/","name":"Inkpressi\u00f3 Ecol\u00f2gica","description":"Botigues d&#039;impressi\u00f3 ecol\u00f2gica - cartutxos de tinta i t\u00f2ners reciclats","publisher":{"@id":"https:\/\/inkpressioecologica.com\/#organization"},"potentialAction":[{"@type":"SearchAction","target":{"@type":"EntryPoint","urlTemplate":"https:\/\/inkpressioecologica.com\/?s={search_term_string}"},"query-input":{"@type":"PropertyValueSpecification","valueRequired":true,"valueName":"search_term_string"}}],"inLanguage":"ca"},{"@type":"Organization","@id":"https:\/\/inkpressioecologica.com\/#organization","name":"Inkpressi\u00f3 Ecol\u00f2gica","url":"https:\/\/inkpressioecologica.com\/","logo":{"@type":"ImageObject","inLanguage":"ca","@id":"https:\/\/inkpressioecologica.com\/#\/schema\/logo\/image\/","url":"https:\/\/inkpressioecologica.com\/wp-content\/uploads\/logo_ink.png","contentUrl":"https:\/\/inkpressioecologica.com\/wp-content\/uploads\/logo_ink.png","width":300,"height":215,"caption":"Inkpressi\u00f3 Ecol\u00f2gica"},"image":{"@id":"https:\/\/inkpressioecologica.com\/#\/schema\/logo\/image\/"},"sameAs":["https:\/\/www.facebook.com\/inkpressio","https:\/\/www.instagram.com\/inkpressioecologica\/"]}]}},"_links":{"self":[{"href":"https:\/\/inkpressioecologica.com\/ca\/wp-json\/wp\/v2\/product\/15967","targetHints":{"allow":["GET"]}}],"collection":[{"href":"https:\/\/inkpressioecologica.com\/ca\/wp-json\/wp\/v2\/product"}],"about":[{"href":"https:\/\/inkpressioecologica.com\/ca\/wp-json\/wp\/v2\/types\/product"}],"wp:featuredmedia":[{"embeddable":true,"href":"https:\/\/inkpressioecologica.com\/ca\/wp-json\/wp\/v2\/media\/15965"}],"wp:attachment":[{"href":"https:\/\/inkpressioecologica.com\/ca\/wp-json\/wp\/v2\/media?parent=15967"}],"wp:term":[{"taxonomy":"product_brand","embeddable":true,"href":"https:\/\/inkpressioecologica.com\/ca\/wp-json\/wp\/v2\/product_brand?post=15967"},{"taxonomy":"product_cat","embeddable":true,"href":"https:\/\/inkpressioecologica.com\/ca\/wp-json\/wp\/v2\/product_cat?post=15967"},{"taxonomy":"product_tag","embeddable":true,"href":"https:\/\/inkpressioecologica.com\/ca\/wp-json\/wp\/v2\/product_tag?post=15967"}],"curies":[{"name":"wp","href":"https:\/\/api.w.org\/{rel}","templated":true}]}}