{"id":15961,"date":"2020-10-02T10:05:33","date_gmt":"2020-10-02T08:05:33","guid":{"rendered":"https:\/\/inkpressioecologica.com\/?post_type=product&#038;p=15961"},"modified":"2021-02-22T11:08:00","modified_gmt":"2021-02-22T09:08:00","slug":"tambor-alternativo-brother-dr3000-negro-12000k","status":"publish","type":"product","link":"https:\/\/inkpressioecologica.com\/ca\/producto\/tambor-alternativo-brother-dr3000-negro-12000k\/","title":{"rendered":"Tambor alternativo Brother DR3000 Negro 12000k"},"content":{"rendered":"","protected":false},"excerpt":{"rendered":"<p>Este Cartucho est\u00e1 garantizado contra defectos de producci\u00f3n y bajo estrictos controles de calidad <strong>ISO 9001<\/strong>. Proveniente de cartuchos originales europeos. Garant\u00eda Inkpressi\u00f3 Ecol\u00f2gica.<\/p>\n<p><img decoding=\"async\" class=\"alignnone wp-image-11805 lazyload\" data-src=\"https:\/\/inkpressioecologica.com\/wp-content\/uploads\/iso.jpg\" alt=\"\" width=\"70\" height=\"70\" src=\"data:image\/svg+xml;base64,PHN2ZyB3aWR0aD0iMSIgaGVpZ2h0PSIxIiB4bWxucz0iaHR0cDovL3d3dy53My5vcmcvMjAwMC9zdmciPjwvc3ZnPg==\" style=\"--smush-placeholder-width: 70px; --smush-placeholder-aspect-ratio: 70\/70;\" \/><\/p>\n<p><b>Este cartucho de tinta es compatible con las siguientes impresoras:<\/b><\/p>\n<p>Brother DCP8040<br \/>\nBrother DCP8040LT Series<br \/>\nBrother DCP8045D<br \/>\nBrother DCP8045DN Series<br \/>\nBrother HL5100<br \/>\nBrother HL5130<br \/>\nBrother HL5140<br \/>\nBrother HL5140LT Series<br \/>\nBrother HL5150D<br \/>\nBrother HL5150DLT Series<br \/>\nBrother HL5170DN<br \/>\nBrother HL5170DNLT Series<br \/>\nBrother MFC8200<br \/>\nBrother MFC8220<br \/>\nBrother MFC8240<br \/>\nBrother MFC8240LT Series<br \/>\nBrother MFC8440<br \/>\nBrother MFC8440D<br \/>\nBrother MFC8440DN Series<br \/>\nBrother MFC8440LT<br \/>\nBrother MFC8440N<br \/>\nBrother MFC8640<br \/>\nBrother MFC8640D Series<br \/>\nBrother MFC8840<br \/>\nBrother MFC8840D<br \/>\nBrother MFC8840DN Series<br \/>\nBrother MFC8840LT<\/p>\n","protected":false},"featured_media":15962,"template":"","meta":[],"product_brand":[],"product_cat":[2310,2344,2345,2346,2319,2320,2321,2355,2356,2322,2323,2324,2325,2347,2348,2349,2350,2326,2327,2328,2329,2330,2331,2332,2333,2334,2335,2357,2358,2359,2360,2361,2336,2337,2338,2314,2351,2352,2354,2339,2340,2341,2342,2343,2362,2363,2364,2365,2366,2368,2028],"product_tag":[],"class_list":{"0":"post-15961","1":"product","2":"type-product","3":"status-publish","4":"has-post-thumbnail","6":"product_cat-brother-dcp-7045-n","7":"product_cat-brother-dcp-l2510d","8":"product_cat-brother-dcp-l2530dw","9":"product_cat-brother-dcp-l2550dn","10":"product_cat-brother-dcp7060d-series","11":"product_cat-brother-dcp7065dn","12":"product_cat-brother-dcp7070dw","13":"product_cat-brother-dcp8040lt-series","14":"product_cat-brother-dcp8045dn-series","15":"product_cat-brother-fax2840","16":"product_cat-brother-fax2845","17":"product_cat-brother-fax2940","18":"product_cat-brother-fax2950","19":"product_cat-brother-hl-l2310d","20":"product_cat-brother-hl-l2350dw-series","21":"product_cat-brother-hl-l2370dn","22":"product_cat-brother-hl-l2375dw","23":"product_cat-brother-hl2130r-series","24":"product_cat-brother-hl2200","25":"product_cat-brother-hl2215","26":"product_cat-brother-hl2220","27":"product_cat-brother-hl2230","28":"product_cat-brother-hl2240dr-series","29":"product_cat-brother-hl2250dnr-series","30":"product_cat-brother-hl2270dw","31":"product_cat-brother-hl2275dw","32":"product_cat-brother-hl2280dw","33":"product_cat-brother-hl5100","34":"product_cat-brother-hl5130","35":"product_cat-brother-hl5140lt-series","36":"product_cat-brother-hl5150dlt-series","37":"product_cat-brother-hl5170dnlt-series","38":"product_cat-brother-intellifax-2840","39":"product_cat-brother-intellifax-2845","40":"product_cat-brother-intellifax-2940","41":"product_cat-brother-mfc-7320-w-series","42":"product_cat-brother-mfc-l2710dw-series","43":"product_cat-brother-mfc-l2730dw","44":"product_cat-brother-mfc-l2750dw-toners","45":"product_cat-brother-mfc7360n-series","46":"product_cat-brother-mfc7362n","47":"product_cat-brother-mfc7460dn","48":"product_cat-brother-mfc7470d","49":"product_cat-brother-mfc7860dn-series","50":"product_cat-brother-mfc8200","51":"product_cat-brother-mfc8220","52":"product_cat-brother-mfc8240lt-series","53":"product_cat-brother-mfc8440dn-series","54":"product_cat-brother-mfc8640d-series","55":"product_cat-brother-mfc8840dn-series-toners","56":"product_cat-toners","58":"first","59":"instock","60":"taxable","61":"shipping-taxable","62":"purchasable","63":"product-type-simple"},"yoast_head":"<!-- This site is optimized with the Yoast SEO plugin v26.8 - https:\/\/yoast.com\/product\/yoast-seo-wordpress\/ -->\n<title>Tambor alternativo Brother DR3000 Negro 12000k - Inkpressi\u00f3 Ecol\u00f2gica<\/title>\n<meta name=\"robots\" content=\"index, follow, max-snippet:-1, max-image-preview:large, max-video-preview:-1\" \/>\n<link rel=\"canonical\" href=\"https:\/\/inkpressioecologica.com\/ca\/producto\/tambor-alternativo-brother-dr3000-negro-12000k\/\" \/>\n<meta property=\"og:locale\" content=\"ca_ES\" \/>\n<meta property=\"og:type\" content=\"article\" \/>\n<meta property=\"og:title\" content=\"Tambor alternativo Brother DR3000 Negro 12000k - Inkpressi\u00f3 Ecol\u00f2gica\" \/>\n<meta property=\"og:description\" content=\"Este Cartucho est\u00e1 garantizado contra defectos de producci\u00f3n y bajo estrictos controles de calidad ISO 9001. Proveniente de cartuchos originales europeos. Garant\u00eda Inkpressi\u00f3 Ecol\u00f2gica.  Este cartucho de tinta es compatible con las siguientes impresoras: Brother DCP8040 Brother DCP8040LT Series Brother DCP8045D Brother DCP8045DN Series Brother HL5100 Brother HL5130 Brother HL5140 Brother HL5140LT Series Brother HL5150D Brother HL5150DLT Series Brother HL5170DN Brother HL5170DNLT Series Brother MFC8200 Brother MFC8220 Brother MFC8240 Brother MFC8240LT Series Brother MFC8440 Brother MFC8440D Brother MFC8440DN Series Brother MFC8440LT Brother MFC8440N Brother MFC8640 Brother MFC8640D Series Brother MFC8840 Brother MFC8840D Brother MFC8840DN Series Brother MFC8840LT\" \/>\n<meta property=\"og:url\" content=\"https:\/\/inkpressioecologica.com\/ca\/producto\/tambor-alternativo-brother-dr3000-negro-12000k\/\" \/>\n<meta property=\"og:site_name\" content=\"Inkpressi\u00f3 Ecol\u00f2gica\" \/>\n<meta property=\"article:publisher\" content=\"https:\/\/www.facebook.com\/inkpressio\" \/>\n<meta property=\"article:modified_time\" content=\"2021-02-22T09:08:00+00:00\" \/>\n<meta property=\"og:image\" content=\"https:\/\/inkpressioecologica.com\/wp-content\/uploads\/dr3000.jpg\" \/>\n\t<meta property=\"og:image:width\" content=\"700\" \/>\n\t<meta property=\"og:image:height\" content=\"700\" \/>\n\t<meta property=\"og:image:type\" content=\"image\/jpeg\" \/>\n<meta name=\"twitter:card\" content=\"summary_large_image\" \/>\n<script type=\"application\/ld+json\" class=\"yoast-schema-graph\">{\"@context\":\"https:\/\/schema.org\",\"@graph\":[{\"@type\":\"WebPage\",\"@id\":\"https:\/\/inkpressioecologica.com\/ca\/producto\/tambor-alternativo-brother-dr3000-negro-12000k\/\",\"url\":\"https:\/\/inkpressioecologica.com\/ca\/producto\/tambor-alternativo-brother-dr3000-negro-12000k\/\",\"name\":\"Tambor alternativo Brother DR3000 Negro 12000k - Inkpressi\u00f3 Ecol\u00f2gica\",\"isPartOf\":{\"@id\":\"https:\/\/inkpressioecologica.com\/#website\"},\"primaryImageOfPage\":{\"@id\":\"https:\/\/inkpressioecologica.com\/ca\/producto\/tambor-alternativo-brother-dr3000-negro-12000k\/#primaryimage\"},\"image\":{\"@id\":\"https:\/\/inkpressioecologica.com\/ca\/producto\/tambor-alternativo-brother-dr3000-negro-12000k\/#primaryimage\"},\"thumbnailUrl\":\"https:\/\/inkpressioecologica.com\/wp-content\/uploads\/dr3000.jpg\",\"datePublished\":\"2020-10-02T08:05:33+00:00\",\"dateModified\":\"2021-02-22T09:08:00+00:00\",\"breadcrumb\":{\"@id\":\"https:\/\/inkpressioecologica.com\/ca\/producto\/tambor-alternativo-brother-dr3000-negro-12000k\/#breadcrumb\"},\"inLanguage\":\"ca\",\"potentialAction\":[{\"@type\":\"ReadAction\",\"target\":[\"https:\/\/inkpressioecologica.com\/ca\/producto\/tambor-alternativo-brother-dr3000-negro-12000k\/\"]}]},{\"@type\":\"ImageObject\",\"inLanguage\":\"ca\",\"@id\":\"https:\/\/inkpressioecologica.com\/ca\/producto\/tambor-alternativo-brother-dr3000-negro-12000k\/#primaryimage\",\"url\":\"https:\/\/inkpressioecologica.com\/wp-content\/uploads\/dr3000.jpg\",\"contentUrl\":\"https:\/\/inkpressioecologica.com\/wp-content\/uploads\/dr3000.jpg\",\"width\":700,\"height\":700},{\"@type\":\"BreadcrumbList\",\"@id\":\"https:\/\/inkpressioecologica.com\/ca\/producto\/tambor-alternativo-brother-dr3000-negro-12000k\/#breadcrumb\",\"itemListElement\":[{\"@type\":\"ListItem\",\"position\":1,\"name\":\"Inici\",\"item\":\"https:\/\/inkpressioecologica.com\/ca\/\"},{\"@type\":\"ListItem\",\"position\":2,\"name\":\"botiga online\",\"item\":\"https:\/\/inkpressioecologica.com\/tienda\/\"},{\"@type\":\"ListItem\",\"position\":3,\"name\":\"Tambor alternativo Brother DR3000 Negro 12000k\"}]},{\"@type\":\"WebSite\",\"@id\":\"https:\/\/inkpressioecologica.com\/#website\",\"url\":\"https:\/\/inkpressioecologica.com\/\",\"name\":\"Inkpressi\u00f3 Ecol\u00f2gica\",\"description\":\"Botigues d&#039;impressi\u00f3 ecol\u00f2gica - cartutxos de tinta i t\u00f2ners reciclats\",\"publisher\":{\"@id\":\"https:\/\/inkpressioecologica.com\/#organization\"},\"potentialAction\":[{\"@type\":\"SearchAction\",\"target\":{\"@type\":\"EntryPoint\",\"urlTemplate\":\"https:\/\/inkpressioecologica.com\/?s={search_term_string}\"},\"query-input\":{\"@type\":\"PropertyValueSpecification\",\"valueRequired\":true,\"valueName\":\"search_term_string\"}}],\"inLanguage\":\"ca\"},{\"@type\":\"Organization\",\"@id\":\"https:\/\/inkpressioecologica.com\/#organization\",\"name\":\"Inkpressi\u00f3 Ecol\u00f2gica\",\"url\":\"https:\/\/inkpressioecologica.com\/\",\"logo\":{\"@type\":\"ImageObject\",\"inLanguage\":\"ca\",\"@id\":\"https:\/\/inkpressioecologica.com\/#\/schema\/logo\/image\/\",\"url\":\"https:\/\/inkpressioecologica.com\/wp-content\/uploads\/logo_ink.png\",\"contentUrl\":\"https:\/\/inkpressioecologica.com\/wp-content\/uploads\/logo_ink.png\",\"width\":300,\"height\":215,\"caption\":\"Inkpressi\u00f3 Ecol\u00f2gica\"},\"image\":{\"@id\":\"https:\/\/inkpressioecologica.com\/#\/schema\/logo\/image\/\"},\"sameAs\":[\"https:\/\/www.facebook.com\/inkpressio\",\"https:\/\/www.instagram.com\/inkpressioecologica\/\"]}]}<\/script>\n<!-- \/ Yoast SEO plugin. -->","yoast_head_json":{"title":"Tambor alternativo Brother DR3000 Negro 12000k - Inkpressi\u00f3 Ecol\u00f2gica","robots":{"index":"index","follow":"follow","max-snippet":"max-snippet:-1","max-image-preview":"max-image-preview:large","max-video-preview":"max-video-preview:-1"},"canonical":"https:\/\/inkpressioecologica.com\/ca\/producto\/tambor-alternativo-brother-dr3000-negro-12000k\/","og_locale":"ca_ES","og_type":"article","og_title":"Tambor alternativo Brother DR3000 Negro 12000k - Inkpressi\u00f3 Ecol\u00f2gica","og_description":"Este Cartucho est\u00e1 garantizado contra defectos de producci\u00f3n y bajo estrictos controles de calidad ISO 9001. Proveniente de cartuchos originales europeos. Garant\u00eda Inkpressi\u00f3 Ecol\u00f2gica.  Este cartucho de tinta es compatible con las siguientes impresoras: Brother DCP8040 Brother DCP8040LT Series Brother DCP8045D Brother DCP8045DN Series Brother HL5100 Brother HL5130 Brother HL5140 Brother HL5140LT Series Brother HL5150D Brother HL5150DLT Series Brother HL5170DN Brother HL5170DNLT Series Brother MFC8200 Brother MFC8220 Brother MFC8240 Brother MFC8240LT Series Brother MFC8440 Brother MFC8440D Brother MFC8440DN Series Brother MFC8440LT Brother MFC8440N Brother MFC8640 Brother MFC8640D Series Brother MFC8840 Brother MFC8840D Brother MFC8840DN Series Brother MFC8840LT","og_url":"https:\/\/inkpressioecologica.com\/ca\/producto\/tambor-alternativo-brother-dr3000-negro-12000k\/","og_site_name":"Inkpressi\u00f3 Ecol\u00f2gica","article_publisher":"https:\/\/www.facebook.com\/inkpressio","article_modified_time":"2021-02-22T09:08:00+00:00","og_image":[{"width":700,"height":700,"url":"https:\/\/inkpressioecologica.com\/wp-content\/uploads\/dr3000.jpg","type":"image\/jpeg"}],"twitter_card":"summary_large_image","schema":{"@context":"https:\/\/schema.org","@graph":[{"@type":"WebPage","@id":"https:\/\/inkpressioecologica.com\/ca\/producto\/tambor-alternativo-brother-dr3000-negro-12000k\/","url":"https:\/\/inkpressioecologica.com\/ca\/producto\/tambor-alternativo-brother-dr3000-negro-12000k\/","name":"Tambor alternativo Brother DR3000 Negro 12000k - Inkpressi\u00f3 Ecol\u00f2gica","isPartOf":{"@id":"https:\/\/inkpressioecologica.com\/#website"},"primaryImageOfPage":{"@id":"https:\/\/inkpressioecologica.com\/ca\/producto\/tambor-alternativo-brother-dr3000-negro-12000k\/#primaryimage"},"image":{"@id":"https:\/\/inkpressioecologica.com\/ca\/producto\/tambor-alternativo-brother-dr3000-negro-12000k\/#primaryimage"},"thumbnailUrl":"https:\/\/inkpressioecologica.com\/wp-content\/uploads\/dr3000.jpg","datePublished":"2020-10-02T08:05:33+00:00","dateModified":"2021-02-22T09:08:00+00:00","breadcrumb":{"@id":"https:\/\/inkpressioecologica.com\/ca\/producto\/tambor-alternativo-brother-dr3000-negro-12000k\/#breadcrumb"},"inLanguage":"ca","potentialAction":[{"@type":"ReadAction","target":["https:\/\/inkpressioecologica.com\/ca\/producto\/tambor-alternativo-brother-dr3000-negro-12000k\/"]}]},{"@type":"ImageObject","inLanguage":"ca","@id":"https:\/\/inkpressioecologica.com\/ca\/producto\/tambor-alternativo-brother-dr3000-negro-12000k\/#primaryimage","url":"https:\/\/inkpressioecologica.com\/wp-content\/uploads\/dr3000.jpg","contentUrl":"https:\/\/inkpressioecologica.com\/wp-content\/uploads\/dr3000.jpg","width":700,"height":700},{"@type":"BreadcrumbList","@id":"https:\/\/inkpressioecologica.com\/ca\/producto\/tambor-alternativo-brother-dr3000-negro-12000k\/#breadcrumb","itemListElement":[{"@type":"ListItem","position":1,"name":"Inici","item":"https:\/\/inkpressioecologica.com\/ca\/"},{"@type":"ListItem","position":2,"name":"botiga online","item":"https:\/\/inkpressioecologica.com\/tienda\/"},{"@type":"ListItem","position":3,"name":"Tambor alternativo Brother DR3000 Negro 12000k"}]},{"@type":"WebSite","@id":"https:\/\/inkpressioecologica.com\/#website","url":"https:\/\/inkpressioecologica.com\/","name":"Inkpressi\u00f3 Ecol\u00f2gica","description":"Botigues d&#039;impressi\u00f3 ecol\u00f2gica - cartutxos de tinta i t\u00f2ners reciclats","publisher":{"@id":"https:\/\/inkpressioecologica.com\/#organization"},"potentialAction":[{"@type":"SearchAction","target":{"@type":"EntryPoint","urlTemplate":"https:\/\/inkpressioecologica.com\/?s={search_term_string}"},"query-input":{"@type":"PropertyValueSpecification","valueRequired":true,"valueName":"search_term_string"}}],"inLanguage":"ca"},{"@type":"Organization","@id":"https:\/\/inkpressioecologica.com\/#organization","name":"Inkpressi\u00f3 Ecol\u00f2gica","url":"https:\/\/inkpressioecologica.com\/","logo":{"@type":"ImageObject","inLanguage":"ca","@id":"https:\/\/inkpressioecologica.com\/#\/schema\/logo\/image\/","url":"https:\/\/inkpressioecologica.com\/wp-content\/uploads\/logo_ink.png","contentUrl":"https:\/\/inkpressioecologica.com\/wp-content\/uploads\/logo_ink.png","width":300,"height":215,"caption":"Inkpressi\u00f3 Ecol\u00f2gica"},"image":{"@id":"https:\/\/inkpressioecologica.com\/#\/schema\/logo\/image\/"},"sameAs":["https:\/\/www.facebook.com\/inkpressio","https:\/\/www.instagram.com\/inkpressioecologica\/"]}]}},"_links":{"self":[{"href":"https:\/\/inkpressioecologica.com\/ca\/wp-json\/wp\/v2\/product\/15961","targetHints":{"allow":["GET"]}}],"collection":[{"href":"https:\/\/inkpressioecologica.com\/ca\/wp-json\/wp\/v2\/product"}],"about":[{"href":"https:\/\/inkpressioecologica.com\/ca\/wp-json\/wp\/v2\/types\/product"}],"wp:featuredmedia":[{"embeddable":true,"href":"https:\/\/inkpressioecologica.com\/ca\/wp-json\/wp\/v2\/media\/15962"}],"wp:attachment":[{"href":"https:\/\/inkpressioecologica.com\/ca\/wp-json\/wp\/v2\/media?parent=15961"}],"wp:term":[{"taxonomy":"product_brand","embeddable":true,"href":"https:\/\/inkpressioecologica.com\/ca\/wp-json\/wp\/v2\/product_brand?post=15961"},{"taxonomy":"product_cat","embeddable":true,"href":"https:\/\/inkpressioecologica.com\/ca\/wp-json\/wp\/v2\/product_cat?post=15961"},{"taxonomy":"product_tag","embeddable":true,"href":"https:\/\/inkpressioecologica.com\/ca\/wp-json\/wp\/v2\/product_tag?post=15961"}],"curies":[{"name":"wp","href":"https:\/\/api.w.org\/{rel}","templated":true}]}}