{"id":15955,"date":"2020-09-30T12:29:19","date_gmt":"2020-09-30T10:29:19","guid":{"rendered":"https:\/\/inkpressioecologica.com\/?post_type=product&#038;p=15955"},"modified":"2021-02-22T11:08:02","modified_gmt":"2021-02-22T09:08:02","slug":"tambor-alternativo-brother-dr2200-negro-12000k","status":"publish","type":"product","link":"https:\/\/inkpressioecologica.com\/ca\/producto\/tambor-alternativo-brother-dr2200-negro-12000k\/","title":{"rendered":"Tambor alternativo Brother DR2200 Negro 12000k"},"content":{"rendered":"","protected":false},"excerpt":{"rendered":"<p>Este Cartucho est\u00e1 garantizado contra defectos de producci\u00f3n y bajo estrictos controles de calidad <strong>ISO 9001<\/strong>. Proveniente de cartuchos originales europeos. Garant\u00eda Inkpressi\u00f3 Ecol\u00f2gica.<\/p>\n<p><img decoding=\"async\" class=\"alignnone wp-image-11805 lazyload\" data-src=\"https:\/\/inkpressioecologica.com\/wp-content\/uploads\/iso.jpg\" alt=\"\" width=\"70\" height=\"70\" src=\"data:image\/svg+xml;base64,PHN2ZyB3aWR0aD0iMSIgaGVpZ2h0PSIxIiB4bWxucz0iaHR0cDovL3d3dy53My5vcmcvMjAwMC9zdmciPjwvc3ZnPg==\" style=\"--smush-placeholder-width: 70px; --smush-placeholder-aspect-ratio: 70\/70;\" \/><\/p>\n<p><b>Este cartucho de tinta es compatible con las siguientes impresoras:<\/b><\/p>\n<p>Brother DCP7060<br \/>\nBrother DCP7060D Series<br \/>\nBrother DCP7060N<br \/>\nBrother DCP7065DN<br \/>\nBrother DCP7070DW<br \/>\nBrother FAX2840<br \/>\nBrother FAX2845<br \/>\nBrother FAX2940<br \/>\nBrother FAX2950<br \/>\nBrother HL2130<br \/>\nBrother HL2130R Series<br \/>\nBrother HL2200<br \/>\nBrother HL2215<br \/>\nBrother HL2220<br \/>\nBrother HL2230<br \/>\nBrother HL2240<br \/>\nBrother HL2240D<br \/>\nBrother HL2240DR Series<br \/>\nBrother HL2240L<br \/>\nBrother HL2250DN<br \/>\nBrother HL2250DNR Series<br \/>\nBrother HL2270DW<br \/>\nBrother HL2275DW<br \/>\nBrother HL2280DW<br \/>\nBrother IntelliFax 2840<br \/>\nBrother IntelliFax 2845<br \/>\nBrother IntelliFax 2940<br \/>\nBrother MFC7360<br \/>\nBrother MFC7360N Series<br \/>\nBrother MFC7360NE<br \/>\nBrother MFC7362N<br \/>\nBrother MFC7460DN<br \/>\nBrother MFC7470D<br \/>\nBrother MFC7860D<br \/>\nBrother MFC7860DN Series<br \/>\nBrother MFC7860DW<\/p>\n","protected":false},"featured_media":15956,"template":"","meta":[],"product_brand":[],"product_cat":[2310,2319,2320,2321,2322,2323,2324,2325,2326,2327,2328,2329,2330,2331,2332,2333,2334,2335,2336,2337,2338,2314,2339,2340,2341,2342,2343,2028],"product_tag":[],"class_list":{"0":"post-15955","1":"product","2":"type-product","3":"status-publish","4":"has-post-thumbnail","6":"product_cat-brother-dcp-7045-n","7":"product_cat-brother-dcp7060d-series","8":"product_cat-brother-dcp7065dn","9":"product_cat-brother-dcp7070dw","10":"product_cat-brother-fax2840","11":"product_cat-brother-fax2845","12":"product_cat-brother-fax2940","13":"product_cat-brother-fax2950","14":"product_cat-brother-hl2130r-series","15":"product_cat-brother-hl2200","16":"product_cat-brother-hl2215","17":"product_cat-brother-hl2220","18":"product_cat-brother-hl2230","19":"product_cat-brother-hl2240dr-series","20":"product_cat-brother-hl2250dnr-series","21":"product_cat-brother-hl2270dw","22":"product_cat-brother-hl2275dw","23":"product_cat-brother-hl2280dw","24":"product_cat-brother-intellifax-2840","25":"product_cat-brother-intellifax-2845","26":"product_cat-brother-intellifax-2940","27":"product_cat-brother-mfc-7320-w-series","28":"product_cat-brother-mfc7360n-series","29":"product_cat-brother-mfc7362n","30":"product_cat-brother-mfc7460dn","31":"product_cat-brother-mfc7470d","32":"product_cat-brother-mfc7860dn-series","33":"product_cat-toners","35":"first","36":"instock","37":"taxable","38":"shipping-taxable","39":"purchasable","40":"product-type-simple"},"yoast_head":"<!-- This site is optimized with the Yoast SEO plugin v26.8 - https:\/\/yoast.com\/product\/yoast-seo-wordpress\/ -->\n<title>Tambor alternativo Brother DR2200 Negro 12000k - Inkpressi\u00f3 Ecol\u00f2gica<\/title>\n<meta name=\"robots\" content=\"index, follow, max-snippet:-1, max-image-preview:large, max-video-preview:-1\" \/>\n<link rel=\"canonical\" href=\"https:\/\/inkpressioecologica.com\/ca\/producto\/tambor-alternativo-brother-dr2200-negro-12000k\/\" \/>\n<meta property=\"og:locale\" content=\"ca_ES\" \/>\n<meta property=\"og:type\" content=\"article\" \/>\n<meta property=\"og:title\" content=\"Tambor alternativo Brother DR2200 Negro 12000k - Inkpressi\u00f3 Ecol\u00f2gica\" \/>\n<meta property=\"og:description\" content=\"Este Cartucho est\u00e1 garantizado contra defectos de producci\u00f3n y bajo estrictos controles de calidad ISO 9001. Proveniente de cartuchos originales europeos. Garant\u00eda Inkpressi\u00f3 Ecol\u00f2gica.    Este cartucho de tinta es compatible con las siguientes impresoras:  Brother DCP7060 Brother DCP7060D Series Brother DCP7060N Brother DCP7065DN Brother DCP7070DW Brother FAX2840 Brother FAX2845 Brother FAX2940 Brother FAX2950 Brother HL2130 Brother HL2130R Series Brother HL2200 Brother HL2215 Brother HL2220 Brother HL2230 Brother HL2240 Brother HL2240D Brother HL2240DR Series Brother HL2240L Brother HL2250DN Brother HL2250DNR Series Brother HL2270DW Brother HL2275DW Brother HL2280DW Brother IntelliFax 2840 Brother IntelliFax 2845 Brother IntelliFax 2940 Brother MFC7360 Brother MFC7360N Series Brother MFC7360NE Brother MFC7362N Brother MFC7460DN Brother MFC7470D Brother MFC7860D Brother MFC7860DN Series Brother MFC7860DW\" \/>\n<meta property=\"og:url\" content=\"https:\/\/inkpressioecologica.com\/ca\/producto\/tambor-alternativo-brother-dr2200-negro-12000k\/\" \/>\n<meta property=\"og:site_name\" content=\"Inkpressi\u00f3 Ecol\u00f2gica\" \/>\n<meta property=\"article:publisher\" content=\"https:\/\/www.facebook.com\/inkpressio\" \/>\n<meta property=\"article:modified_time\" content=\"2021-02-22T09:08:02+00:00\" \/>\n<meta property=\"og:image\" content=\"https:\/\/inkpressioecologica.com\/wp-content\/uploads\/DR2200.jpg\" \/>\n\t<meta property=\"og:image:width\" content=\"700\" \/>\n\t<meta property=\"og:image:height\" content=\"700\" \/>\n\t<meta property=\"og:image:type\" content=\"image\/jpeg\" \/>\n<meta name=\"twitter:card\" content=\"summary_large_image\" \/>\n<script type=\"application\/ld+json\" class=\"yoast-schema-graph\">{\"@context\":\"https:\/\/schema.org\",\"@graph\":[{\"@type\":\"WebPage\",\"@id\":\"https:\/\/inkpressioecologica.com\/ca\/producto\/tambor-alternativo-brother-dr2200-negro-12000k\/\",\"url\":\"https:\/\/inkpressioecologica.com\/ca\/producto\/tambor-alternativo-brother-dr2200-negro-12000k\/\",\"name\":\"Tambor alternativo Brother DR2200 Negro 12000k - Inkpressi\u00f3 Ecol\u00f2gica\",\"isPartOf\":{\"@id\":\"https:\/\/inkpressioecologica.com\/#website\"},\"primaryImageOfPage\":{\"@id\":\"https:\/\/inkpressioecologica.com\/ca\/producto\/tambor-alternativo-brother-dr2200-negro-12000k\/#primaryimage\"},\"image\":{\"@id\":\"https:\/\/inkpressioecologica.com\/ca\/producto\/tambor-alternativo-brother-dr2200-negro-12000k\/#primaryimage\"},\"thumbnailUrl\":\"https:\/\/inkpressioecologica.com\/wp-content\/uploads\/DR2200.jpg\",\"datePublished\":\"2020-09-30T10:29:19+00:00\",\"dateModified\":\"2021-02-22T09:08:02+00:00\",\"breadcrumb\":{\"@id\":\"https:\/\/inkpressioecologica.com\/ca\/producto\/tambor-alternativo-brother-dr2200-negro-12000k\/#breadcrumb\"},\"inLanguage\":\"ca\",\"potentialAction\":[{\"@type\":\"ReadAction\",\"target\":[\"https:\/\/inkpressioecologica.com\/ca\/producto\/tambor-alternativo-brother-dr2200-negro-12000k\/\"]}]},{\"@type\":\"ImageObject\",\"inLanguage\":\"ca\",\"@id\":\"https:\/\/inkpressioecologica.com\/ca\/producto\/tambor-alternativo-brother-dr2200-negro-12000k\/#primaryimage\",\"url\":\"https:\/\/inkpressioecologica.com\/wp-content\/uploads\/DR2200.jpg\",\"contentUrl\":\"https:\/\/inkpressioecologica.com\/wp-content\/uploads\/DR2200.jpg\",\"width\":700,\"height\":700},{\"@type\":\"BreadcrumbList\",\"@id\":\"https:\/\/inkpressioecologica.com\/ca\/producto\/tambor-alternativo-brother-dr2200-negro-12000k\/#breadcrumb\",\"itemListElement\":[{\"@type\":\"ListItem\",\"position\":1,\"name\":\"Inici\",\"item\":\"https:\/\/inkpressioecologica.com\/ca\/\"},{\"@type\":\"ListItem\",\"position\":2,\"name\":\"botiga online\",\"item\":\"https:\/\/inkpressioecologica.com\/tienda\/\"},{\"@type\":\"ListItem\",\"position\":3,\"name\":\"Tambor alternativo Brother DR2200 Negro 12000k\"}]},{\"@type\":\"WebSite\",\"@id\":\"https:\/\/inkpressioecologica.com\/#website\",\"url\":\"https:\/\/inkpressioecologica.com\/\",\"name\":\"Inkpressi\u00f3 Ecol\u00f2gica\",\"description\":\"Botigues d&#039;impressi\u00f3 ecol\u00f2gica - cartutxos de tinta i t\u00f2ners reciclats\",\"publisher\":{\"@id\":\"https:\/\/inkpressioecologica.com\/#organization\"},\"potentialAction\":[{\"@type\":\"SearchAction\",\"target\":{\"@type\":\"EntryPoint\",\"urlTemplate\":\"https:\/\/inkpressioecologica.com\/?s={search_term_string}\"},\"query-input\":{\"@type\":\"PropertyValueSpecification\",\"valueRequired\":true,\"valueName\":\"search_term_string\"}}],\"inLanguage\":\"ca\"},{\"@type\":\"Organization\",\"@id\":\"https:\/\/inkpressioecologica.com\/#organization\",\"name\":\"Inkpressi\u00f3 Ecol\u00f2gica\",\"url\":\"https:\/\/inkpressioecologica.com\/\",\"logo\":{\"@type\":\"ImageObject\",\"inLanguage\":\"ca\",\"@id\":\"https:\/\/inkpressioecologica.com\/#\/schema\/logo\/image\/\",\"url\":\"https:\/\/inkpressioecologica.com\/wp-content\/uploads\/logo_ink.png\",\"contentUrl\":\"https:\/\/inkpressioecologica.com\/wp-content\/uploads\/logo_ink.png\",\"width\":300,\"height\":215,\"caption\":\"Inkpressi\u00f3 Ecol\u00f2gica\"},\"image\":{\"@id\":\"https:\/\/inkpressioecologica.com\/#\/schema\/logo\/image\/\"},\"sameAs\":[\"https:\/\/www.facebook.com\/inkpressio\",\"https:\/\/www.instagram.com\/inkpressioecologica\/\"]}]}<\/script>\n<!-- \/ Yoast SEO plugin. -->","yoast_head_json":{"title":"Tambor alternativo Brother DR2200 Negro 12000k - Inkpressi\u00f3 Ecol\u00f2gica","robots":{"index":"index","follow":"follow","max-snippet":"max-snippet:-1","max-image-preview":"max-image-preview:large","max-video-preview":"max-video-preview:-1"},"canonical":"https:\/\/inkpressioecologica.com\/ca\/producto\/tambor-alternativo-brother-dr2200-negro-12000k\/","og_locale":"ca_ES","og_type":"article","og_title":"Tambor alternativo Brother DR2200 Negro 12000k - Inkpressi\u00f3 Ecol\u00f2gica","og_description":"Este Cartucho est\u00e1 garantizado contra defectos de producci\u00f3n y bajo estrictos controles de calidad ISO 9001. Proveniente de cartuchos originales europeos. Garant\u00eda Inkpressi\u00f3 Ecol\u00f2gica.    Este cartucho de tinta es compatible con las siguientes impresoras:  Brother DCP7060 Brother DCP7060D Series Brother DCP7060N Brother DCP7065DN Brother DCP7070DW Brother FAX2840 Brother FAX2845 Brother FAX2940 Brother FAX2950 Brother HL2130 Brother HL2130R Series Brother HL2200 Brother HL2215 Brother HL2220 Brother HL2230 Brother HL2240 Brother HL2240D Brother HL2240DR Series Brother HL2240L Brother HL2250DN Brother HL2250DNR Series Brother HL2270DW Brother HL2275DW Brother HL2280DW Brother IntelliFax 2840 Brother IntelliFax 2845 Brother IntelliFax 2940 Brother MFC7360 Brother MFC7360N Series Brother MFC7360NE Brother MFC7362N Brother MFC7460DN Brother MFC7470D Brother MFC7860D Brother MFC7860DN Series Brother MFC7860DW","og_url":"https:\/\/inkpressioecologica.com\/ca\/producto\/tambor-alternativo-brother-dr2200-negro-12000k\/","og_site_name":"Inkpressi\u00f3 Ecol\u00f2gica","article_publisher":"https:\/\/www.facebook.com\/inkpressio","article_modified_time":"2021-02-22T09:08:02+00:00","og_image":[{"width":700,"height":700,"url":"https:\/\/inkpressioecologica.com\/wp-content\/uploads\/DR2200.jpg","type":"image\/jpeg"}],"twitter_card":"summary_large_image","schema":{"@context":"https:\/\/schema.org","@graph":[{"@type":"WebPage","@id":"https:\/\/inkpressioecologica.com\/ca\/producto\/tambor-alternativo-brother-dr2200-negro-12000k\/","url":"https:\/\/inkpressioecologica.com\/ca\/producto\/tambor-alternativo-brother-dr2200-negro-12000k\/","name":"Tambor alternativo Brother DR2200 Negro 12000k - Inkpressi\u00f3 Ecol\u00f2gica","isPartOf":{"@id":"https:\/\/inkpressioecologica.com\/#website"},"primaryImageOfPage":{"@id":"https:\/\/inkpressioecologica.com\/ca\/producto\/tambor-alternativo-brother-dr2200-negro-12000k\/#primaryimage"},"image":{"@id":"https:\/\/inkpressioecologica.com\/ca\/producto\/tambor-alternativo-brother-dr2200-negro-12000k\/#primaryimage"},"thumbnailUrl":"https:\/\/inkpressioecologica.com\/wp-content\/uploads\/DR2200.jpg","datePublished":"2020-09-30T10:29:19+00:00","dateModified":"2021-02-22T09:08:02+00:00","breadcrumb":{"@id":"https:\/\/inkpressioecologica.com\/ca\/producto\/tambor-alternativo-brother-dr2200-negro-12000k\/#breadcrumb"},"inLanguage":"ca","potentialAction":[{"@type":"ReadAction","target":["https:\/\/inkpressioecologica.com\/ca\/producto\/tambor-alternativo-brother-dr2200-negro-12000k\/"]}]},{"@type":"ImageObject","inLanguage":"ca","@id":"https:\/\/inkpressioecologica.com\/ca\/producto\/tambor-alternativo-brother-dr2200-negro-12000k\/#primaryimage","url":"https:\/\/inkpressioecologica.com\/wp-content\/uploads\/DR2200.jpg","contentUrl":"https:\/\/inkpressioecologica.com\/wp-content\/uploads\/DR2200.jpg","width":700,"height":700},{"@type":"BreadcrumbList","@id":"https:\/\/inkpressioecologica.com\/ca\/producto\/tambor-alternativo-brother-dr2200-negro-12000k\/#breadcrumb","itemListElement":[{"@type":"ListItem","position":1,"name":"Inici","item":"https:\/\/inkpressioecologica.com\/ca\/"},{"@type":"ListItem","position":2,"name":"botiga online","item":"https:\/\/inkpressioecologica.com\/tienda\/"},{"@type":"ListItem","position":3,"name":"Tambor alternativo Brother DR2200 Negro 12000k"}]},{"@type":"WebSite","@id":"https:\/\/inkpressioecologica.com\/#website","url":"https:\/\/inkpressioecologica.com\/","name":"Inkpressi\u00f3 Ecol\u00f2gica","description":"Botigues d&#039;impressi\u00f3 ecol\u00f2gica - cartutxos de tinta i t\u00f2ners reciclats","publisher":{"@id":"https:\/\/inkpressioecologica.com\/#organization"},"potentialAction":[{"@type":"SearchAction","target":{"@type":"EntryPoint","urlTemplate":"https:\/\/inkpressioecologica.com\/?s={search_term_string}"},"query-input":{"@type":"PropertyValueSpecification","valueRequired":true,"valueName":"search_term_string"}}],"inLanguage":"ca"},{"@type":"Organization","@id":"https:\/\/inkpressioecologica.com\/#organization","name":"Inkpressi\u00f3 Ecol\u00f2gica","url":"https:\/\/inkpressioecologica.com\/","logo":{"@type":"ImageObject","inLanguage":"ca","@id":"https:\/\/inkpressioecologica.com\/#\/schema\/logo\/image\/","url":"https:\/\/inkpressioecologica.com\/wp-content\/uploads\/logo_ink.png","contentUrl":"https:\/\/inkpressioecologica.com\/wp-content\/uploads\/logo_ink.png","width":300,"height":215,"caption":"Inkpressi\u00f3 Ecol\u00f2gica"},"image":{"@id":"https:\/\/inkpressioecologica.com\/#\/schema\/logo\/image\/"},"sameAs":["https:\/\/www.facebook.com\/inkpressio","https:\/\/www.instagram.com\/inkpressioecologica\/"]}]}},"_links":{"self":[{"href":"https:\/\/inkpressioecologica.com\/ca\/wp-json\/wp\/v2\/product\/15955","targetHints":{"allow":["GET"]}}],"collection":[{"href":"https:\/\/inkpressioecologica.com\/ca\/wp-json\/wp\/v2\/product"}],"about":[{"href":"https:\/\/inkpressioecologica.com\/ca\/wp-json\/wp\/v2\/types\/product"}],"wp:featuredmedia":[{"embeddable":true,"href":"https:\/\/inkpressioecologica.com\/ca\/wp-json\/wp\/v2\/media\/15956"}],"wp:attachment":[{"href":"https:\/\/inkpressioecologica.com\/ca\/wp-json\/wp\/v2\/media?parent=15955"}],"wp:term":[{"taxonomy":"product_brand","embeddable":true,"href":"https:\/\/inkpressioecologica.com\/ca\/wp-json\/wp\/v2\/product_brand?post=15955"},{"taxonomy":"product_cat","embeddable":true,"href":"https:\/\/inkpressioecologica.com\/ca\/wp-json\/wp\/v2\/product_cat?post=15955"},{"taxonomy":"product_tag","embeddable":true,"href":"https:\/\/inkpressioecologica.com\/ca\/wp-json\/wp\/v2\/product_tag?post=15955"}],"curies":[{"name":"wp","href":"https:\/\/api.w.org\/{rel}","templated":true}]}}