{"id":15425,"date":"2020-07-21T10:45:48","date_gmt":"2020-07-21T08:45:48","guid":{"rendered":"https:\/\/inkpressioecologica.com\/?post_type=product&#038;p=15425"},"modified":"2021-02-22T11:08:41","modified_gmt":"2021-02-22T09:08:41","slug":"toner-alternativo-hp-ce390a-negro","status":"publish","type":"product","link":"https:\/\/inkpressioecologica.com\/ca\/producto\/toner-alternativo-hp-ce390a-negro\/","title":{"rendered":"T\u00f3ner alternativo HP CE390A Negro 10000K"},"content":{"rendered":"","protected":false},"excerpt":{"rendered":"<p>Este Cartucho est\u00e1 garantizado contra defectos de producci\u00f3n y bajo estrictos controles de calidad <strong>ISO 9001<\/strong>. Proveniente de cartuchos originales europeos. Garant\u00eda Inkpressi\u00f3 Ecol\u00f2gica.<\/p>\n<p><img decoding=\"async\" class=\"alignnone wp-image-11805 lazyload\" data-src=\"https:\/\/inkpressioecologica.com\/wp-content\/uploads\/iso.jpg\" alt=\"\" width=\"70\" height=\"70\" src=\"data:image\/svg+xml;base64,PHN2ZyB3aWR0aD0iMSIgaGVpZ2h0PSIxIiB4bWxucz0iaHR0cDovL3d3dy53My5vcmcvMjAwMC9zdmciPjwvc3ZnPg==\" style=\"--smush-placeholder-width: 70px; --smush-placeholder-aspect-ratio: 70\/70;\" \/><\/p>\n<p><b>Este cartucho de tinta es compatible con las siguientes impresoras:<\/b><\/p>\n<p>HP Laserjet Enterprise 600 M601DN Series<br \/>\nHP Laserjet Enterprise 600 M601M<br \/>\nHP Laserjet Enterprise 600 M601N<br \/>\nHP Laserjet Enterprise 600 M602DN Series<br \/>\nHP Laserjet Enterprise 600 M602N<br \/>\nHP Laserjet Enterprise 600 M602X<br \/>\nHP Laserjet Enterprise 600 M603DN Series<br \/>\nHP Laserjet Enterprise 600 M603N<br \/>\nHP Laserjet Enterprise 600 M603XH<br \/>\nHP LaserJet Enterprise M4500 Series<br \/>\nHP Laserjet Enterprise M4555F MFP Series<br \/>\nHP Laserjet Enterprise M4555Fskm MFP<br \/>\nHP Laserjet Enterprise M4555H MFP<br \/>\nHP Laserjet Enterprise M4555MFP<br \/>\nHP Laserjet M4500 Series<br \/>\nHP Laserjet M4555FMFP Series<br \/>\nHP Laserjet M4555FSKMMFP<br \/>\nHP Laserjet M4555HMFP<br \/>\nHP Laserjet M4555MFP<\/p>\n","protected":false},"featured_media":0,"template":"","meta":[],"product_brand":[],"product_cat":[2207,2208,2209,2210,2211,2212,2213,2205,2028],"product_tag":[],"class_list":{"0":"post-15425","1":"product","2":"type-product","3":"status-publish","5":"product_cat-hp-laserjet-enterprise-600-m601dn-series","6":"product_cat-hp-laserjet-enterprise-600-m602dn-series","7":"product_cat-hp-laserjet-enterprise-600-m603dn-series","8":"product_cat-hp-laserjet-enterprise-m4500-series","9":"product_cat-hp-laserjet-enterprise-m4555f-mfp-series","10":"product_cat-hp-laserjet-m4500-series","11":"product_cat-hp-laserjet-m4555fmfp-series","12":"product_cat-hp-laserjet-pro-cp1522n-2","13":"product_cat-toners","15":"first","16":"instock","17":"taxable","18":"shipping-taxable","19":"purchasable","20":"product-type-simple"},"yoast_head":"<!-- This site is optimized with the Yoast SEO plugin v26.8 - https:\/\/yoast.com\/product\/yoast-seo-wordpress\/ -->\n<title>T\u00f3ner alternativo HP CE390A Negro 10000K - Inkpressi\u00f3 Ecol\u00f2gica<\/title>\n<meta name=\"robots\" content=\"index, follow, max-snippet:-1, max-image-preview:large, max-video-preview:-1\" \/>\n<link rel=\"canonical\" href=\"https:\/\/inkpressioecologica.com\/ca\/producto\/toner-alternativo-hp-ce390a-negro\/\" \/>\n<meta property=\"og:locale\" content=\"ca_ES\" \/>\n<meta property=\"og:type\" content=\"article\" \/>\n<meta property=\"og:title\" content=\"T\u00f3ner alternativo HP CE390A Negro 10000K - Inkpressi\u00f3 Ecol\u00f2gica\" \/>\n<meta property=\"og:description\" content=\"Este Cartucho est\u00e1 garantizado contra defectos de producci\u00f3n y bajo estrictos controles de calidad ISO 9001. Proveniente de cartuchos originales europeos. Garant\u00eda Inkpressi\u00f3 Ecol\u00f2gica.    Este cartucho de tinta es compatible con las siguientes impresoras:  HP Laserjet Enterprise 600 M601DN Series HP Laserjet Enterprise 600 M601M HP Laserjet Enterprise 600 M601N HP Laserjet Enterprise 600 M602DN Series HP Laserjet Enterprise 600 M602N HP Laserjet Enterprise 600 M602X HP Laserjet Enterprise 600 M603DN Series HP Laserjet Enterprise 600 M603N HP Laserjet Enterprise 600 M603XH HP LaserJet Enterprise M4500 Series HP Laserjet Enterprise M4555F MFP Series HP Laserjet Enterprise M4555Fskm MFP HP Laserjet Enterprise M4555H MFP HP Laserjet Enterprise M4555MFP HP Laserjet M4500 Series HP Laserjet M4555FMFP Series HP Laserjet M4555FSKMMFP HP Laserjet M4555HMFP HP Laserjet M4555MFP\" \/>\n<meta property=\"og:url\" content=\"https:\/\/inkpressioecologica.com\/ca\/producto\/toner-alternativo-hp-ce390a-negro\/\" \/>\n<meta property=\"og:site_name\" content=\"Inkpressi\u00f3 Ecol\u00f2gica\" \/>\n<meta property=\"article:publisher\" content=\"https:\/\/www.facebook.com\/inkpressio\" \/>\n<meta property=\"article:modified_time\" content=\"2021-02-22T09:08:41+00:00\" \/>\n<meta name=\"twitter:card\" content=\"summary_large_image\" \/>\n<script type=\"application\/ld+json\" class=\"yoast-schema-graph\">{\"@context\":\"https:\/\/schema.org\",\"@graph\":[{\"@type\":\"WebPage\",\"@id\":\"https:\/\/inkpressioecologica.com\/ca\/producto\/toner-alternativo-hp-ce390a-negro\/\",\"url\":\"https:\/\/inkpressioecologica.com\/ca\/producto\/toner-alternativo-hp-ce390a-negro\/\",\"name\":\"T\u00f3ner alternativo HP CE390A Negro 10000K - Inkpressi\u00f3 Ecol\u00f2gica\",\"isPartOf\":{\"@id\":\"https:\/\/inkpressioecologica.com\/#website\"},\"datePublished\":\"2020-07-21T08:45:48+00:00\",\"dateModified\":\"2021-02-22T09:08:41+00:00\",\"breadcrumb\":{\"@id\":\"https:\/\/inkpressioecologica.com\/ca\/producto\/toner-alternativo-hp-ce390a-negro\/#breadcrumb\"},\"inLanguage\":\"ca\",\"potentialAction\":[{\"@type\":\"ReadAction\",\"target\":[\"https:\/\/inkpressioecologica.com\/ca\/producto\/toner-alternativo-hp-ce390a-negro\/\"]}]},{\"@type\":\"BreadcrumbList\",\"@id\":\"https:\/\/inkpressioecologica.com\/ca\/producto\/toner-alternativo-hp-ce390a-negro\/#breadcrumb\",\"itemListElement\":[{\"@type\":\"ListItem\",\"position\":1,\"name\":\"Inici\",\"item\":\"https:\/\/inkpressioecologica.com\/ca\/\"},{\"@type\":\"ListItem\",\"position\":2,\"name\":\"botiga online\",\"item\":\"https:\/\/inkpressioecologica.com\/tienda\/\"},{\"@type\":\"ListItem\",\"position\":3,\"name\":\"T\u00f3ner alternativo HP CE390A Negro 10000K\"}]},{\"@type\":\"WebSite\",\"@id\":\"https:\/\/inkpressioecologica.com\/#website\",\"url\":\"https:\/\/inkpressioecologica.com\/\",\"name\":\"Inkpressi\u00f3 Ecol\u00f2gica\",\"description\":\"Botigues d&#039;impressi\u00f3 ecol\u00f2gica - cartutxos de tinta i t\u00f2ners reciclats\",\"publisher\":{\"@id\":\"https:\/\/inkpressioecologica.com\/#organization\"},\"potentialAction\":[{\"@type\":\"SearchAction\",\"target\":{\"@type\":\"EntryPoint\",\"urlTemplate\":\"https:\/\/inkpressioecologica.com\/?s={search_term_string}\"},\"query-input\":{\"@type\":\"PropertyValueSpecification\",\"valueRequired\":true,\"valueName\":\"search_term_string\"}}],\"inLanguage\":\"ca\"},{\"@type\":\"Organization\",\"@id\":\"https:\/\/inkpressioecologica.com\/#organization\",\"name\":\"Inkpressi\u00f3 Ecol\u00f2gica\",\"url\":\"https:\/\/inkpressioecologica.com\/\",\"logo\":{\"@type\":\"ImageObject\",\"inLanguage\":\"ca\",\"@id\":\"https:\/\/inkpressioecologica.com\/#\/schema\/logo\/image\/\",\"url\":\"https:\/\/inkpressioecologica.com\/wp-content\/uploads\/logo_ink.png\",\"contentUrl\":\"https:\/\/inkpressioecologica.com\/wp-content\/uploads\/logo_ink.png\",\"width\":300,\"height\":215,\"caption\":\"Inkpressi\u00f3 Ecol\u00f2gica\"},\"image\":{\"@id\":\"https:\/\/inkpressioecologica.com\/#\/schema\/logo\/image\/\"},\"sameAs\":[\"https:\/\/www.facebook.com\/inkpressio\",\"https:\/\/www.instagram.com\/inkpressioecologica\/\"]}]}<\/script>\n<!-- \/ Yoast SEO plugin. -->","yoast_head_json":{"title":"T\u00f3ner alternativo HP CE390A Negro 10000K - Inkpressi\u00f3 Ecol\u00f2gica","robots":{"index":"index","follow":"follow","max-snippet":"max-snippet:-1","max-image-preview":"max-image-preview:large","max-video-preview":"max-video-preview:-1"},"canonical":"https:\/\/inkpressioecologica.com\/ca\/producto\/toner-alternativo-hp-ce390a-negro\/","og_locale":"ca_ES","og_type":"article","og_title":"T\u00f3ner alternativo HP CE390A Negro 10000K - Inkpressi\u00f3 Ecol\u00f2gica","og_description":"Este Cartucho est\u00e1 garantizado contra defectos de producci\u00f3n y bajo estrictos controles de calidad ISO 9001. Proveniente de cartuchos originales europeos. Garant\u00eda Inkpressi\u00f3 Ecol\u00f2gica.    Este cartucho de tinta es compatible con las siguientes impresoras:  HP Laserjet Enterprise 600 M601DN Series HP Laserjet Enterprise 600 M601M HP Laserjet Enterprise 600 M601N HP Laserjet Enterprise 600 M602DN Series HP Laserjet Enterprise 600 M602N HP Laserjet Enterprise 600 M602X HP Laserjet Enterprise 600 M603DN Series HP Laserjet Enterprise 600 M603N HP Laserjet Enterprise 600 M603XH HP LaserJet Enterprise M4500 Series HP Laserjet Enterprise M4555F MFP Series HP Laserjet Enterprise M4555Fskm MFP HP Laserjet Enterprise M4555H MFP HP Laserjet Enterprise M4555MFP HP Laserjet M4500 Series HP Laserjet M4555FMFP Series HP Laserjet M4555FSKMMFP HP Laserjet M4555HMFP HP Laserjet M4555MFP","og_url":"https:\/\/inkpressioecologica.com\/ca\/producto\/toner-alternativo-hp-ce390a-negro\/","og_site_name":"Inkpressi\u00f3 Ecol\u00f2gica","article_publisher":"https:\/\/www.facebook.com\/inkpressio","article_modified_time":"2021-02-22T09:08:41+00:00","twitter_card":"summary_large_image","schema":{"@context":"https:\/\/schema.org","@graph":[{"@type":"WebPage","@id":"https:\/\/inkpressioecologica.com\/ca\/producto\/toner-alternativo-hp-ce390a-negro\/","url":"https:\/\/inkpressioecologica.com\/ca\/producto\/toner-alternativo-hp-ce390a-negro\/","name":"T\u00f3ner alternativo HP CE390A Negro 10000K - Inkpressi\u00f3 Ecol\u00f2gica","isPartOf":{"@id":"https:\/\/inkpressioecologica.com\/#website"},"datePublished":"2020-07-21T08:45:48+00:00","dateModified":"2021-02-22T09:08:41+00:00","breadcrumb":{"@id":"https:\/\/inkpressioecologica.com\/ca\/producto\/toner-alternativo-hp-ce390a-negro\/#breadcrumb"},"inLanguage":"ca","potentialAction":[{"@type":"ReadAction","target":["https:\/\/inkpressioecologica.com\/ca\/producto\/toner-alternativo-hp-ce390a-negro\/"]}]},{"@type":"BreadcrumbList","@id":"https:\/\/inkpressioecologica.com\/ca\/producto\/toner-alternativo-hp-ce390a-negro\/#breadcrumb","itemListElement":[{"@type":"ListItem","position":1,"name":"Inici","item":"https:\/\/inkpressioecologica.com\/ca\/"},{"@type":"ListItem","position":2,"name":"botiga online","item":"https:\/\/inkpressioecologica.com\/tienda\/"},{"@type":"ListItem","position":3,"name":"T\u00f3ner alternativo HP CE390A Negro 10000K"}]},{"@type":"WebSite","@id":"https:\/\/inkpressioecologica.com\/#website","url":"https:\/\/inkpressioecologica.com\/","name":"Inkpressi\u00f3 Ecol\u00f2gica","description":"Botigues d&#039;impressi\u00f3 ecol\u00f2gica - cartutxos de tinta i t\u00f2ners reciclats","publisher":{"@id":"https:\/\/inkpressioecologica.com\/#organization"},"potentialAction":[{"@type":"SearchAction","target":{"@type":"EntryPoint","urlTemplate":"https:\/\/inkpressioecologica.com\/?s={search_term_string}"},"query-input":{"@type":"PropertyValueSpecification","valueRequired":true,"valueName":"search_term_string"}}],"inLanguage":"ca"},{"@type":"Organization","@id":"https:\/\/inkpressioecologica.com\/#organization","name":"Inkpressi\u00f3 Ecol\u00f2gica","url":"https:\/\/inkpressioecologica.com\/","logo":{"@type":"ImageObject","inLanguage":"ca","@id":"https:\/\/inkpressioecologica.com\/#\/schema\/logo\/image\/","url":"https:\/\/inkpressioecologica.com\/wp-content\/uploads\/logo_ink.png","contentUrl":"https:\/\/inkpressioecologica.com\/wp-content\/uploads\/logo_ink.png","width":300,"height":215,"caption":"Inkpressi\u00f3 Ecol\u00f2gica"},"image":{"@id":"https:\/\/inkpressioecologica.com\/#\/schema\/logo\/image\/"},"sameAs":["https:\/\/www.facebook.com\/inkpressio","https:\/\/www.instagram.com\/inkpressioecologica\/"]}]}},"_links":{"self":[{"href":"https:\/\/inkpressioecologica.com\/ca\/wp-json\/wp\/v2\/product\/15425","targetHints":{"allow":["GET"]}}],"collection":[{"href":"https:\/\/inkpressioecologica.com\/ca\/wp-json\/wp\/v2\/product"}],"about":[{"href":"https:\/\/inkpressioecologica.com\/ca\/wp-json\/wp\/v2\/types\/product"}],"wp:attachment":[{"href":"https:\/\/inkpressioecologica.com\/ca\/wp-json\/wp\/v2\/media?parent=15425"}],"wp:term":[{"taxonomy":"product_brand","embeddable":true,"href":"https:\/\/inkpressioecologica.com\/ca\/wp-json\/wp\/v2\/product_brand?post=15425"},{"taxonomy":"product_cat","embeddable":true,"href":"https:\/\/inkpressioecologica.com\/ca\/wp-json\/wp\/v2\/product_cat?post=15425"},{"taxonomy":"product_tag","embeddable":true,"href":"https:\/\/inkpressioecologica.com\/ca\/wp-json\/wp\/v2\/product_tag?post=15425"}],"curies":[{"name":"wp","href":"https:\/\/api.w.org\/{rel}","templated":true}]}}