{"id":15423,"date":"2020-07-21T10:39:58","date_gmt":"2020-07-21T08:39:58","guid":{"rendered":"https:\/\/inkpressioecologica.com\/?post_type=product&#038;p=15423"},"modified":"2021-02-22T11:08:42","modified_gmt":"2021-02-22T09:08:42","slug":"toner-alternativo-hp-ce322a-yellow","status":"publish","type":"product","link":"https:\/\/inkpressioecologica.com\/ca\/producto\/toner-alternativo-hp-ce322a-yellow\/","title":{"rendered":"T\u00f3ner alternativo HP CE322A Yellow 2100K"},"content":{"rendered":"","protected":false},"excerpt":{"rendered":"<p>Este Cartucho est\u00e1 garantizado contra defectos de producci\u00f3n y bajo estrictos controles de calidad <strong>ISO 9001<\/strong>. Proveniente de cartuchos originales europeos. Garant\u00eda Inkpressi\u00f3 Ecol\u00f2gica.<\/p>\n<p><img decoding=\"async\" class=\"alignnone wp-image-11805 lazyload\" data-src=\"https:\/\/inkpressioecologica.com\/wp-content\/uploads\/iso.jpg\" alt=\"\" width=\"70\" height=\"70\" src=\"data:image\/svg+xml;base64,PHN2ZyB3aWR0aD0iMSIgaGVpZ2h0PSIxIiB4bWxucz0iaHR0cDovL3d3dy53My5vcmcvMjAwMC9zdmciPjwvc3ZnPg==\" style=\"--smush-placeholder-width: 70px; --smush-placeholder-aspect-ratio: 70\/70;\" \/><\/p>\n<p><b>Este cartucho de tinta es compatible con las siguientes impresoras:<\/b><\/p>\n<p>HP Laserjet CP1525 Series<br \/>\nHP Laserjet CP1525N<br \/>\nHP Laserjet CP1525NW<br \/>\nHP Laserjet CP1526NW<br \/>\nHP Laserjet PRO CM1410Series<br \/>\nHP Laserjet PRO CM1411FN<br \/>\nHP Laserjet PRO CM1412FN<br \/>\nHP Laserjet PRO CM1413FN<br \/>\nHP Laserjet PRO CM1415FN Series<br \/>\nHP Laserjet PRO CM1415FNW<br \/>\nHP Laserjet PRO CM1416FNW<br \/>\nHP Laserjet PRO CM1417FNW<br \/>\nHP Laserjet PRO CM1418FNW<br \/>\nHP Laserjet PRO CP1520Series<br \/>\nHP Laserjet PRO CP1521N<br \/>\nHP Laserjet PRO CP1522N<br \/>\nHP Laserjet PRO CP1523N<br \/>\nHP Laserjet PRO CP1525 Series<br \/>\nHP Laserjet PRO CP1525N<br \/>\nHP Laserjet PRO CP1525NW<br \/>\nHP Laserjet PRO CP1526NW<br \/>\nHP Laserjet PRO CP1527NW<br \/>\nHP Laserjet PRO CP1528NW<\/p>\n","protected":false},"featured_media":0,"template":"","meta":[],"product_brand":[],"product_cat":[2203,2204,2205,2206,2028],"product_tag":[],"class_list":{"0":"post-15423","1":"product","2":"type-product","3":"status-publish","5":"product_cat-hp-laserjet-cp1525-series","6":"product_cat-hp-laserjet-pro-cm1415fn-series","7":"product_cat-hp-laserjet-pro-cp1522n-2","8":"product_cat-hp-laserjet-pro-cp1525-series","9":"product_cat-toners","11":"first","12":"instock","13":"taxable","14":"shipping-taxable","15":"purchasable","16":"product-type-simple"},"yoast_head":"<!-- This site is optimized with the Yoast SEO plugin v26.8 - https:\/\/yoast.com\/product\/yoast-seo-wordpress\/ -->\n<title>T\u00f3ner alternativo HP CE322A Yellow 2100K - Inkpressi\u00f3 Ecol\u00f2gica<\/title>\n<meta name=\"robots\" content=\"index, follow, max-snippet:-1, max-image-preview:large, max-video-preview:-1\" \/>\n<link rel=\"canonical\" href=\"https:\/\/inkpressioecologica.com\/ca\/producto\/toner-alternativo-hp-ce322a-yellow\/\" \/>\n<meta property=\"og:locale\" content=\"ca_ES\" \/>\n<meta property=\"og:type\" content=\"article\" \/>\n<meta property=\"og:title\" content=\"T\u00f3ner alternativo HP CE322A Yellow 2100K - Inkpressi\u00f3 Ecol\u00f2gica\" \/>\n<meta property=\"og:description\" content=\"Este Cartucho est\u00e1 garantizado contra defectos de producci\u00f3n y bajo estrictos controles de calidad ISO 9001. Proveniente de cartuchos originales europeos. Garant\u00eda Inkpressi\u00f3 Ecol\u00f2gica.    Este cartucho de tinta es compatible con las siguientes impresoras:  HP Laserjet CP1525 Series HP Laserjet CP1525N HP Laserjet CP1525NW HP Laserjet CP1526NW HP Laserjet PRO CM1410Series HP Laserjet PRO CM1411FN HP Laserjet PRO CM1412FN HP Laserjet PRO CM1413FN HP Laserjet PRO CM1415FN Series HP Laserjet PRO CM1415FNW HP Laserjet PRO CM1416FNW HP Laserjet PRO CM1417FNW HP Laserjet PRO CM1418FNW HP Laserjet PRO CP1520Series HP Laserjet PRO CP1521N HP Laserjet PRO CP1522N HP Laserjet PRO CP1523N HP Laserjet PRO CP1525 Series HP Laserjet PRO CP1525N HP Laserjet PRO CP1525NW HP Laserjet PRO CP1526NW HP Laserjet PRO CP1527NW HP Laserjet PRO CP1528NW\" \/>\n<meta property=\"og:url\" content=\"https:\/\/inkpressioecologica.com\/ca\/producto\/toner-alternativo-hp-ce322a-yellow\/\" \/>\n<meta property=\"og:site_name\" content=\"Inkpressi\u00f3 Ecol\u00f2gica\" \/>\n<meta property=\"article:publisher\" content=\"https:\/\/www.facebook.com\/inkpressio\" \/>\n<meta property=\"article:modified_time\" content=\"2021-02-22T09:08:42+00:00\" \/>\n<meta name=\"twitter:card\" content=\"summary_large_image\" \/>\n<script type=\"application\/ld+json\" class=\"yoast-schema-graph\">{\"@context\":\"https:\/\/schema.org\",\"@graph\":[{\"@type\":\"WebPage\",\"@id\":\"https:\/\/inkpressioecologica.com\/ca\/producto\/toner-alternativo-hp-ce322a-yellow\/\",\"url\":\"https:\/\/inkpressioecologica.com\/ca\/producto\/toner-alternativo-hp-ce322a-yellow\/\",\"name\":\"T\u00f3ner alternativo HP CE322A Yellow 2100K - Inkpressi\u00f3 Ecol\u00f2gica\",\"isPartOf\":{\"@id\":\"https:\/\/inkpressioecologica.com\/#website\"},\"datePublished\":\"2020-07-21T08:39:58+00:00\",\"dateModified\":\"2021-02-22T09:08:42+00:00\",\"breadcrumb\":{\"@id\":\"https:\/\/inkpressioecologica.com\/ca\/producto\/toner-alternativo-hp-ce322a-yellow\/#breadcrumb\"},\"inLanguage\":\"ca\",\"potentialAction\":[{\"@type\":\"ReadAction\",\"target\":[\"https:\/\/inkpressioecologica.com\/ca\/producto\/toner-alternativo-hp-ce322a-yellow\/\"]}]},{\"@type\":\"BreadcrumbList\",\"@id\":\"https:\/\/inkpressioecologica.com\/ca\/producto\/toner-alternativo-hp-ce322a-yellow\/#breadcrumb\",\"itemListElement\":[{\"@type\":\"ListItem\",\"position\":1,\"name\":\"Inici\",\"item\":\"https:\/\/inkpressioecologica.com\/ca\/\"},{\"@type\":\"ListItem\",\"position\":2,\"name\":\"botiga online\",\"item\":\"https:\/\/inkpressioecologica.com\/tienda\/\"},{\"@type\":\"ListItem\",\"position\":3,\"name\":\"T\u00f3ner alternativo HP CE322A Yellow 2100K\"}]},{\"@type\":\"WebSite\",\"@id\":\"https:\/\/inkpressioecologica.com\/#website\",\"url\":\"https:\/\/inkpressioecologica.com\/\",\"name\":\"Inkpressi\u00f3 Ecol\u00f2gica\",\"description\":\"Botigues d&#039;impressi\u00f3 ecol\u00f2gica - cartutxos de tinta i t\u00f2ners reciclats\",\"publisher\":{\"@id\":\"https:\/\/inkpressioecologica.com\/#organization\"},\"potentialAction\":[{\"@type\":\"SearchAction\",\"target\":{\"@type\":\"EntryPoint\",\"urlTemplate\":\"https:\/\/inkpressioecologica.com\/?s={search_term_string}\"},\"query-input\":{\"@type\":\"PropertyValueSpecification\",\"valueRequired\":true,\"valueName\":\"search_term_string\"}}],\"inLanguage\":\"ca\"},{\"@type\":\"Organization\",\"@id\":\"https:\/\/inkpressioecologica.com\/#organization\",\"name\":\"Inkpressi\u00f3 Ecol\u00f2gica\",\"url\":\"https:\/\/inkpressioecologica.com\/\",\"logo\":{\"@type\":\"ImageObject\",\"inLanguage\":\"ca\",\"@id\":\"https:\/\/inkpressioecologica.com\/#\/schema\/logo\/image\/\",\"url\":\"https:\/\/inkpressioecologica.com\/wp-content\/uploads\/logo_ink.png\",\"contentUrl\":\"https:\/\/inkpressioecologica.com\/wp-content\/uploads\/logo_ink.png\",\"width\":300,\"height\":215,\"caption\":\"Inkpressi\u00f3 Ecol\u00f2gica\"},\"image\":{\"@id\":\"https:\/\/inkpressioecologica.com\/#\/schema\/logo\/image\/\"},\"sameAs\":[\"https:\/\/www.facebook.com\/inkpressio\",\"https:\/\/www.instagram.com\/inkpressioecologica\/\"]}]}<\/script>\n<!-- \/ Yoast SEO plugin. -->","yoast_head_json":{"title":"T\u00f3ner alternativo HP CE322A Yellow 2100K - Inkpressi\u00f3 Ecol\u00f2gica","robots":{"index":"index","follow":"follow","max-snippet":"max-snippet:-1","max-image-preview":"max-image-preview:large","max-video-preview":"max-video-preview:-1"},"canonical":"https:\/\/inkpressioecologica.com\/ca\/producto\/toner-alternativo-hp-ce322a-yellow\/","og_locale":"ca_ES","og_type":"article","og_title":"T\u00f3ner alternativo HP CE322A Yellow 2100K - Inkpressi\u00f3 Ecol\u00f2gica","og_description":"Este Cartucho est\u00e1 garantizado contra defectos de producci\u00f3n y bajo estrictos controles de calidad ISO 9001. Proveniente de cartuchos originales europeos. Garant\u00eda Inkpressi\u00f3 Ecol\u00f2gica.    Este cartucho de tinta es compatible con las siguientes impresoras:  HP Laserjet CP1525 Series HP Laserjet CP1525N HP Laserjet CP1525NW HP Laserjet CP1526NW HP Laserjet PRO CM1410Series HP Laserjet PRO CM1411FN HP Laserjet PRO CM1412FN HP Laserjet PRO CM1413FN HP Laserjet PRO CM1415FN Series HP Laserjet PRO CM1415FNW HP Laserjet PRO CM1416FNW HP Laserjet PRO CM1417FNW HP Laserjet PRO CM1418FNW HP Laserjet PRO CP1520Series HP Laserjet PRO CP1521N HP Laserjet PRO CP1522N HP Laserjet PRO CP1523N HP Laserjet PRO CP1525 Series HP Laserjet PRO CP1525N HP Laserjet PRO CP1525NW HP Laserjet PRO CP1526NW HP Laserjet PRO CP1527NW HP Laserjet PRO CP1528NW","og_url":"https:\/\/inkpressioecologica.com\/ca\/producto\/toner-alternativo-hp-ce322a-yellow\/","og_site_name":"Inkpressi\u00f3 Ecol\u00f2gica","article_publisher":"https:\/\/www.facebook.com\/inkpressio","article_modified_time":"2021-02-22T09:08:42+00:00","twitter_card":"summary_large_image","schema":{"@context":"https:\/\/schema.org","@graph":[{"@type":"WebPage","@id":"https:\/\/inkpressioecologica.com\/ca\/producto\/toner-alternativo-hp-ce322a-yellow\/","url":"https:\/\/inkpressioecologica.com\/ca\/producto\/toner-alternativo-hp-ce322a-yellow\/","name":"T\u00f3ner alternativo HP CE322A Yellow 2100K - Inkpressi\u00f3 Ecol\u00f2gica","isPartOf":{"@id":"https:\/\/inkpressioecologica.com\/#website"},"datePublished":"2020-07-21T08:39:58+00:00","dateModified":"2021-02-22T09:08:42+00:00","breadcrumb":{"@id":"https:\/\/inkpressioecologica.com\/ca\/producto\/toner-alternativo-hp-ce322a-yellow\/#breadcrumb"},"inLanguage":"ca","potentialAction":[{"@type":"ReadAction","target":["https:\/\/inkpressioecologica.com\/ca\/producto\/toner-alternativo-hp-ce322a-yellow\/"]}]},{"@type":"BreadcrumbList","@id":"https:\/\/inkpressioecologica.com\/ca\/producto\/toner-alternativo-hp-ce322a-yellow\/#breadcrumb","itemListElement":[{"@type":"ListItem","position":1,"name":"Inici","item":"https:\/\/inkpressioecologica.com\/ca\/"},{"@type":"ListItem","position":2,"name":"botiga online","item":"https:\/\/inkpressioecologica.com\/tienda\/"},{"@type":"ListItem","position":3,"name":"T\u00f3ner alternativo HP CE322A Yellow 2100K"}]},{"@type":"WebSite","@id":"https:\/\/inkpressioecologica.com\/#website","url":"https:\/\/inkpressioecologica.com\/","name":"Inkpressi\u00f3 Ecol\u00f2gica","description":"Botigues d&#039;impressi\u00f3 ecol\u00f2gica - cartutxos de tinta i t\u00f2ners reciclats","publisher":{"@id":"https:\/\/inkpressioecologica.com\/#organization"},"potentialAction":[{"@type":"SearchAction","target":{"@type":"EntryPoint","urlTemplate":"https:\/\/inkpressioecologica.com\/?s={search_term_string}"},"query-input":{"@type":"PropertyValueSpecification","valueRequired":true,"valueName":"search_term_string"}}],"inLanguage":"ca"},{"@type":"Organization","@id":"https:\/\/inkpressioecologica.com\/#organization","name":"Inkpressi\u00f3 Ecol\u00f2gica","url":"https:\/\/inkpressioecologica.com\/","logo":{"@type":"ImageObject","inLanguage":"ca","@id":"https:\/\/inkpressioecologica.com\/#\/schema\/logo\/image\/","url":"https:\/\/inkpressioecologica.com\/wp-content\/uploads\/logo_ink.png","contentUrl":"https:\/\/inkpressioecologica.com\/wp-content\/uploads\/logo_ink.png","width":300,"height":215,"caption":"Inkpressi\u00f3 Ecol\u00f2gica"},"image":{"@id":"https:\/\/inkpressioecologica.com\/#\/schema\/logo\/image\/"},"sameAs":["https:\/\/www.facebook.com\/inkpressio","https:\/\/www.instagram.com\/inkpressioecologica\/"]}]}},"_links":{"self":[{"href":"https:\/\/inkpressioecologica.com\/ca\/wp-json\/wp\/v2\/product\/15423","targetHints":{"allow":["GET"]}}],"collection":[{"href":"https:\/\/inkpressioecologica.com\/ca\/wp-json\/wp\/v2\/product"}],"about":[{"href":"https:\/\/inkpressioecologica.com\/ca\/wp-json\/wp\/v2\/types\/product"}],"wp:attachment":[{"href":"https:\/\/inkpressioecologica.com\/ca\/wp-json\/wp\/v2\/media?parent=15423"}],"wp:term":[{"taxonomy":"product_brand","embeddable":true,"href":"https:\/\/inkpressioecologica.com\/ca\/wp-json\/wp\/v2\/product_brand?post=15423"},{"taxonomy":"product_cat","embeddable":true,"href":"https:\/\/inkpressioecologica.com\/ca\/wp-json\/wp\/v2\/product_cat?post=15423"},{"taxonomy":"product_tag","embeddable":true,"href":"https:\/\/inkpressioecologica.com\/ca\/wp-json\/wp\/v2\/product_tag?post=15423"}],"curies":[{"name":"wp","href":"https:\/\/api.w.org\/{rel}","templated":true}]}}