{"id":15417,"date":"2020-07-21T10:18:31","date_gmt":"2020-07-21T08:18:31","guid":{"rendered":"https:\/\/inkpressioecologica.com\/?post_type=product&#038;p=15417"},"modified":"2021-02-22T11:08:51","modified_gmt":"2021-02-22T09:08:51","slug":"toner-alternativo-hp-ce310a-negro","status":"publish","type":"product","link":"https:\/\/inkpressioecologica.com\/ca\/producto\/toner-alternativo-hp-ce310a-negro\/","title":{"rendered":"T\u00f3ner alternativo HP CE310A Negro 1200K"},"content":{"rendered":"","protected":false},"excerpt":{"rendered":"<p>Este Cartucho est\u00e1 garantizado contra defectos de producci\u00f3n y bajo estrictos controles de calidad <strong>ISO 9001<\/strong>. Proveniente de cartuchos originales europeos. Garant\u00eda Inkpressi\u00f3 Ecol\u00f2gica.<\/p>\n<p><img decoding=\"async\" class=\"alignnone wp-image-11805 lazyload\" data-src=\"https:\/\/inkpressioecologica.com\/wp-content\/uploads\/iso.jpg\" alt=\"\" width=\"70\" height=\"70\" src=\"data:image\/svg+xml;base64,PHN2ZyB3aWR0aD0iMSIgaGVpZ2h0PSIxIiB4bWxucz0iaHR0cDovL3d3dy53My5vcmcvMjAwMC9zdmciPjwvc3ZnPg==\" style=\"--smush-placeholder-width: 70px; --smush-placeholder-aspect-ratio: 70\/70;\" \/><\/p>\n<p><b>Este cartucho de tinta es compatible con las siguientes impresoras:<\/b><\/p>\n<p>HP Color Laserjet PRO CP 1020 Series<br \/>\nHP Color Laserjet PRO CP 1021<br \/>\nHP Color Laserjet PRO CP 1022<br \/>\nHP Color Laserjet PRO CP 1023<br \/>\nHP Color Laserjet PRO CP 1025<br \/>\nHP Color Laserjet PRO CP 1025 NW<br \/>\nHP Color Laserjet PRO CP 1026 NW<br \/>\nHP Color Laserjet PRO CP 1027 NW<br \/>\nHP Color Laserjet PRO CP 1028 NW<br \/>\nHP Laserjet CP 1025 Color Series<br \/>\nHP Laserjet CP 1025 NW Color<br \/>\nHP Laserjet PRO 100 Color MFP M 175 A Series<br \/>\nHP Laserjet PRO 100 Color MFP M 175 B<br \/>\nHP Laserjet PRO 100 Color MFP M 175 C<br \/>\nHP Laserjet PRO 100 Color MFP M 175 E<br \/>\nHP Laserjet PRO 100 Color MFP M 175 NW<br \/>\nHP Laserjet PRO 100 Color MFP M 175 P<br \/>\nHP Laserjet PRO 100 Color MFP M 175 Q<br \/>\nHP Laserjet PRO 100 Color MFP M 175 R<br \/>\nHP Laserjet PRO M 275 Series<br \/>\nHP Laserjet PRO M 275 A<br \/>\nHP Laserjet PRO M 275 NW<br \/>\nHP Laserjet PRO M 275 S<br \/>\nHP Laserjet PRO M 275 T<br \/>\nHP Laserjet PRO M 275 U<br \/>\nHP Topshot Laserjet PRO M 275 Series<br \/>\nHP Topshot Laserjet PRO M 275 A<br \/>\nHP Topshot Laserjet PRO M 275 NW<br \/>\nHP Topshot Laserjet PRO M 275 S<br \/>\nHP Topshot Laserjet PRO M 275 T<br \/>\nHP Topshot Laserjet PRO M 275 U<\/p>\n","protected":false},"featured_media":0,"template":"","meta":[],"product_brand":[],"product_cat":[2191,2192,2193,2194,2195,2196,2197,2198,2199,2200,2201,2202,2028],"product_tag":[],"class_list":{"0":"post-15417","1":"product","2":"type-product","3":"status-publish","5":"product_cat-hp-color-laserjet-pro-cp-1020-series","6":"product_cat-hp-color-laserjet-pro-cp-1021","7":"product_cat-hp-color-laserjet-pro-cp-1022","8":"product_cat-hp-color-laserjet-pro-cp-1023","9":"product_cat-hp-color-laserjet-pro-cp-1025","10":"product_cat-hp-color-laserjet-pro-cp-1026-nw","11":"product_cat-hp-color-laserjet-pro-cp-1027-nw","12":"product_cat-hp-color-laserjet-pro-cp-1028-nw","13":"product_cat-hp-laserjet-cp-1025-color-series","14":"product_cat-hp-laserjet-pro-100-color-mfp-m-175-a-series","15":"product_cat-hp-laserjet-pro-m-275-series","16":"product_cat-hp-topshot-laserjet-pro-m-275-series","17":"product_cat-toners","19":"first","20":"instock","21":"taxable","22":"shipping-taxable","23":"purchasable","24":"product-type-simple"},"yoast_head":"<!-- This site is optimized with the Yoast SEO plugin v26.8 - https:\/\/yoast.com\/product\/yoast-seo-wordpress\/ -->\n<title>T\u00f3ner alternativo HP CE310A Negro 1200K - Inkpressi\u00f3 Ecol\u00f2gica<\/title>\n<meta name=\"robots\" content=\"index, follow, max-snippet:-1, max-image-preview:large, max-video-preview:-1\" \/>\n<link rel=\"canonical\" href=\"https:\/\/inkpressioecologica.com\/ca\/producto\/toner-alternativo-hp-ce310a-negro\/\" \/>\n<meta property=\"og:locale\" content=\"ca_ES\" \/>\n<meta property=\"og:type\" content=\"article\" \/>\n<meta property=\"og:title\" content=\"T\u00f3ner alternativo HP CE310A Negro 1200K - Inkpressi\u00f3 Ecol\u00f2gica\" \/>\n<meta property=\"og:description\" content=\"Este Cartucho est\u00e1 garantizado contra defectos de producci\u00f3n y bajo estrictos controles de calidad ISO 9001. Proveniente de cartuchos originales europeos. Garant\u00eda Inkpressi\u00f3 Ecol\u00f2gica.    Este cartucho de tinta es compatible con las siguientes impresoras:  HP Color Laserjet PRO CP 1020 Series HP Color Laserjet PRO CP 1021 HP Color Laserjet PRO CP 1022 HP Color Laserjet PRO CP 1023 HP Color Laserjet PRO CP 1025 HP Color Laserjet PRO CP 1025 NW HP Color Laserjet PRO CP 1026 NW HP Color Laserjet PRO CP 1027 NW HP Color Laserjet PRO CP 1028 NW HP Laserjet CP 1025 Color Series HP Laserjet CP 1025 NW Color HP Laserjet PRO 100 Color MFP M 175 A Series HP Laserjet PRO 100 Color MFP M 175 B HP Laserjet PRO 100 Color MFP M 175 C HP Laserjet PRO 100 Color MFP M 175 E HP Laserjet PRO 100 Color MFP M 175 NW HP Laserjet PRO 100 Color MFP M 175 P HP Laserjet PRO 100 Color MFP M 175 Q HP Laserjet PRO 100 Color MFP M 175 R HP Laserjet PRO M 275 Series HP Laserjet PRO M 275 A HP Laserjet PRO M 275 NW HP Laserjet PRO M 275 S HP Laserjet PRO M 275 T HP Laserjet PRO M 275 U HP Topshot Laserjet PRO M 275 Series HP Topshot Laserjet PRO M 275 A HP Topshot Laserjet PRO M 275 NW HP Topshot Laserjet PRO M 275 S HP Topshot Laserjet PRO M 275 T HP Topshot Laserjet PRO M 275 U\" \/>\n<meta property=\"og:url\" content=\"https:\/\/inkpressioecologica.com\/ca\/producto\/toner-alternativo-hp-ce310a-negro\/\" \/>\n<meta property=\"og:site_name\" content=\"Inkpressi\u00f3 Ecol\u00f2gica\" \/>\n<meta property=\"article:publisher\" content=\"https:\/\/www.facebook.com\/inkpressio\" \/>\n<meta property=\"article:modified_time\" content=\"2021-02-22T09:08:51+00:00\" \/>\n<meta name=\"twitter:card\" content=\"summary_large_image\" \/>\n<script type=\"application\/ld+json\" class=\"yoast-schema-graph\">{\"@context\":\"https:\/\/schema.org\",\"@graph\":[{\"@type\":\"WebPage\",\"@id\":\"https:\/\/inkpressioecologica.com\/ca\/producto\/toner-alternativo-hp-ce310a-negro\/\",\"url\":\"https:\/\/inkpressioecologica.com\/ca\/producto\/toner-alternativo-hp-ce310a-negro\/\",\"name\":\"T\u00f3ner alternativo HP CE310A Negro 1200K - Inkpressi\u00f3 Ecol\u00f2gica\",\"isPartOf\":{\"@id\":\"https:\/\/inkpressioecologica.com\/#website\"},\"datePublished\":\"2020-07-21T08:18:31+00:00\",\"dateModified\":\"2021-02-22T09:08:51+00:00\",\"breadcrumb\":{\"@id\":\"https:\/\/inkpressioecologica.com\/ca\/producto\/toner-alternativo-hp-ce310a-negro\/#breadcrumb\"},\"inLanguage\":\"ca\",\"potentialAction\":[{\"@type\":\"ReadAction\",\"target\":[\"https:\/\/inkpressioecologica.com\/ca\/producto\/toner-alternativo-hp-ce310a-negro\/\"]}]},{\"@type\":\"BreadcrumbList\",\"@id\":\"https:\/\/inkpressioecologica.com\/ca\/producto\/toner-alternativo-hp-ce310a-negro\/#breadcrumb\",\"itemListElement\":[{\"@type\":\"ListItem\",\"position\":1,\"name\":\"Inici\",\"item\":\"https:\/\/inkpressioecologica.com\/ca\/\"},{\"@type\":\"ListItem\",\"position\":2,\"name\":\"botiga online\",\"item\":\"https:\/\/inkpressioecologica.com\/tienda\/\"},{\"@type\":\"ListItem\",\"position\":3,\"name\":\"T\u00f3ner alternativo HP CE310A Negro 1200K\"}]},{\"@type\":\"WebSite\",\"@id\":\"https:\/\/inkpressioecologica.com\/#website\",\"url\":\"https:\/\/inkpressioecologica.com\/\",\"name\":\"Inkpressi\u00f3 Ecol\u00f2gica\",\"description\":\"Botigues d&#039;impressi\u00f3 ecol\u00f2gica - cartutxos de tinta i t\u00f2ners reciclats\",\"publisher\":{\"@id\":\"https:\/\/inkpressioecologica.com\/#organization\"},\"potentialAction\":[{\"@type\":\"SearchAction\",\"target\":{\"@type\":\"EntryPoint\",\"urlTemplate\":\"https:\/\/inkpressioecologica.com\/?s={search_term_string}\"},\"query-input\":{\"@type\":\"PropertyValueSpecification\",\"valueRequired\":true,\"valueName\":\"search_term_string\"}}],\"inLanguage\":\"ca\"},{\"@type\":\"Organization\",\"@id\":\"https:\/\/inkpressioecologica.com\/#organization\",\"name\":\"Inkpressi\u00f3 Ecol\u00f2gica\",\"url\":\"https:\/\/inkpressioecologica.com\/\",\"logo\":{\"@type\":\"ImageObject\",\"inLanguage\":\"ca\",\"@id\":\"https:\/\/inkpressioecologica.com\/#\/schema\/logo\/image\/\",\"url\":\"https:\/\/inkpressioecologica.com\/wp-content\/uploads\/logo_ink.png\",\"contentUrl\":\"https:\/\/inkpressioecologica.com\/wp-content\/uploads\/logo_ink.png\",\"width\":300,\"height\":215,\"caption\":\"Inkpressi\u00f3 Ecol\u00f2gica\"},\"image\":{\"@id\":\"https:\/\/inkpressioecologica.com\/#\/schema\/logo\/image\/\"},\"sameAs\":[\"https:\/\/www.facebook.com\/inkpressio\",\"https:\/\/www.instagram.com\/inkpressioecologica\/\"]}]}<\/script>\n<!-- \/ Yoast SEO plugin. -->","yoast_head_json":{"title":"T\u00f3ner alternativo HP CE310A Negro 1200K - Inkpressi\u00f3 Ecol\u00f2gica","robots":{"index":"index","follow":"follow","max-snippet":"max-snippet:-1","max-image-preview":"max-image-preview:large","max-video-preview":"max-video-preview:-1"},"canonical":"https:\/\/inkpressioecologica.com\/ca\/producto\/toner-alternativo-hp-ce310a-negro\/","og_locale":"ca_ES","og_type":"article","og_title":"T\u00f3ner alternativo HP CE310A Negro 1200K - Inkpressi\u00f3 Ecol\u00f2gica","og_description":"Este Cartucho est\u00e1 garantizado contra defectos de producci\u00f3n y bajo estrictos controles de calidad ISO 9001. Proveniente de cartuchos originales europeos. Garant\u00eda Inkpressi\u00f3 Ecol\u00f2gica.    Este cartucho de tinta es compatible con las siguientes impresoras:  HP Color Laserjet PRO CP 1020 Series HP Color Laserjet PRO CP 1021 HP Color Laserjet PRO CP 1022 HP Color Laserjet PRO CP 1023 HP Color Laserjet PRO CP 1025 HP Color Laserjet PRO CP 1025 NW HP Color Laserjet PRO CP 1026 NW HP Color Laserjet PRO CP 1027 NW HP Color Laserjet PRO CP 1028 NW HP Laserjet CP 1025 Color Series HP Laserjet CP 1025 NW Color HP Laserjet PRO 100 Color MFP M 175 A Series HP Laserjet PRO 100 Color MFP M 175 B HP Laserjet PRO 100 Color MFP M 175 C HP Laserjet PRO 100 Color MFP M 175 E HP Laserjet PRO 100 Color MFP M 175 NW HP Laserjet PRO 100 Color MFP M 175 P HP Laserjet PRO 100 Color MFP M 175 Q HP Laserjet PRO 100 Color MFP M 175 R HP Laserjet PRO M 275 Series HP Laserjet PRO M 275 A HP Laserjet PRO M 275 NW HP Laserjet PRO M 275 S HP Laserjet PRO M 275 T HP Laserjet PRO M 275 U HP Topshot Laserjet PRO M 275 Series HP Topshot Laserjet PRO M 275 A HP Topshot Laserjet PRO M 275 NW HP Topshot Laserjet PRO M 275 S HP Topshot Laserjet PRO M 275 T HP Topshot Laserjet PRO M 275 U","og_url":"https:\/\/inkpressioecologica.com\/ca\/producto\/toner-alternativo-hp-ce310a-negro\/","og_site_name":"Inkpressi\u00f3 Ecol\u00f2gica","article_publisher":"https:\/\/www.facebook.com\/inkpressio","article_modified_time":"2021-02-22T09:08:51+00:00","twitter_card":"summary_large_image","schema":{"@context":"https:\/\/schema.org","@graph":[{"@type":"WebPage","@id":"https:\/\/inkpressioecologica.com\/ca\/producto\/toner-alternativo-hp-ce310a-negro\/","url":"https:\/\/inkpressioecologica.com\/ca\/producto\/toner-alternativo-hp-ce310a-negro\/","name":"T\u00f3ner alternativo HP CE310A Negro 1200K - Inkpressi\u00f3 Ecol\u00f2gica","isPartOf":{"@id":"https:\/\/inkpressioecologica.com\/#website"},"datePublished":"2020-07-21T08:18:31+00:00","dateModified":"2021-02-22T09:08:51+00:00","breadcrumb":{"@id":"https:\/\/inkpressioecologica.com\/ca\/producto\/toner-alternativo-hp-ce310a-negro\/#breadcrumb"},"inLanguage":"ca","potentialAction":[{"@type":"ReadAction","target":["https:\/\/inkpressioecologica.com\/ca\/producto\/toner-alternativo-hp-ce310a-negro\/"]}]},{"@type":"BreadcrumbList","@id":"https:\/\/inkpressioecologica.com\/ca\/producto\/toner-alternativo-hp-ce310a-negro\/#breadcrumb","itemListElement":[{"@type":"ListItem","position":1,"name":"Inici","item":"https:\/\/inkpressioecologica.com\/ca\/"},{"@type":"ListItem","position":2,"name":"botiga online","item":"https:\/\/inkpressioecologica.com\/tienda\/"},{"@type":"ListItem","position":3,"name":"T\u00f3ner alternativo HP CE310A Negro 1200K"}]},{"@type":"WebSite","@id":"https:\/\/inkpressioecologica.com\/#website","url":"https:\/\/inkpressioecologica.com\/","name":"Inkpressi\u00f3 Ecol\u00f2gica","description":"Botigues d&#039;impressi\u00f3 ecol\u00f2gica - cartutxos de tinta i t\u00f2ners reciclats","publisher":{"@id":"https:\/\/inkpressioecologica.com\/#organization"},"potentialAction":[{"@type":"SearchAction","target":{"@type":"EntryPoint","urlTemplate":"https:\/\/inkpressioecologica.com\/?s={search_term_string}"},"query-input":{"@type":"PropertyValueSpecification","valueRequired":true,"valueName":"search_term_string"}}],"inLanguage":"ca"},{"@type":"Organization","@id":"https:\/\/inkpressioecologica.com\/#organization","name":"Inkpressi\u00f3 Ecol\u00f2gica","url":"https:\/\/inkpressioecologica.com\/","logo":{"@type":"ImageObject","inLanguage":"ca","@id":"https:\/\/inkpressioecologica.com\/#\/schema\/logo\/image\/","url":"https:\/\/inkpressioecologica.com\/wp-content\/uploads\/logo_ink.png","contentUrl":"https:\/\/inkpressioecologica.com\/wp-content\/uploads\/logo_ink.png","width":300,"height":215,"caption":"Inkpressi\u00f3 Ecol\u00f2gica"},"image":{"@id":"https:\/\/inkpressioecologica.com\/#\/schema\/logo\/image\/"},"sameAs":["https:\/\/www.facebook.com\/inkpressio","https:\/\/www.instagram.com\/inkpressioecologica\/"]}]}},"_links":{"self":[{"href":"https:\/\/inkpressioecologica.com\/ca\/wp-json\/wp\/v2\/product\/15417","targetHints":{"allow":["GET"]}}],"collection":[{"href":"https:\/\/inkpressioecologica.com\/ca\/wp-json\/wp\/v2\/product"}],"about":[{"href":"https:\/\/inkpressioecologica.com\/ca\/wp-json\/wp\/v2\/types\/product"}],"wp:attachment":[{"href":"https:\/\/inkpressioecologica.com\/ca\/wp-json\/wp\/v2\/media?parent=15417"}],"wp:term":[{"taxonomy":"product_brand","embeddable":true,"href":"https:\/\/inkpressioecologica.com\/ca\/wp-json\/wp\/v2\/product_brand?post=15417"},{"taxonomy":"product_cat","embeddable":true,"href":"https:\/\/inkpressioecologica.com\/ca\/wp-json\/wp\/v2\/product_cat?post=15417"},{"taxonomy":"product_tag","embeddable":true,"href":"https:\/\/inkpressioecologica.com\/ca\/wp-json\/wp\/v2\/product_tag?post=15417"}],"curies":[{"name":"wp","href":"https:\/\/api.w.org\/{rel}","templated":true}]}}