{"id":15412,"date":"2020-07-20T13:13:28","date_gmt":"2020-07-20T11:13:28","guid":{"rendered":"https:\/\/inkpressioecologica.com\/?post_type=product&#038;p=15412"},"modified":"2021-02-22T11:08:53","modified_gmt":"2021-02-22T09:08:53","slug":"toner-alternativo-hp-cf213x-magenta","status":"publish","type":"product","link":"https:\/\/inkpressioecologica.com\/ca\/producto\/toner-alternativo-hp-cf213x-magenta\/","title":{"rendered":"T\u00f3ner alternativo HP CF213X Magenta 1800K"},"content":{"rendered":"","protected":false},"excerpt":{"rendered":"<p>Este Cartucho est\u00e1 garantizado contra defectos de producci\u00f3n y bajo estrictos controles de calidad <strong>ISO 9001<\/strong>. Proveniente de cartuchos originales europeos. Garant\u00eda Inkpressi\u00f3 Ecol\u00f2gica.<\/p>\n<p><img decoding=\"async\" class=\"alignnone wp-image-11805 lazyload\" data-src=\"https:\/\/inkpressioecologica.com\/wp-content\/uploads\/iso.jpg\" alt=\"\" width=\"70\" height=\"70\" src=\"data:image\/svg+xml;base64,PHN2ZyB3aWR0aD0iMSIgaGVpZ2h0PSIxIiB4bWxucz0iaHR0cDovL3d3dy53My5vcmcvMjAwMC9zdmciPjwvc3ZnPg==\" style=\"--smush-placeholder-width: 70px; --smush-placeholder-aspect-ratio: 70\/70;\" \/><\/p>\n<p><b>Este cartucho de tinta es compatible con las siguientes impresoras:<\/b><\/p>\n<p>HP Laserjet PRO 200 Color M251N Series<br \/>\nHP Laserjet PRO 200 Color M251NW<br \/>\nHP Laserjet PRO 200 Color M276N Series<br \/>\nHP Laserjet PRO 200 Color M276NW<br \/>\nCanon I-Sensys LBP-7100<br \/>\nCanon I-Sensys LBP-7100 CN Series<br \/>\nCanon LBP-7100<br \/>\nCanon LBP-7110<br \/>\nCanon LBP-7110 CW Series<br \/>\nCanon I-Sensys MF 8280<br \/>\nCanon I-Sensys MF 8280 CW Series<br \/>\nCanon I-Sensys MF 8230<br \/>\nCanon I-Sensys MF 8230 CN Series<br \/>\nCanon I-Sensys MF 8200<br \/>\nCanon Lasershot LBP-7100<br \/>\nCanon ImageClass LBP-7110 CW<br \/>\nCanon ImageClass LBP-7110<br \/>\nCanon Color ImageClass LBP-7110 CW Series<br \/>\nCanon Color ImageClass LBP-7110<\/p>\n","protected":false},"featured_media":0,"template":"","meta":[],"product_brand":[],"product_cat":[2132,2130,2131,2028],"product_tag":[],"class_list":{"0":"post-15412","1":"product","2":"type-product","3":"status-publish","5":"product_cat-canon-lasershot-lbp-7100","6":"product_cat-hp-laserjet-pro-200-color-m251n-series","7":"product_cat-hp-laserjet-pro-200-color-m276n-series","8":"product_cat-toners","10":"first","11":"instock","12":"taxable","13":"shipping-taxable","14":"purchasable","15":"product-type-simple"},"yoast_head":"<!-- This site is optimized with the Yoast SEO plugin v26.8 - https:\/\/yoast.com\/product\/yoast-seo-wordpress\/ -->\n<title>T\u00f3ner alternativo HP CF213X Magenta 1800K - Inkpressi\u00f3 Ecol\u00f2gica<\/title>\n<meta name=\"robots\" content=\"index, follow, max-snippet:-1, max-image-preview:large, max-video-preview:-1\" \/>\n<link rel=\"canonical\" href=\"https:\/\/inkpressioecologica.com\/ca\/producto\/toner-alternativo-hp-cf213x-magenta\/\" \/>\n<meta property=\"og:locale\" content=\"ca_ES\" \/>\n<meta property=\"og:type\" content=\"article\" \/>\n<meta property=\"og:title\" content=\"T\u00f3ner alternativo HP CF213X Magenta 1800K - Inkpressi\u00f3 Ecol\u00f2gica\" \/>\n<meta property=\"og:description\" content=\"Este Cartucho est\u00e1 garantizado contra defectos de producci\u00f3n y bajo estrictos controles de calidad ISO 9001. Proveniente de cartuchos originales europeos. Garant\u00eda Inkpressi\u00f3 Ecol\u00f2gica.    Este cartucho de tinta es compatible con las siguientes impresoras:  HP Laserjet PRO 200 Color M251N Series HP Laserjet PRO 200 Color M251NW HP Laserjet PRO 200 Color M276N Series HP Laserjet PRO 200 Color M276NW Canon I-Sensys LBP-7100 Canon I-Sensys LBP-7100 CN Series Canon LBP-7100 Canon LBP-7110 Canon LBP-7110 CW Series Canon I-Sensys MF 8280 Canon I-Sensys MF 8280 CW Series Canon I-Sensys MF 8230 Canon I-Sensys MF 8230 CN Series Canon I-Sensys MF 8200 Canon Lasershot LBP-7100 Canon ImageClass LBP-7110 CW Canon ImageClass LBP-7110 Canon Color ImageClass LBP-7110 CW Series Canon Color ImageClass LBP-7110\" \/>\n<meta property=\"og:url\" content=\"https:\/\/inkpressioecologica.com\/ca\/producto\/toner-alternativo-hp-cf213x-magenta\/\" \/>\n<meta property=\"og:site_name\" content=\"Inkpressi\u00f3 Ecol\u00f2gica\" \/>\n<meta property=\"article:publisher\" content=\"https:\/\/www.facebook.com\/inkpressio\" \/>\n<meta property=\"article:modified_time\" content=\"2021-02-22T09:08:53+00:00\" \/>\n<meta name=\"twitter:card\" content=\"summary_large_image\" \/>\n<script type=\"application\/ld+json\" class=\"yoast-schema-graph\">{\"@context\":\"https:\/\/schema.org\",\"@graph\":[{\"@type\":\"WebPage\",\"@id\":\"https:\/\/inkpressioecologica.com\/ca\/producto\/toner-alternativo-hp-cf213x-magenta\/\",\"url\":\"https:\/\/inkpressioecologica.com\/ca\/producto\/toner-alternativo-hp-cf213x-magenta\/\",\"name\":\"T\u00f3ner alternativo HP CF213X Magenta 1800K - Inkpressi\u00f3 Ecol\u00f2gica\",\"isPartOf\":{\"@id\":\"https:\/\/inkpressioecologica.com\/#website\"},\"datePublished\":\"2020-07-20T11:13:28+00:00\",\"dateModified\":\"2021-02-22T09:08:53+00:00\",\"breadcrumb\":{\"@id\":\"https:\/\/inkpressioecologica.com\/ca\/producto\/toner-alternativo-hp-cf213x-magenta\/#breadcrumb\"},\"inLanguage\":\"ca\",\"potentialAction\":[{\"@type\":\"ReadAction\",\"target\":[\"https:\/\/inkpressioecologica.com\/ca\/producto\/toner-alternativo-hp-cf213x-magenta\/\"]}]},{\"@type\":\"BreadcrumbList\",\"@id\":\"https:\/\/inkpressioecologica.com\/ca\/producto\/toner-alternativo-hp-cf213x-magenta\/#breadcrumb\",\"itemListElement\":[{\"@type\":\"ListItem\",\"position\":1,\"name\":\"Inici\",\"item\":\"https:\/\/inkpressioecologica.com\/ca\/\"},{\"@type\":\"ListItem\",\"position\":2,\"name\":\"botiga online\",\"item\":\"https:\/\/inkpressioecologica.com\/tienda\/\"},{\"@type\":\"ListItem\",\"position\":3,\"name\":\"T\u00f3ner alternativo HP CF213X Magenta 1800K\"}]},{\"@type\":\"WebSite\",\"@id\":\"https:\/\/inkpressioecologica.com\/#website\",\"url\":\"https:\/\/inkpressioecologica.com\/\",\"name\":\"Inkpressi\u00f3 Ecol\u00f2gica\",\"description\":\"Botigues d&#039;impressi\u00f3 ecol\u00f2gica - cartutxos de tinta i t\u00f2ners reciclats\",\"publisher\":{\"@id\":\"https:\/\/inkpressioecologica.com\/#organization\"},\"potentialAction\":[{\"@type\":\"SearchAction\",\"target\":{\"@type\":\"EntryPoint\",\"urlTemplate\":\"https:\/\/inkpressioecologica.com\/?s={search_term_string}\"},\"query-input\":{\"@type\":\"PropertyValueSpecification\",\"valueRequired\":true,\"valueName\":\"search_term_string\"}}],\"inLanguage\":\"ca\"},{\"@type\":\"Organization\",\"@id\":\"https:\/\/inkpressioecologica.com\/#organization\",\"name\":\"Inkpressi\u00f3 Ecol\u00f2gica\",\"url\":\"https:\/\/inkpressioecologica.com\/\",\"logo\":{\"@type\":\"ImageObject\",\"inLanguage\":\"ca\",\"@id\":\"https:\/\/inkpressioecologica.com\/#\/schema\/logo\/image\/\",\"url\":\"https:\/\/inkpressioecologica.com\/wp-content\/uploads\/logo_ink.png\",\"contentUrl\":\"https:\/\/inkpressioecologica.com\/wp-content\/uploads\/logo_ink.png\",\"width\":300,\"height\":215,\"caption\":\"Inkpressi\u00f3 Ecol\u00f2gica\"},\"image\":{\"@id\":\"https:\/\/inkpressioecologica.com\/#\/schema\/logo\/image\/\"},\"sameAs\":[\"https:\/\/www.facebook.com\/inkpressio\",\"https:\/\/www.instagram.com\/inkpressioecologica\/\"]}]}<\/script>\n<!-- \/ Yoast SEO plugin. -->","yoast_head_json":{"title":"T\u00f3ner alternativo HP CF213X Magenta 1800K - Inkpressi\u00f3 Ecol\u00f2gica","robots":{"index":"index","follow":"follow","max-snippet":"max-snippet:-1","max-image-preview":"max-image-preview:large","max-video-preview":"max-video-preview:-1"},"canonical":"https:\/\/inkpressioecologica.com\/ca\/producto\/toner-alternativo-hp-cf213x-magenta\/","og_locale":"ca_ES","og_type":"article","og_title":"T\u00f3ner alternativo HP CF213X Magenta 1800K - Inkpressi\u00f3 Ecol\u00f2gica","og_description":"Este Cartucho est\u00e1 garantizado contra defectos de producci\u00f3n y bajo estrictos controles de calidad ISO 9001. Proveniente de cartuchos originales europeos. Garant\u00eda Inkpressi\u00f3 Ecol\u00f2gica.    Este cartucho de tinta es compatible con las siguientes impresoras:  HP Laserjet PRO 200 Color M251N Series HP Laserjet PRO 200 Color M251NW HP Laserjet PRO 200 Color M276N Series HP Laserjet PRO 200 Color M276NW Canon I-Sensys LBP-7100 Canon I-Sensys LBP-7100 CN Series Canon LBP-7100 Canon LBP-7110 Canon LBP-7110 CW Series Canon I-Sensys MF 8280 Canon I-Sensys MF 8280 CW Series Canon I-Sensys MF 8230 Canon I-Sensys MF 8230 CN Series Canon I-Sensys MF 8200 Canon Lasershot LBP-7100 Canon ImageClass LBP-7110 CW Canon ImageClass LBP-7110 Canon Color ImageClass LBP-7110 CW Series Canon Color ImageClass LBP-7110","og_url":"https:\/\/inkpressioecologica.com\/ca\/producto\/toner-alternativo-hp-cf213x-magenta\/","og_site_name":"Inkpressi\u00f3 Ecol\u00f2gica","article_publisher":"https:\/\/www.facebook.com\/inkpressio","article_modified_time":"2021-02-22T09:08:53+00:00","twitter_card":"summary_large_image","schema":{"@context":"https:\/\/schema.org","@graph":[{"@type":"WebPage","@id":"https:\/\/inkpressioecologica.com\/ca\/producto\/toner-alternativo-hp-cf213x-magenta\/","url":"https:\/\/inkpressioecologica.com\/ca\/producto\/toner-alternativo-hp-cf213x-magenta\/","name":"T\u00f3ner alternativo HP CF213X Magenta 1800K - Inkpressi\u00f3 Ecol\u00f2gica","isPartOf":{"@id":"https:\/\/inkpressioecologica.com\/#website"},"datePublished":"2020-07-20T11:13:28+00:00","dateModified":"2021-02-22T09:08:53+00:00","breadcrumb":{"@id":"https:\/\/inkpressioecologica.com\/ca\/producto\/toner-alternativo-hp-cf213x-magenta\/#breadcrumb"},"inLanguage":"ca","potentialAction":[{"@type":"ReadAction","target":["https:\/\/inkpressioecologica.com\/ca\/producto\/toner-alternativo-hp-cf213x-magenta\/"]}]},{"@type":"BreadcrumbList","@id":"https:\/\/inkpressioecologica.com\/ca\/producto\/toner-alternativo-hp-cf213x-magenta\/#breadcrumb","itemListElement":[{"@type":"ListItem","position":1,"name":"Inici","item":"https:\/\/inkpressioecologica.com\/ca\/"},{"@type":"ListItem","position":2,"name":"botiga online","item":"https:\/\/inkpressioecologica.com\/tienda\/"},{"@type":"ListItem","position":3,"name":"T\u00f3ner alternativo HP CF213X Magenta 1800K"}]},{"@type":"WebSite","@id":"https:\/\/inkpressioecologica.com\/#website","url":"https:\/\/inkpressioecologica.com\/","name":"Inkpressi\u00f3 Ecol\u00f2gica","description":"Botigues d&#039;impressi\u00f3 ecol\u00f2gica - cartutxos de tinta i t\u00f2ners reciclats","publisher":{"@id":"https:\/\/inkpressioecologica.com\/#organization"},"potentialAction":[{"@type":"SearchAction","target":{"@type":"EntryPoint","urlTemplate":"https:\/\/inkpressioecologica.com\/?s={search_term_string}"},"query-input":{"@type":"PropertyValueSpecification","valueRequired":true,"valueName":"search_term_string"}}],"inLanguage":"ca"},{"@type":"Organization","@id":"https:\/\/inkpressioecologica.com\/#organization","name":"Inkpressi\u00f3 Ecol\u00f2gica","url":"https:\/\/inkpressioecologica.com\/","logo":{"@type":"ImageObject","inLanguage":"ca","@id":"https:\/\/inkpressioecologica.com\/#\/schema\/logo\/image\/","url":"https:\/\/inkpressioecologica.com\/wp-content\/uploads\/logo_ink.png","contentUrl":"https:\/\/inkpressioecologica.com\/wp-content\/uploads\/logo_ink.png","width":300,"height":215,"caption":"Inkpressi\u00f3 Ecol\u00f2gica"},"image":{"@id":"https:\/\/inkpressioecologica.com\/#\/schema\/logo\/image\/"},"sameAs":["https:\/\/www.facebook.com\/inkpressio","https:\/\/www.instagram.com\/inkpressioecologica\/"]}]}},"_links":{"self":[{"href":"https:\/\/inkpressioecologica.com\/ca\/wp-json\/wp\/v2\/product\/15412","targetHints":{"allow":["GET"]}}],"collection":[{"href":"https:\/\/inkpressioecologica.com\/ca\/wp-json\/wp\/v2\/product"}],"about":[{"href":"https:\/\/inkpressioecologica.com\/ca\/wp-json\/wp\/v2\/types\/product"}],"wp:attachment":[{"href":"https:\/\/inkpressioecologica.com\/ca\/wp-json\/wp\/v2\/media?parent=15412"}],"wp:term":[{"taxonomy":"product_brand","embeddable":true,"href":"https:\/\/inkpressioecologica.com\/ca\/wp-json\/wp\/v2\/product_brand?post=15412"},{"taxonomy":"product_cat","embeddable":true,"href":"https:\/\/inkpressioecologica.com\/ca\/wp-json\/wp\/v2\/product_cat?post=15412"},{"taxonomy":"product_tag","embeddable":true,"href":"https:\/\/inkpressioecologica.com\/ca\/wp-json\/wp\/v2\/product_tag?post=15412"}],"curies":[{"name":"wp","href":"https:\/\/api.w.org\/{rel}","templated":true}]}}