{"id":15403,"date":"2020-07-20T10:37:06","date_gmt":"2020-07-20T08:37:06","guid":{"rendered":"https:\/\/inkpressioecologica.com\/?post_type=product&#038;p=15403"},"modified":"2021-02-22T11:09:06","modified_gmt":"2021-02-22T09:09:06","slug":"toner-alternativo-hp-cc364a-10000k","status":"publish","type":"product","link":"https:\/\/inkpressioecologica.com\/ca\/producto\/toner-alternativo-hp-cc364a-10000k\/","title":{"rendered":"T\u00f3ner alternativo HP CC364A 10000K"},"content":{"rendered":"","protected":false},"excerpt":{"rendered":"<p>Este Cartucho est\u00e1 garantizado contra defectos de producci\u00f3n y bajo estrictos controles de calidad <strong>ISO 9001<\/strong>. Proveniente de cartuchos originales europeos. Garant\u00eda Inkpressi\u00f3 Ecol\u00f2gica.<\/p>\n<p><img decoding=\"async\" class=\"alignnone wp-image-11805 lazyload\" data-src=\"https:\/\/inkpressioecologica.com\/wp-content\/uploads\/iso.jpg\" alt=\"\" width=\"70\" height=\"70\" src=\"data:image\/svg+xml;base64,PHN2ZyB3aWR0aD0iMSIgaGVpZ2h0PSIxIiB4bWxucz0iaHR0cDovL3d3dy53My5vcmcvMjAwMC9zdmciPjwvc3ZnPg==\" style=\"--smush-placeholder-width: 70px; --smush-placeholder-aspect-ratio: 70\/70;\" \/><\/p>\n<p><b>Este cartucho de tinta es compatible con las siguientes impresoras:<\/b><\/p>\n<p>HP Laserjet P4011<br \/>\nHP Laserjet P4012<br \/>\nHP Laserjet P4013<br \/>\nHP Laserjet P4014<br \/>\nHP Laserjet P4014DN<br \/>\nHP Laserjet P4014N<br \/>\nHP Laserjet P4014NW<br \/>\nHP Laserjet P4015 Series<br \/>\nHP Laserjet P4015DN<br \/>\nHP Laserjet P4015N<br \/>\nHP Laserjet P4015TN<br \/>\nHP Laserjet P4015X<br \/>\nHP Laserjet P4016A<br \/>\nHP Laserjet P4017<br \/>\nHP Laserjet P4514<br \/>\nHP Laserjet P4515 Series<br \/>\nHP Laserjet P4515DN<br \/>\nHP Laserjet P4515N<br \/>\nHP Laserjet P4515TN<br \/>\nHP Laserjet P4515X<br \/>\nHP Laserjet P4515XM<br \/>\nHP Laserjet P4516<br \/>\nHP Laserjet P4517<\/p>\n","protected":false},"featured_media":0,"template":"","meta":[],"product_brand":[],"product_cat":[2110,2111,2113,2112,2114,2115,2116,2117,2118,2119,2120,2121,2028],"product_tag":[],"class_list":{"0":"post-15403","1":"product","2":"type-product","3":"status-publish","5":"product_cat-hp-laserjet-p4011","6":"product_cat-hp-laserjet-p4012","7":"product_cat-hp-laserjet-p4013-toners","8":"product_cat-hp-laserjet-p4013","9":"product_cat-hp-laserjet-p4014","10":"product_cat-hp-laserjet-p4015-series","11":"product_cat-hp-laserjet-p4016a","12":"product_cat-hp-laserjet-p4017","13":"product_cat-hp-laserjet-p4514","14":"product_cat-hp-laserjet-p4515-series","15":"product_cat-hp-laserjet-p4516","16":"product_cat-hp-laserjet-p4517","17":"product_cat-toners","19":"first","20":"instock","21":"taxable","22":"shipping-taxable","23":"purchasable","24":"product-type-simple"},"yoast_head":"<!-- This site is optimized with the Yoast SEO plugin v26.8 - https:\/\/yoast.com\/product\/yoast-seo-wordpress\/ -->\n<title>T\u00f3ner alternativo HP CC364A 10000K - Inkpressi\u00f3 Ecol\u00f2gica<\/title>\n<meta name=\"robots\" content=\"index, follow, max-snippet:-1, max-image-preview:large, max-video-preview:-1\" \/>\n<link rel=\"canonical\" href=\"https:\/\/inkpressioecologica.com\/ca\/producto\/toner-alternativo-hp-cc364a-10000k\/\" \/>\n<meta property=\"og:locale\" content=\"ca_ES\" \/>\n<meta property=\"og:type\" content=\"article\" \/>\n<meta property=\"og:title\" content=\"T\u00f3ner alternativo HP CC364A 10000K - Inkpressi\u00f3 Ecol\u00f2gica\" \/>\n<meta property=\"og:description\" content=\"Este Cartucho est\u00e1 garantizado contra defectos de producci\u00f3n y bajo estrictos controles de calidad ISO 9001. Proveniente de cartuchos originales europeos. Garant\u00eda Inkpressi\u00f3 Ecol\u00f2gica.    Este cartucho de tinta es compatible con las siguientes impresoras:  HP Laserjet P4011 HP Laserjet P4012 HP Laserjet P4013 HP Laserjet P4014 HP Laserjet P4014DN HP Laserjet P4014N HP Laserjet P4014NW HP Laserjet P4015 Series HP Laserjet P4015DN HP Laserjet P4015N HP Laserjet P4015TN HP Laserjet P4015X HP Laserjet P4016A HP Laserjet P4017 HP Laserjet P4514 HP Laserjet P4515 Series HP Laserjet P4515DN HP Laserjet P4515N HP Laserjet P4515TN HP Laserjet P4515X HP Laserjet P4515XM HP Laserjet P4516 HP Laserjet P4517\" \/>\n<meta property=\"og:url\" content=\"https:\/\/inkpressioecologica.com\/ca\/producto\/toner-alternativo-hp-cc364a-10000k\/\" \/>\n<meta property=\"og:site_name\" content=\"Inkpressi\u00f3 Ecol\u00f2gica\" \/>\n<meta property=\"article:publisher\" content=\"https:\/\/www.facebook.com\/inkpressio\" \/>\n<meta property=\"article:modified_time\" content=\"2021-02-22T09:09:06+00:00\" \/>\n<meta name=\"twitter:card\" content=\"summary_large_image\" \/>\n<script type=\"application\/ld+json\" class=\"yoast-schema-graph\">{\"@context\":\"https:\/\/schema.org\",\"@graph\":[{\"@type\":\"WebPage\",\"@id\":\"https:\/\/inkpressioecologica.com\/ca\/producto\/toner-alternativo-hp-cc364a-10000k\/\",\"url\":\"https:\/\/inkpressioecologica.com\/ca\/producto\/toner-alternativo-hp-cc364a-10000k\/\",\"name\":\"T\u00f3ner alternativo HP CC364A 10000K - Inkpressi\u00f3 Ecol\u00f2gica\",\"isPartOf\":{\"@id\":\"https:\/\/inkpressioecologica.com\/#website\"},\"datePublished\":\"2020-07-20T08:37:06+00:00\",\"dateModified\":\"2021-02-22T09:09:06+00:00\",\"breadcrumb\":{\"@id\":\"https:\/\/inkpressioecologica.com\/ca\/producto\/toner-alternativo-hp-cc364a-10000k\/#breadcrumb\"},\"inLanguage\":\"ca\",\"potentialAction\":[{\"@type\":\"ReadAction\",\"target\":[\"https:\/\/inkpressioecologica.com\/ca\/producto\/toner-alternativo-hp-cc364a-10000k\/\"]}]},{\"@type\":\"BreadcrumbList\",\"@id\":\"https:\/\/inkpressioecologica.com\/ca\/producto\/toner-alternativo-hp-cc364a-10000k\/#breadcrumb\",\"itemListElement\":[{\"@type\":\"ListItem\",\"position\":1,\"name\":\"Inici\",\"item\":\"https:\/\/inkpressioecologica.com\/ca\/\"},{\"@type\":\"ListItem\",\"position\":2,\"name\":\"botiga online\",\"item\":\"https:\/\/inkpressioecologica.com\/tienda\/\"},{\"@type\":\"ListItem\",\"position\":3,\"name\":\"T\u00f3ner alternativo HP CC364A 10000K\"}]},{\"@type\":\"WebSite\",\"@id\":\"https:\/\/inkpressioecologica.com\/#website\",\"url\":\"https:\/\/inkpressioecologica.com\/\",\"name\":\"Inkpressi\u00f3 Ecol\u00f2gica\",\"description\":\"Botigues d&#039;impressi\u00f3 ecol\u00f2gica - cartutxos de tinta i t\u00f2ners reciclats\",\"publisher\":{\"@id\":\"https:\/\/inkpressioecologica.com\/#organization\"},\"potentialAction\":[{\"@type\":\"SearchAction\",\"target\":{\"@type\":\"EntryPoint\",\"urlTemplate\":\"https:\/\/inkpressioecologica.com\/?s={search_term_string}\"},\"query-input\":{\"@type\":\"PropertyValueSpecification\",\"valueRequired\":true,\"valueName\":\"search_term_string\"}}],\"inLanguage\":\"ca\"},{\"@type\":\"Organization\",\"@id\":\"https:\/\/inkpressioecologica.com\/#organization\",\"name\":\"Inkpressi\u00f3 Ecol\u00f2gica\",\"url\":\"https:\/\/inkpressioecologica.com\/\",\"logo\":{\"@type\":\"ImageObject\",\"inLanguage\":\"ca\",\"@id\":\"https:\/\/inkpressioecologica.com\/#\/schema\/logo\/image\/\",\"url\":\"https:\/\/inkpressioecologica.com\/wp-content\/uploads\/logo_ink.png\",\"contentUrl\":\"https:\/\/inkpressioecologica.com\/wp-content\/uploads\/logo_ink.png\",\"width\":300,\"height\":215,\"caption\":\"Inkpressi\u00f3 Ecol\u00f2gica\"},\"image\":{\"@id\":\"https:\/\/inkpressioecologica.com\/#\/schema\/logo\/image\/\"},\"sameAs\":[\"https:\/\/www.facebook.com\/inkpressio\",\"https:\/\/www.instagram.com\/inkpressioecologica\/\"]}]}<\/script>\n<!-- \/ Yoast SEO plugin. -->","yoast_head_json":{"title":"T\u00f3ner alternativo HP CC364A 10000K - Inkpressi\u00f3 Ecol\u00f2gica","robots":{"index":"index","follow":"follow","max-snippet":"max-snippet:-1","max-image-preview":"max-image-preview:large","max-video-preview":"max-video-preview:-1"},"canonical":"https:\/\/inkpressioecologica.com\/ca\/producto\/toner-alternativo-hp-cc364a-10000k\/","og_locale":"ca_ES","og_type":"article","og_title":"T\u00f3ner alternativo HP CC364A 10000K - Inkpressi\u00f3 Ecol\u00f2gica","og_description":"Este Cartucho est\u00e1 garantizado contra defectos de producci\u00f3n y bajo estrictos controles de calidad ISO 9001. Proveniente de cartuchos originales europeos. Garant\u00eda Inkpressi\u00f3 Ecol\u00f2gica.    Este cartucho de tinta es compatible con las siguientes impresoras:  HP Laserjet P4011 HP Laserjet P4012 HP Laserjet P4013 HP Laserjet P4014 HP Laserjet P4014DN HP Laserjet P4014N HP Laserjet P4014NW HP Laserjet P4015 Series HP Laserjet P4015DN HP Laserjet P4015N HP Laserjet P4015TN HP Laserjet P4015X HP Laserjet P4016A HP Laserjet P4017 HP Laserjet P4514 HP Laserjet P4515 Series HP Laserjet P4515DN HP Laserjet P4515N HP Laserjet P4515TN HP Laserjet P4515X HP Laserjet P4515XM HP Laserjet P4516 HP Laserjet P4517","og_url":"https:\/\/inkpressioecologica.com\/ca\/producto\/toner-alternativo-hp-cc364a-10000k\/","og_site_name":"Inkpressi\u00f3 Ecol\u00f2gica","article_publisher":"https:\/\/www.facebook.com\/inkpressio","article_modified_time":"2021-02-22T09:09:06+00:00","twitter_card":"summary_large_image","schema":{"@context":"https:\/\/schema.org","@graph":[{"@type":"WebPage","@id":"https:\/\/inkpressioecologica.com\/ca\/producto\/toner-alternativo-hp-cc364a-10000k\/","url":"https:\/\/inkpressioecologica.com\/ca\/producto\/toner-alternativo-hp-cc364a-10000k\/","name":"T\u00f3ner alternativo HP CC364A 10000K - Inkpressi\u00f3 Ecol\u00f2gica","isPartOf":{"@id":"https:\/\/inkpressioecologica.com\/#website"},"datePublished":"2020-07-20T08:37:06+00:00","dateModified":"2021-02-22T09:09:06+00:00","breadcrumb":{"@id":"https:\/\/inkpressioecologica.com\/ca\/producto\/toner-alternativo-hp-cc364a-10000k\/#breadcrumb"},"inLanguage":"ca","potentialAction":[{"@type":"ReadAction","target":["https:\/\/inkpressioecologica.com\/ca\/producto\/toner-alternativo-hp-cc364a-10000k\/"]}]},{"@type":"BreadcrumbList","@id":"https:\/\/inkpressioecologica.com\/ca\/producto\/toner-alternativo-hp-cc364a-10000k\/#breadcrumb","itemListElement":[{"@type":"ListItem","position":1,"name":"Inici","item":"https:\/\/inkpressioecologica.com\/ca\/"},{"@type":"ListItem","position":2,"name":"botiga online","item":"https:\/\/inkpressioecologica.com\/tienda\/"},{"@type":"ListItem","position":3,"name":"T\u00f3ner alternativo HP CC364A 10000K"}]},{"@type":"WebSite","@id":"https:\/\/inkpressioecologica.com\/#website","url":"https:\/\/inkpressioecologica.com\/","name":"Inkpressi\u00f3 Ecol\u00f2gica","description":"Botigues d&#039;impressi\u00f3 ecol\u00f2gica - cartutxos de tinta i t\u00f2ners reciclats","publisher":{"@id":"https:\/\/inkpressioecologica.com\/#organization"},"potentialAction":[{"@type":"SearchAction","target":{"@type":"EntryPoint","urlTemplate":"https:\/\/inkpressioecologica.com\/?s={search_term_string}"},"query-input":{"@type":"PropertyValueSpecification","valueRequired":true,"valueName":"search_term_string"}}],"inLanguage":"ca"},{"@type":"Organization","@id":"https:\/\/inkpressioecologica.com\/#organization","name":"Inkpressi\u00f3 Ecol\u00f2gica","url":"https:\/\/inkpressioecologica.com\/","logo":{"@type":"ImageObject","inLanguage":"ca","@id":"https:\/\/inkpressioecologica.com\/#\/schema\/logo\/image\/","url":"https:\/\/inkpressioecologica.com\/wp-content\/uploads\/logo_ink.png","contentUrl":"https:\/\/inkpressioecologica.com\/wp-content\/uploads\/logo_ink.png","width":300,"height":215,"caption":"Inkpressi\u00f3 Ecol\u00f2gica"},"image":{"@id":"https:\/\/inkpressioecologica.com\/#\/schema\/logo\/image\/"},"sameAs":["https:\/\/www.facebook.com\/inkpressio","https:\/\/www.instagram.com\/inkpressioecologica\/"]}]}},"_links":{"self":[{"href":"https:\/\/inkpressioecologica.com\/ca\/wp-json\/wp\/v2\/product\/15403","targetHints":{"allow":["GET"]}}],"collection":[{"href":"https:\/\/inkpressioecologica.com\/ca\/wp-json\/wp\/v2\/product"}],"about":[{"href":"https:\/\/inkpressioecologica.com\/ca\/wp-json\/wp\/v2\/types\/product"}],"wp:attachment":[{"href":"https:\/\/inkpressioecologica.com\/ca\/wp-json\/wp\/v2\/media?parent=15403"}],"wp:term":[{"taxonomy":"product_brand","embeddable":true,"href":"https:\/\/inkpressioecologica.com\/ca\/wp-json\/wp\/v2\/product_brand?post=15403"},{"taxonomy":"product_cat","embeddable":true,"href":"https:\/\/inkpressioecologica.com\/ca\/wp-json\/wp\/v2\/product_cat?post=15403"},{"taxonomy":"product_tag","embeddable":true,"href":"https:\/\/inkpressioecologica.com\/ca\/wp-json\/wp\/v2\/product_tag?post=15403"}],"curies":[{"name":"wp","href":"https:\/\/api.w.org\/{rel}","templated":true}]}}