{"id":15401,"date":"2020-07-20T10:32:59","date_gmt":"2020-07-20T08:32:59","guid":{"rendered":"https:\/\/inkpressioecologica.com\/?post_type=product&#038;p=15401"},"modified":"2021-02-22T11:09:07","modified_gmt":"2021-02-22T09:09:07","slug":"toner-alternativo-hp-cb542a-ce322-cf212-716-732","status":"publish","type":"product","link":"https:\/\/inkpressioecologica.com\/ca\/producto\/toner-alternativo-hp-cb542a-ce322-cf212-716-732\/","title":{"rendered":"T\u00f3ner alternativo HP CB542A\/CE322\/CF212\/716\/732 2200K"},"content":{"rendered":"","protected":false},"excerpt":{"rendered":"<p>Este Cartucho est\u00e1 garantizado contra defectos de producci\u00f3n y bajo estrictos controles de calidad <strong>ISO 9001<\/strong>. Proveniente de cartuchos originales europeos. Garant\u00eda Inkpressi\u00f3 Ecol\u00f2gica.<\/p>\n<p><img decoding=\"async\" class=\"alignnone wp-image-11805 lazyload\" data-src=\"https:\/\/inkpressioecologica.com\/wp-content\/uploads\/iso.jpg\" alt=\"\" width=\"70\" height=\"70\" src=\"data:image\/svg+xml;base64,PHN2ZyB3aWR0aD0iMSIgaGVpZ2h0PSIxIiB4bWxucz0iaHR0cDovL3d3dy53My5vcmcvMjAwMC9zdmciPjwvc3ZnPg==\" style=\"--smush-placeholder-width: 70px; --smush-placeholder-aspect-ratio: 70\/70;\" \/><\/p>\n<p><b>Este cartucho de tinta es compatible con las siguientes impresoras:<\/b><\/p>\n<p>HP ColorLaserjet CM1312 MFP<br \/>\nHP ColorLaserjet CM1312CB MFP Series<br \/>\nHP ColorLaserjet CM1312CI MFP<br \/>\nHP ColorLaserjet CM1312EB MFP<br \/>\nHP ColorLaserjet CM1312NFI MFP<br \/>\nHP ColorLaserjet CM1312WB MFP<br \/>\nHP ColorLaserjet CM1312WI MFP<br \/>\nHP ColorLaserjet CM1512A<br \/>\nHP ColorLaserjet CM1512H Series<br \/>\nHP ColorLaserjet CM1512NFI<br \/>\nHP ColorLaserjet CM1512W<br \/>\nHP ColorLaserjet CP1210<br \/>\nHP ColorLaserjet CP1213<br \/>\nHP ColorLaserjet CP1214<br \/>\nHP ColorLaserjet CP1214N Series<br \/>\nHP ColorLaserjet CP1215<br \/>\nHP ColorLaserjet CP1216<br \/>\nHP ColorLaserjet CP1217<br \/>\nHP ColorLaserjet CP1510 Series<br \/>\nHP ColorLaserjet CP1513<br \/>\nHP ColorLaserjet CP1513N Series<br \/>\nHP ColorLaserjet CP1514N<br \/>\nHP ColorLaserjet CP1515N<br \/>\nHP ColorLaserjet CP1516N<br \/>\nHP ColorLaserjet CP1517N<br \/>\nHP ColorLaserjet CP1518NI<br \/>\nHP ColorLaserjet CP1519N<br \/>\nHP ColorLaserjet CP1519NIHP Series<\/p>\n<p>Laserjet CP1525<br \/>\nHP Laserjet CP1525N Series<br \/>\nHP Laserjet CP1525NW<br \/>\nHP Laserjet CP1526NW<br \/>\nHP Laserjet PRO CM1410Series<br \/>\nHP Laserjet PRO CM1411FN<br \/>\nHP Laserjet PRO CM1412FN<br \/>\nHP Laserjet PRO CM1413FN<br \/>\nHP Laserjet PRO CM1415FN<br \/>\nHP Laserjet PRO CM1415FNW Series<br \/>\nHP Laserjet PRO CM1416FNW<br \/>\nHP Laserjet PRO CM1417FNW<br \/>\nHP Laserjet PRO CM1418FNW<br \/>\nHP Laserjet PRO CP1520Series<br \/>\nHP Laserjet PRO CP1521N<br \/>\nHP Laserjet PRO CP1522N<br \/>\nHP Laserjet PRO CP1523N<br \/>\nHP Laserjet PRO CP1525<br \/>\nHP Laserjet PRO CP1525N Series<br \/>\nHP Laserjet PRO CP1525NW<br \/>\nHP Laserjet PRO CP1526NW<br \/>\nHP Laserjet PRO CP1527NW<\/p>\n<p>HP Laserjet PRO CP1528NW<\/p>\n<p>HP Laserjet PRO 200 Color M251N<br \/>\nHP Laserjet PRO 200 Color M251NW Series<br \/>\nHP Laserjet PRO 200 Color M276N<br \/>\nHP Laserjet PRO 200 Color M276NW Series<br \/>\nCanon I-Sensys LBP-7100<br \/>\nCanon I-Sensys LBP-7100 CN Series<br \/>\nCanon LBP-7100<br \/>\nCanon LBP-7110<br \/>\nCanon LBP-7110 CW Series<br \/>\nCanon I-Sensys MF 8280<br \/>\nCanon I-Sensys MF 8280 CW Series<br \/>\nCanon I-Sensys MF 8230<br \/>\nCanon I-Sensys MF 8230 CN Series<br \/>\nCanon I-Sensys MF 8200<br \/>\nCanon Lasershot LBP-7100<br \/>\nCanon ImageClass LBP-7110 CW Series<br \/>\nCanon ImageClass LBP-7110<br \/>\nCanon Color ImageClass LBP-7110 CW Series<br \/>\nCanon Color ImageClass LBP-7110<\/p>\n","protected":false},"featured_media":0,"template":"","meta":[],"product_brand":[],"product_cat":[2109,2103,2107,2106,2105,2108,2104,2067,2068,2069,2070,2071,2072,2073,2074,2075,2076,2077,2078,2079,2080,2081,2082,2083,2084,2043,2101,2102,2085,2086,2087,2088,2089,2090,2091,2092,2093,2094,2095,2096,2097,2098,2099,2100,2028],"product_tag":[],"class_list":{"0":"post-15401","1":"product","2":"type-product","3":"status-publish","5":"product_cat-canon-color-imageclass-lbp-7110-cw-series","6":"product_cat-canon-i-sensys-lbp-7100-cn-series","7":"product_cat-canon-i-sensys-mf-8200","8":"product_cat-canon-i-sensys-mf-8230-cn-series","9":"product_cat-canon-i-sensys-mf-8280-cw-series","10":"product_cat-canon-imageclass-lbp-7110-cw-series","11":"product_cat-canon-lbp-7110-cw-series","12":"product_cat-hp-colorlaserjet-cm1312cb-mfp-series","13":"product_cat-hp-colorlaserjet-cm1512h-series","14":"product_cat-hp-colorlaserjet-cp1210","15":"product_cat-hp-colorlaserjet-cp1213","16":"product_cat-hp-colorlaserjet-cp1214n-series","17":"product_cat-hp-colorlaserjet-cp1215","18":"product_cat-hp-colorlaserjet-cp1216","19":"product_cat-hp-colorlaserjet-cp1217","20":"product_cat-hp-colorlaserjet-cp1510-series","21":"product_cat-hp-colorlaserjet-cp1513n-series","22":"product_cat-hp-colorlaserjet-cp1514n","23":"product_cat-hp-colorlaserjet-cp1515n","24":"product_cat-hp-colorlaserjet-cp1516n","25":"product_cat-hp-colorlaserjet-cp1517n","26":"product_cat-hp-colorlaserjet-cp1518ni","27":"product_cat-hp-colorlaserjet-cp1519nihp-series","28":"product_cat-hp-laserjet-cp1525n-series","29":"product_cat-hp-laserjet-cp1526nw","30":"product_cat-hp-laserjet-m1136mfp","31":"product_cat-hp-laserjet-pro-200-color-m251nw-series","32":"product_cat-hp-laserjet-pro-200-color-m276nw-series","33":"product_cat-hp-laserjet-pro-cm1410series","34":"product_cat-hp-laserjet-pro-cm1411fn","35":"product_cat-hp-laserjet-pro-cm1412fn","36":"product_cat-hp-laserjet-pro-cm1413fn","37":"product_cat-hp-laserjet-pro-cm1415fnw-series","38":"product_cat-hp-laserjet-pro-cm1416fnw","39":"product_cat-hp-laserjet-pro-cm1417fnw","40":"product_cat-hp-laserjet-pro-cm1418fnw","41":"product_cat-hp-laserjet-pro-cp1520series","42":"product_cat-hp-laserjet-pro-cp1521n","43":"product_cat-hp-laserjet-pro-cp1522n","44":"product_cat-hp-laserjet-pro-cp1523n","45":"product_cat-hp-laserjet-pro-cp1525n-series","46":"product_cat-hp-laserjet-pro-cp1526nw","47":"product_cat-hp-laserjet-pro-cp1527nw","48":"product_cat-hp-laserjet-pro-cp1528nw","49":"product_cat-toners","51":"first","52":"instock","53":"taxable","54":"shipping-taxable","55":"purchasable","56":"product-type-simple"},"yoast_head":"<!-- This site is optimized with the Yoast SEO plugin v26.8 - https:\/\/yoast.com\/product\/yoast-seo-wordpress\/ -->\n<title>T\u00f3ner alternativo HP CB542A\/CE322\/CF212\/716\/732 2200K - Inkpressi\u00f3 Ecol\u00f2gica<\/title>\n<meta name=\"robots\" content=\"index, follow, max-snippet:-1, max-image-preview:large, max-video-preview:-1\" \/>\n<link rel=\"canonical\" href=\"https:\/\/inkpressioecologica.com\/ca\/producto\/toner-alternativo-hp-cb542a-ce322-cf212-716-732\/\" \/>\n<meta property=\"og:locale\" content=\"ca_ES\" \/>\n<meta property=\"og:type\" content=\"article\" \/>\n<meta property=\"og:title\" content=\"T\u00f3ner alternativo HP CB542A\/CE322\/CF212\/716\/732 2200K - Inkpressi\u00f3 Ecol\u00f2gica\" \/>\n<meta property=\"og:description\" content=\"Este Cartucho est\u00e1 garantizado contra defectos de producci\u00f3n y bajo estrictos controles de calidad ISO 9001. Proveniente de cartuchos originales europeos. Garant\u00eda Inkpressi\u00f3 Ecol\u00f2gica.    Este cartucho de tinta es compatible con las siguientes impresoras:  HP ColorLaserjet CM1312 MFP HP ColorLaserjet CM1312CB MFP Series HP ColorLaserjet CM1312CI MFP HP ColorLaserjet CM1312EB MFP HP ColorLaserjet CM1312NFI MFP HP ColorLaserjet CM1312WB MFP HP ColorLaserjet CM1312WI MFP HP ColorLaserjet CM1512A HP ColorLaserjet CM1512H Series HP ColorLaserjet CM1512NFI HP ColorLaserjet CM1512W HP ColorLaserjet CP1210 HP ColorLaserjet CP1213 HP ColorLaserjet CP1214 HP ColorLaserjet CP1214N Series HP ColorLaserjet CP1215 HP ColorLaserjet CP1216 HP ColorLaserjet CP1217 HP ColorLaserjet CP1510 Series HP ColorLaserjet CP1513 HP ColorLaserjet CP1513N Series HP ColorLaserjet CP1514N HP ColorLaserjet CP1515N HP ColorLaserjet CP1516N HP ColorLaserjet CP1517N HP ColorLaserjet CP1518NI HP ColorLaserjet CP1519N HP ColorLaserjet CP1519NIHP Series  Laserjet CP1525 HP Laserjet CP1525N Series HP Laserjet CP1525NW HP Laserjet CP1526NW HP Laserjet PRO CM1410Series HP Laserjet PRO CM1411FN HP Laserjet PRO CM1412FN HP Laserjet PRO CM1413FN HP Laserjet PRO CM1415FN HP Laserjet PRO CM1415FNW Series HP Laserjet PRO CM1416FNW HP Laserjet PRO CM1417FNW HP Laserjet PRO CM1418FNW HP Laserjet PRO CP1520Series HP Laserjet PRO CP1521N HP Laserjet PRO CP1522N HP Laserjet PRO CP1523N HP Laserjet PRO CP1525 HP Laserjet PRO CP1525N Series HP Laserjet PRO CP1525NW HP Laserjet PRO CP1526NW HP Laserjet PRO CP1527NW  HP Laserjet PRO CP1528NW  HP Laserjet PRO 200 Color M251N HP Laserjet PRO 200 Color M251NW Series HP Laserjet PRO 200 Color M276N HP Laserjet PRO 200 Color M276NW Series Canon I-Sensys LBP-7100 Canon I-Sensys LBP-7100 CN Series Canon LBP-7100 Canon LBP-7110 Canon LBP-7110 CW Series Canon I-Sensys MF 8280 Canon I-Sensys MF 8280 CW Series Canon I-Sensys MF 8230 Canon I-Sensys MF 8230 CN Series Canon I-Sensys MF 8200 Canon Lasershot LBP-7100 Canon ImageClass LBP-7110 CW Series Canon ImageClass LBP-7110 Canon Color ImageClass LBP-7110 CW Series Canon Color ImageClass LBP-7110\" \/>\n<meta property=\"og:url\" content=\"https:\/\/inkpressioecologica.com\/ca\/producto\/toner-alternativo-hp-cb542a-ce322-cf212-716-732\/\" \/>\n<meta property=\"og:site_name\" content=\"Inkpressi\u00f3 Ecol\u00f2gica\" \/>\n<meta property=\"article:publisher\" content=\"https:\/\/www.facebook.com\/inkpressio\" \/>\n<meta property=\"article:modified_time\" content=\"2021-02-22T09:09:07+00:00\" \/>\n<meta name=\"twitter:card\" content=\"summary_large_image\" \/>\n<script type=\"application\/ld+json\" class=\"yoast-schema-graph\">{\"@context\":\"https:\/\/schema.org\",\"@graph\":[{\"@type\":\"WebPage\",\"@id\":\"https:\/\/inkpressioecologica.com\/ca\/producto\/toner-alternativo-hp-cb542a-ce322-cf212-716-732\/\",\"url\":\"https:\/\/inkpressioecologica.com\/ca\/producto\/toner-alternativo-hp-cb542a-ce322-cf212-716-732\/\",\"name\":\"T\u00f3ner alternativo HP CB542A\/CE322\/CF212\/716\/732 2200K - Inkpressi\u00f3 Ecol\u00f2gica\",\"isPartOf\":{\"@id\":\"https:\/\/inkpressioecologica.com\/#website\"},\"datePublished\":\"2020-07-20T08:32:59+00:00\",\"dateModified\":\"2021-02-22T09:09:07+00:00\",\"breadcrumb\":{\"@id\":\"https:\/\/inkpressioecologica.com\/ca\/producto\/toner-alternativo-hp-cb542a-ce322-cf212-716-732\/#breadcrumb\"},\"inLanguage\":\"ca\",\"potentialAction\":[{\"@type\":\"ReadAction\",\"target\":[\"https:\/\/inkpressioecologica.com\/ca\/producto\/toner-alternativo-hp-cb542a-ce322-cf212-716-732\/\"]}]},{\"@type\":\"BreadcrumbList\",\"@id\":\"https:\/\/inkpressioecologica.com\/ca\/producto\/toner-alternativo-hp-cb542a-ce322-cf212-716-732\/#breadcrumb\",\"itemListElement\":[{\"@type\":\"ListItem\",\"position\":1,\"name\":\"Inici\",\"item\":\"https:\/\/inkpressioecologica.com\/ca\/\"},{\"@type\":\"ListItem\",\"position\":2,\"name\":\"botiga online\",\"item\":\"https:\/\/inkpressioecologica.com\/tienda\/\"},{\"@type\":\"ListItem\",\"position\":3,\"name\":\"T\u00f3ner alternativo HP CB542A\/CE322\/CF212\/716\/732 2200K\"}]},{\"@type\":\"WebSite\",\"@id\":\"https:\/\/inkpressioecologica.com\/#website\",\"url\":\"https:\/\/inkpressioecologica.com\/\",\"name\":\"Inkpressi\u00f3 Ecol\u00f2gica\",\"description\":\"Botigues d&#039;impressi\u00f3 ecol\u00f2gica - cartutxos de tinta i t\u00f2ners reciclats\",\"publisher\":{\"@id\":\"https:\/\/inkpressioecologica.com\/#organization\"},\"potentialAction\":[{\"@type\":\"SearchAction\",\"target\":{\"@type\":\"EntryPoint\",\"urlTemplate\":\"https:\/\/inkpressioecologica.com\/?s={search_term_string}\"},\"query-input\":{\"@type\":\"PropertyValueSpecification\",\"valueRequired\":true,\"valueName\":\"search_term_string\"}}],\"inLanguage\":\"ca\"},{\"@type\":\"Organization\",\"@id\":\"https:\/\/inkpressioecologica.com\/#organization\",\"name\":\"Inkpressi\u00f3 Ecol\u00f2gica\",\"url\":\"https:\/\/inkpressioecologica.com\/\",\"logo\":{\"@type\":\"ImageObject\",\"inLanguage\":\"ca\",\"@id\":\"https:\/\/inkpressioecologica.com\/#\/schema\/logo\/image\/\",\"url\":\"https:\/\/inkpressioecologica.com\/wp-content\/uploads\/logo_ink.png\",\"contentUrl\":\"https:\/\/inkpressioecologica.com\/wp-content\/uploads\/logo_ink.png\",\"width\":300,\"height\":215,\"caption\":\"Inkpressi\u00f3 Ecol\u00f2gica\"},\"image\":{\"@id\":\"https:\/\/inkpressioecologica.com\/#\/schema\/logo\/image\/\"},\"sameAs\":[\"https:\/\/www.facebook.com\/inkpressio\",\"https:\/\/www.instagram.com\/inkpressioecologica\/\"]}]}<\/script>\n<!-- \/ Yoast SEO plugin. -->","yoast_head_json":{"title":"T\u00f3ner alternativo HP CB542A\/CE322\/CF212\/716\/732 2200K - Inkpressi\u00f3 Ecol\u00f2gica","robots":{"index":"index","follow":"follow","max-snippet":"max-snippet:-1","max-image-preview":"max-image-preview:large","max-video-preview":"max-video-preview:-1"},"canonical":"https:\/\/inkpressioecologica.com\/ca\/producto\/toner-alternativo-hp-cb542a-ce322-cf212-716-732\/","og_locale":"ca_ES","og_type":"article","og_title":"T\u00f3ner alternativo HP CB542A\/CE322\/CF212\/716\/732 2200K - Inkpressi\u00f3 Ecol\u00f2gica","og_description":"Este Cartucho est\u00e1 garantizado contra defectos de producci\u00f3n y bajo estrictos controles de calidad ISO 9001. Proveniente de cartuchos originales europeos. Garant\u00eda Inkpressi\u00f3 Ecol\u00f2gica.    Este cartucho de tinta es compatible con las siguientes impresoras:  HP ColorLaserjet CM1312 MFP HP ColorLaserjet CM1312CB MFP Series HP ColorLaserjet CM1312CI MFP HP ColorLaserjet CM1312EB MFP HP ColorLaserjet CM1312NFI MFP HP ColorLaserjet CM1312WB MFP HP ColorLaserjet CM1312WI MFP HP ColorLaserjet CM1512A HP ColorLaserjet CM1512H Series HP ColorLaserjet CM1512NFI HP ColorLaserjet CM1512W HP ColorLaserjet CP1210 HP ColorLaserjet CP1213 HP ColorLaserjet CP1214 HP ColorLaserjet CP1214N Series HP ColorLaserjet CP1215 HP ColorLaserjet CP1216 HP ColorLaserjet CP1217 HP ColorLaserjet CP1510 Series HP ColorLaserjet CP1513 HP ColorLaserjet CP1513N Series HP ColorLaserjet CP1514N HP ColorLaserjet CP1515N HP ColorLaserjet CP1516N HP ColorLaserjet CP1517N HP ColorLaserjet CP1518NI HP ColorLaserjet CP1519N HP ColorLaserjet CP1519NIHP Series  Laserjet CP1525 HP Laserjet CP1525N Series HP Laserjet CP1525NW HP Laserjet CP1526NW HP Laserjet PRO CM1410Series HP Laserjet PRO CM1411FN HP Laserjet PRO CM1412FN HP Laserjet PRO CM1413FN HP Laserjet PRO CM1415FN HP Laserjet PRO CM1415FNW Series HP Laserjet PRO CM1416FNW HP Laserjet PRO CM1417FNW HP Laserjet PRO CM1418FNW HP Laserjet PRO CP1520Series HP Laserjet PRO CP1521N HP Laserjet PRO CP1522N HP Laserjet PRO CP1523N HP Laserjet PRO CP1525 HP Laserjet PRO CP1525N Series HP Laserjet PRO CP1525NW HP Laserjet PRO CP1526NW HP Laserjet PRO CP1527NW  HP Laserjet PRO CP1528NW  HP Laserjet PRO 200 Color M251N HP Laserjet PRO 200 Color M251NW Series HP Laserjet PRO 200 Color M276N HP Laserjet PRO 200 Color M276NW Series Canon I-Sensys LBP-7100 Canon I-Sensys LBP-7100 CN Series Canon LBP-7100 Canon LBP-7110 Canon LBP-7110 CW Series Canon I-Sensys MF 8280 Canon I-Sensys MF 8280 CW Series Canon I-Sensys MF 8230 Canon I-Sensys MF 8230 CN Series Canon I-Sensys MF 8200 Canon Lasershot LBP-7100 Canon ImageClass LBP-7110 CW Series Canon ImageClass LBP-7110 Canon Color ImageClass LBP-7110 CW Series Canon Color ImageClass LBP-7110","og_url":"https:\/\/inkpressioecologica.com\/ca\/producto\/toner-alternativo-hp-cb542a-ce322-cf212-716-732\/","og_site_name":"Inkpressi\u00f3 Ecol\u00f2gica","article_publisher":"https:\/\/www.facebook.com\/inkpressio","article_modified_time":"2021-02-22T09:09:07+00:00","twitter_card":"summary_large_image","schema":{"@context":"https:\/\/schema.org","@graph":[{"@type":"WebPage","@id":"https:\/\/inkpressioecologica.com\/ca\/producto\/toner-alternativo-hp-cb542a-ce322-cf212-716-732\/","url":"https:\/\/inkpressioecologica.com\/ca\/producto\/toner-alternativo-hp-cb542a-ce322-cf212-716-732\/","name":"T\u00f3ner alternativo HP CB542A\/CE322\/CF212\/716\/732 2200K - Inkpressi\u00f3 Ecol\u00f2gica","isPartOf":{"@id":"https:\/\/inkpressioecologica.com\/#website"},"datePublished":"2020-07-20T08:32:59+00:00","dateModified":"2021-02-22T09:09:07+00:00","breadcrumb":{"@id":"https:\/\/inkpressioecologica.com\/ca\/producto\/toner-alternativo-hp-cb542a-ce322-cf212-716-732\/#breadcrumb"},"inLanguage":"ca","potentialAction":[{"@type":"ReadAction","target":["https:\/\/inkpressioecologica.com\/ca\/producto\/toner-alternativo-hp-cb542a-ce322-cf212-716-732\/"]}]},{"@type":"BreadcrumbList","@id":"https:\/\/inkpressioecologica.com\/ca\/producto\/toner-alternativo-hp-cb542a-ce322-cf212-716-732\/#breadcrumb","itemListElement":[{"@type":"ListItem","position":1,"name":"Inici","item":"https:\/\/inkpressioecologica.com\/ca\/"},{"@type":"ListItem","position":2,"name":"botiga online","item":"https:\/\/inkpressioecologica.com\/tienda\/"},{"@type":"ListItem","position":3,"name":"T\u00f3ner alternativo HP CB542A\/CE322\/CF212\/716\/732 2200K"}]},{"@type":"WebSite","@id":"https:\/\/inkpressioecologica.com\/#website","url":"https:\/\/inkpressioecologica.com\/","name":"Inkpressi\u00f3 Ecol\u00f2gica","description":"Botigues d&#039;impressi\u00f3 ecol\u00f2gica - cartutxos de tinta i t\u00f2ners reciclats","publisher":{"@id":"https:\/\/inkpressioecologica.com\/#organization"},"potentialAction":[{"@type":"SearchAction","target":{"@type":"EntryPoint","urlTemplate":"https:\/\/inkpressioecologica.com\/?s={search_term_string}"},"query-input":{"@type":"PropertyValueSpecification","valueRequired":true,"valueName":"search_term_string"}}],"inLanguage":"ca"},{"@type":"Organization","@id":"https:\/\/inkpressioecologica.com\/#organization","name":"Inkpressi\u00f3 Ecol\u00f2gica","url":"https:\/\/inkpressioecologica.com\/","logo":{"@type":"ImageObject","inLanguage":"ca","@id":"https:\/\/inkpressioecologica.com\/#\/schema\/logo\/image\/","url":"https:\/\/inkpressioecologica.com\/wp-content\/uploads\/logo_ink.png","contentUrl":"https:\/\/inkpressioecologica.com\/wp-content\/uploads\/logo_ink.png","width":300,"height":215,"caption":"Inkpressi\u00f3 Ecol\u00f2gica"},"image":{"@id":"https:\/\/inkpressioecologica.com\/#\/schema\/logo\/image\/"},"sameAs":["https:\/\/www.facebook.com\/inkpressio","https:\/\/www.instagram.com\/inkpressioecologica\/"]}]}},"_links":{"self":[{"href":"https:\/\/inkpressioecologica.com\/ca\/wp-json\/wp\/v2\/product\/15401","targetHints":{"allow":["GET"]}}],"collection":[{"href":"https:\/\/inkpressioecologica.com\/ca\/wp-json\/wp\/v2\/product"}],"about":[{"href":"https:\/\/inkpressioecologica.com\/ca\/wp-json\/wp\/v2\/types\/product"}],"wp:attachment":[{"href":"https:\/\/inkpressioecologica.com\/ca\/wp-json\/wp\/v2\/media?parent=15401"}],"wp:term":[{"taxonomy":"product_brand","embeddable":true,"href":"https:\/\/inkpressioecologica.com\/ca\/wp-json\/wp\/v2\/product_brand?post=15401"},{"taxonomy":"product_cat","embeddable":true,"href":"https:\/\/inkpressioecologica.com\/ca\/wp-json\/wp\/v2\/product_cat?post=15401"},{"taxonomy":"product_tag","embeddable":true,"href":"https:\/\/inkpressioecologica.com\/ca\/wp-json\/wp\/v2\/product_tag?post=15401"}],"curies":[{"name":"wp","href":"https:\/\/api.w.org\/{rel}","templated":true}]}}