{"id":15280,"date":"2020-05-14T19:22:36","date_gmt":"2020-05-14T17:22:36","guid":{"rendered":"https:\/\/inkpressioecologica.com\/?post_type=product&#038;p=15280"},"modified":"2021-02-22T11:11:09","modified_gmt":"2021-02-22T09:11:09","slug":"cartucho-de-tinta-alternativo-canon-cli-526-gris","status":"publish","type":"product","link":"https:\/\/inkpressioecologica.com\/ca\/producto\/cartucho-de-tinta-alternativo-canon-cli-526-gris\/","title":{"rendered":"Cartucho de tinta Alternativo Canon CLI-526 (4544B001) Gris 9 ml"},"content":{"rendered":"","protected":false},"excerpt":{"rendered":"<p>Este Cartucho est\u00e1 garantizado contra defectos de producci\u00f3n y bajo estrictos controles de calidad <strong>ISO 9001<\/strong>. Proveniente de cartuchos originales europeos. Garant\u00eda Inkpressi\u00f3 Ecol\u00f2gica.<\/p>\n<p><img decoding=\"async\" class=\"alignnone wp-image-11805 lazyload\" data-src=\"https:\/\/inkpressioecologica.com\/wp-content\/uploads\/iso.jpg\" alt=\"\" width=\"70\" height=\"70\" src=\"data:image\/svg+xml;base64,PHN2ZyB3aWR0aD0iMSIgaGVpZ2h0PSIxIiB4bWxucz0iaHR0cDovL3d3dy53My5vcmcvMjAwMC9zdmciPjwvc3ZnPg==\" style=\"--smush-placeholder-width: 70px; --smush-placeholder-aspect-ratio: 70\/70;\" \/> <img decoding=\"async\" class=\"alignnone wp-image-15033 lazyload\" data-src=\"https:\/\/inkpressioecologica.com\/wp-content\/uploads\/Iso14001.jpg\" alt=\"cartuchos de tinta baratos\" width=\"68\" height=\"68\" data-srcset=\"https:\/\/inkpressioecologica.com\/wp-content\/uploads\/Iso14001.jpg 250w, https:\/\/inkpressioecologica.com\/wp-content\/uploads\/Iso14001-247x252.jpg 247w, https:\/\/inkpressioecologica.com\/wp-content\/uploads\/Iso14001-100x100.jpg 100w, https:\/\/inkpressioecologica.com\/wp-content\/uploads\/Iso14001-150x150.jpg 150w\" data-sizes=\"(max-width: 68px) 100vw, 68px\" src=\"data:image\/svg+xml;base64,PHN2ZyB3aWR0aD0iMSIgaGVpZ2h0PSIxIiB4bWxucz0iaHR0cDovL3d3dy53My5vcmcvMjAwMC9zdmciPjwvc3ZnPg==\" style=\"--smush-placeholder-width: 68px; --smush-placeholder-aspect-ratio: 68\/68;\" \/><\/p>\n<p><b>Este cartucho de tinta es compatible con las siguientes impresoras:<\/b><\/p>\n<div class=\"product-lower-primary-column box-additional grid12-9\">Canon Pixma IP 4850<br \/>\nCanon Pixma IP 4950<br \/>\nCanon Pixma IP 4970<br \/>\nCanon Pixma IX 6520<br \/>\nCanon Pixma IX 6540<br \/>\nCanon Pixma IX 6550<br \/>\nCanon Pixma IX 6560<br \/>\nCanon Pixma MG 4120<br \/>\nCanon Pixma MG 4170<br \/>\nCanon Pixma MG 5120<br \/>\nCanon Pixma MG 5140<br \/>\nCanon Pixma MG 5150<br \/>\nCanon Pixma MG 5170<br \/>\nCanon Pixma MG 5220<br \/>\nCanon Pixma MG 5240<br \/>\nCanon Pixma MG 5250<br \/>\nCanon Pixma MG 5270<br \/>\nCanon Pixma MG 5300 Series<br \/>\nCanon Pixma MG 5320<br \/>\nCanon Pixma MG 5340<br \/>\nCanon Pixma MG 5350<br \/>\nCanon Pixma MG 5370<br \/>\nCanon Pixma MG 6120<br \/>\nCanon Pixma MG 6150<br \/>\nCanon Pixma MG 6170<br \/>\nCanon Pixma MG 6200 Series<br \/>\nCanon Pixma MG 6220<br \/>\nCanon Pixma MG 6250<br \/>\nCanon Pixma MG 6270<br \/>\nCanon Pixma MG 8120<br \/>\nCanon Pixma MG 8120 B<br \/>\nCanon Pixma MG 8150<br \/>\nCanon Pixma MG 8170<br \/>\nCanon Pixma MG 8200 Series<br \/>\nCanon Pixma MG 8220<br \/>\nCanon Pixma MG 8240<br \/>\nCanon Pixma MG 8250<br \/>\nCanon Pixma MG 8270<br \/>\nCanon Pixma MX 710 Series<br \/>\nCanon Pixma MX 714<br \/>\nCanon Pixma MX 715<br \/>\nCanon Pixma MX 882<br \/>\nCanon Pixma MX 883<br \/>\nCanon Pixma MX 885<br \/>\nCanon Pixma MX 886<br \/>\nCanon Pixma MX 890 Series<br \/>\nCanon Pixma MX 892<br \/>\nCanon Pixma MX 895<br \/>\nCanon Pixma MX 897<\/div>\n","protected":false},"featured_media":15557,"template":"","meta":[],"product_brand":[],"product_cat":[350,1480,1481,1482,1483,1484,1485,1486,1487,1488,1489,1490,1491,1492,1493,1494,1495,1496,1497,1498,1499,1500,1501,1502,1503,1504,1505,1506,1507,1508,1509,1510,1511,1512,1513],"product_tag":[],"class_list":{"0":"post-15280","1":"product","2":"type-product","3":"status-publish","4":"has-post-thumbnail","6":"product_cat-canon","7":"product_cat-canon-pixma-ip-4850","8":"product_cat-canon-pixma-ip-4950","9":"product_cat-canon-pixma-ip-4970","10":"product_cat-canon-pixma-ix-6520","11":"product_cat-canon-pixma-ix-6540","12":"product_cat-canon-pixma-ix-6550","13":"product_cat-canon-pixma-ix-6560","14":"product_cat-canon-pixma-mg-4120","15":"product_cat-canon-pixma-mg-4170","16":"product_cat-canon-pixma-mg-5120","17":"product_cat-canon-pixma-mg-5140","18":"product_cat-canon-pixma-mg-5150","19":"product_cat-canon-pixma-mg-5170","20":"product_cat-canon-pixma-mg-5220","21":"product_cat-canon-pixma-mg-5240","22":"product_cat-canon-pixma-mg-5270","23":"product_cat-canon-pixma-mg-5300-series","24":"product_cat-canon-pixma-mg-6120","25":"product_cat-canon-pixma-mg-6150","26":"product_cat-canon-pixma-mg-6170","27":"product_cat-canon-pixma-mg-6200-series","28":"product_cat-canon-pixma-mg-8120","29":"product_cat-canon-pixma-mg-8120-b","30":"product_cat-canon-pixma-mg-8150","31":"product_cat-canon-pixma-mg-8170","32":"product_cat-canon-pixma-mg-8200-series","33":"product_cat-canon-pixma-mx-710-series","34":"product_cat-canon-pixma-mx-714","35":"product_cat-canon-pixma-mx-715","36":"product_cat-canon-pixma-mx-882","37":"product_cat-canon-pixma-mx-883","38":"product_cat-canon-pixma-mx-885","39":"product_cat-canon-pixma-mx-886","40":"product_cat-canon-pixma-mx-890-series","42":"first","43":"instock","44":"taxable","45":"shipping-taxable","46":"purchasable","47":"product-type-simple"},"yoast_head":"<!-- This site is optimized with the Yoast SEO plugin v26.8 - https:\/\/yoast.com\/product\/yoast-seo-wordpress\/ -->\n<title>Cartucho de tinta Alternativo Canon CLI-526 (4544B001) Gris 9 ml - Inkpressi\u00f3 Ecol\u00f2gica<\/title>\n<meta name=\"robots\" content=\"index, follow, max-snippet:-1, max-image-preview:large, max-video-preview:-1\" \/>\n<link rel=\"canonical\" href=\"https:\/\/inkpressioecologica.com\/ca\/producto\/cartucho-de-tinta-alternativo-canon-cli-526-gris\/\" \/>\n<meta property=\"og:locale\" content=\"ca_ES\" \/>\n<meta property=\"og:type\" content=\"article\" \/>\n<meta property=\"og:title\" content=\"Cartucho de tinta Alternativo Canon CLI-526 (4544B001) Gris 9 ml - Inkpressi\u00f3 Ecol\u00f2gica\" \/>\n<meta property=\"og:description\" content=\"Este Cartucho est\u00e1 garantizado contra defectos de producci\u00f3n y bajo estrictos controles de calidad ISO 9001. Proveniente de cartuchos originales europeos. Garant\u00eda Inkpressi\u00f3 Ecol\u00f2gica.     Este cartucho de tinta es compatible con las siguientes impresoras: Canon Pixma IP 4850 Canon Pixma IP 4950 Canon Pixma IP 4970 Canon Pixma IX 6520 Canon Pixma IX 6540 Canon Pixma IX 6550 Canon Pixma IX 6560 Canon Pixma MG 4120 Canon Pixma MG 4170 Canon Pixma MG 5120 Canon Pixma MG 5140 Canon Pixma MG 5150 Canon Pixma MG 5170 Canon Pixma MG 5220 Canon Pixma MG 5240 Canon Pixma MG 5250 Canon Pixma MG 5270 Canon Pixma MG 5300 Series Canon Pixma MG 5320 Canon Pixma MG 5340 Canon Pixma MG 5350 Canon Pixma MG 5370 Canon Pixma MG 6120 Canon Pixma MG 6150 Canon Pixma MG 6170 Canon Pixma MG 6200 Series Canon Pixma MG 6220 Canon Pixma MG 6250 Canon Pixma MG 6270 Canon Pixma MG 8120 Canon Pixma MG 8120 B Canon Pixma MG 8150 Canon Pixma MG 8170 Canon Pixma MG 8200 Series Canon Pixma MG 8220 Canon Pixma MG 8240 Canon Pixma MG 8250 Canon Pixma MG 8270 Canon Pixma MX 710 Series Canon Pixma MX 714 Canon Pixma MX 715 Canon Pixma MX 882 Canon Pixma MX 883 Canon Pixma MX 885 Canon Pixma MX 886 Canon Pixma MX 890 Series Canon Pixma MX 892 Canon Pixma MX 895 Canon Pixma MX 897\" \/>\n<meta property=\"og:url\" content=\"https:\/\/inkpressioecologica.com\/ca\/producto\/cartucho-de-tinta-alternativo-canon-cli-526-gris\/\" \/>\n<meta property=\"og:site_name\" content=\"Inkpressi\u00f3 Ecol\u00f2gica\" \/>\n<meta property=\"article:publisher\" content=\"https:\/\/www.facebook.com\/inkpressio\" \/>\n<meta property=\"article:modified_time\" content=\"2021-02-22T09:11:09+00:00\" \/>\n<meta property=\"og:image\" content=\"https:\/\/inkpressioecologica.com\/wp-content\/uploads\/IC-CLI-526GY.jpg\" \/>\n\t<meta property=\"og:image:width\" content=\"700\" \/>\n\t<meta property=\"og:image:height\" content=\"700\" \/>\n\t<meta property=\"og:image:type\" content=\"image\/jpeg\" \/>\n<meta name=\"twitter:card\" content=\"summary_large_image\" \/>\n<script type=\"application\/ld+json\" class=\"yoast-schema-graph\">{\"@context\":\"https:\/\/schema.org\",\"@graph\":[{\"@type\":\"WebPage\",\"@id\":\"https:\/\/inkpressioecologica.com\/ca\/producto\/cartucho-de-tinta-alternativo-canon-cli-526-gris\/\",\"url\":\"https:\/\/inkpressioecologica.com\/ca\/producto\/cartucho-de-tinta-alternativo-canon-cli-526-gris\/\",\"name\":\"Cartucho de tinta Alternativo Canon CLI-526 (4544B001) Gris 9 ml - Inkpressi\u00f3 Ecol\u00f2gica\",\"isPartOf\":{\"@id\":\"https:\/\/inkpressioecologica.com\/#website\"},\"primaryImageOfPage\":{\"@id\":\"https:\/\/inkpressioecologica.com\/ca\/producto\/cartucho-de-tinta-alternativo-canon-cli-526-gris\/#primaryimage\"},\"image\":{\"@id\":\"https:\/\/inkpressioecologica.com\/ca\/producto\/cartucho-de-tinta-alternativo-canon-cli-526-gris\/#primaryimage\"},\"thumbnailUrl\":\"https:\/\/inkpressioecologica.com\/wp-content\/uploads\/IC-CLI-526GY.jpg\",\"datePublished\":\"2020-05-14T17:22:36+00:00\",\"dateModified\":\"2021-02-22T09:11:09+00:00\",\"breadcrumb\":{\"@id\":\"https:\/\/inkpressioecologica.com\/ca\/producto\/cartucho-de-tinta-alternativo-canon-cli-526-gris\/#breadcrumb\"},\"inLanguage\":\"ca\",\"potentialAction\":[{\"@type\":\"ReadAction\",\"target\":[\"https:\/\/inkpressioecologica.com\/ca\/producto\/cartucho-de-tinta-alternativo-canon-cli-526-gris\/\"]}]},{\"@type\":\"ImageObject\",\"inLanguage\":\"ca\",\"@id\":\"https:\/\/inkpressioecologica.com\/ca\/producto\/cartucho-de-tinta-alternativo-canon-cli-526-gris\/#primaryimage\",\"url\":\"https:\/\/inkpressioecologica.com\/wp-content\/uploads\/IC-CLI-526GY.jpg\",\"contentUrl\":\"https:\/\/inkpressioecologica.com\/wp-content\/uploads\/IC-CLI-526GY.jpg\",\"width\":700,\"height\":700},{\"@type\":\"BreadcrumbList\",\"@id\":\"https:\/\/inkpressioecologica.com\/ca\/producto\/cartucho-de-tinta-alternativo-canon-cli-526-gris\/#breadcrumb\",\"itemListElement\":[{\"@type\":\"ListItem\",\"position\":1,\"name\":\"Inici\",\"item\":\"https:\/\/inkpressioecologica.com\/ca\/\"},{\"@type\":\"ListItem\",\"position\":2,\"name\":\"botiga online\",\"item\":\"https:\/\/inkpressioecologica.com\/tienda\/\"},{\"@type\":\"ListItem\",\"position\":3,\"name\":\"Cartucho de tinta Alternativo Canon CLI-526 (4544B001) Gris 9 ml\"}]},{\"@type\":\"WebSite\",\"@id\":\"https:\/\/inkpressioecologica.com\/#website\",\"url\":\"https:\/\/inkpressioecologica.com\/\",\"name\":\"Inkpressi\u00f3 Ecol\u00f2gica\",\"description\":\"Botigues d&#039;impressi\u00f3 ecol\u00f2gica - cartutxos de tinta i t\u00f2ners reciclats\",\"publisher\":{\"@id\":\"https:\/\/inkpressioecologica.com\/#organization\"},\"potentialAction\":[{\"@type\":\"SearchAction\",\"target\":{\"@type\":\"EntryPoint\",\"urlTemplate\":\"https:\/\/inkpressioecologica.com\/?s={search_term_string}\"},\"query-input\":{\"@type\":\"PropertyValueSpecification\",\"valueRequired\":true,\"valueName\":\"search_term_string\"}}],\"inLanguage\":\"ca\"},{\"@type\":\"Organization\",\"@id\":\"https:\/\/inkpressioecologica.com\/#organization\",\"name\":\"Inkpressi\u00f3 Ecol\u00f2gica\",\"url\":\"https:\/\/inkpressioecologica.com\/\",\"logo\":{\"@type\":\"ImageObject\",\"inLanguage\":\"ca\",\"@id\":\"https:\/\/inkpressioecologica.com\/#\/schema\/logo\/image\/\",\"url\":\"https:\/\/inkpressioecologica.com\/wp-content\/uploads\/logo_ink.png\",\"contentUrl\":\"https:\/\/inkpressioecologica.com\/wp-content\/uploads\/logo_ink.png\",\"width\":300,\"height\":215,\"caption\":\"Inkpressi\u00f3 Ecol\u00f2gica\"},\"image\":{\"@id\":\"https:\/\/inkpressioecologica.com\/#\/schema\/logo\/image\/\"},\"sameAs\":[\"https:\/\/www.facebook.com\/inkpressio\",\"https:\/\/www.instagram.com\/inkpressioecologica\/\"]}]}<\/script>\n<!-- \/ Yoast SEO plugin. -->","yoast_head_json":{"title":"Cartucho de tinta Alternativo Canon CLI-526 (4544B001) Gris 9 ml - Inkpressi\u00f3 Ecol\u00f2gica","robots":{"index":"index","follow":"follow","max-snippet":"max-snippet:-1","max-image-preview":"max-image-preview:large","max-video-preview":"max-video-preview:-1"},"canonical":"https:\/\/inkpressioecologica.com\/ca\/producto\/cartucho-de-tinta-alternativo-canon-cli-526-gris\/","og_locale":"ca_ES","og_type":"article","og_title":"Cartucho de tinta Alternativo Canon CLI-526 (4544B001) Gris 9 ml - Inkpressi\u00f3 Ecol\u00f2gica","og_description":"Este Cartucho est\u00e1 garantizado contra defectos de producci\u00f3n y bajo estrictos controles de calidad ISO 9001. Proveniente de cartuchos originales europeos. Garant\u00eda Inkpressi\u00f3 Ecol\u00f2gica.     Este cartucho de tinta es compatible con las siguientes impresoras: Canon Pixma IP 4850 Canon Pixma IP 4950 Canon Pixma IP 4970 Canon Pixma IX 6520 Canon Pixma IX 6540 Canon Pixma IX 6550 Canon Pixma IX 6560 Canon Pixma MG 4120 Canon Pixma MG 4170 Canon Pixma MG 5120 Canon Pixma MG 5140 Canon Pixma MG 5150 Canon Pixma MG 5170 Canon Pixma MG 5220 Canon Pixma MG 5240 Canon Pixma MG 5250 Canon Pixma MG 5270 Canon Pixma MG 5300 Series Canon Pixma MG 5320 Canon Pixma MG 5340 Canon Pixma MG 5350 Canon Pixma MG 5370 Canon Pixma MG 6120 Canon Pixma MG 6150 Canon Pixma MG 6170 Canon Pixma MG 6200 Series Canon Pixma MG 6220 Canon Pixma MG 6250 Canon Pixma MG 6270 Canon Pixma MG 8120 Canon Pixma MG 8120 B Canon Pixma MG 8150 Canon Pixma MG 8170 Canon Pixma MG 8200 Series Canon Pixma MG 8220 Canon Pixma MG 8240 Canon Pixma MG 8250 Canon Pixma MG 8270 Canon Pixma MX 710 Series Canon Pixma MX 714 Canon Pixma MX 715 Canon Pixma MX 882 Canon Pixma MX 883 Canon Pixma MX 885 Canon Pixma MX 886 Canon Pixma MX 890 Series Canon Pixma MX 892 Canon Pixma MX 895 Canon Pixma MX 897","og_url":"https:\/\/inkpressioecologica.com\/ca\/producto\/cartucho-de-tinta-alternativo-canon-cli-526-gris\/","og_site_name":"Inkpressi\u00f3 Ecol\u00f2gica","article_publisher":"https:\/\/www.facebook.com\/inkpressio","article_modified_time":"2021-02-22T09:11:09+00:00","og_image":[{"width":700,"height":700,"url":"https:\/\/inkpressioecologica.com\/wp-content\/uploads\/IC-CLI-526GY.jpg","type":"image\/jpeg"}],"twitter_card":"summary_large_image","schema":{"@context":"https:\/\/schema.org","@graph":[{"@type":"WebPage","@id":"https:\/\/inkpressioecologica.com\/ca\/producto\/cartucho-de-tinta-alternativo-canon-cli-526-gris\/","url":"https:\/\/inkpressioecologica.com\/ca\/producto\/cartucho-de-tinta-alternativo-canon-cli-526-gris\/","name":"Cartucho de tinta Alternativo Canon CLI-526 (4544B001) Gris 9 ml - Inkpressi\u00f3 Ecol\u00f2gica","isPartOf":{"@id":"https:\/\/inkpressioecologica.com\/#website"},"primaryImageOfPage":{"@id":"https:\/\/inkpressioecologica.com\/ca\/producto\/cartucho-de-tinta-alternativo-canon-cli-526-gris\/#primaryimage"},"image":{"@id":"https:\/\/inkpressioecologica.com\/ca\/producto\/cartucho-de-tinta-alternativo-canon-cli-526-gris\/#primaryimage"},"thumbnailUrl":"https:\/\/inkpressioecologica.com\/wp-content\/uploads\/IC-CLI-526GY.jpg","datePublished":"2020-05-14T17:22:36+00:00","dateModified":"2021-02-22T09:11:09+00:00","breadcrumb":{"@id":"https:\/\/inkpressioecologica.com\/ca\/producto\/cartucho-de-tinta-alternativo-canon-cli-526-gris\/#breadcrumb"},"inLanguage":"ca","potentialAction":[{"@type":"ReadAction","target":["https:\/\/inkpressioecologica.com\/ca\/producto\/cartucho-de-tinta-alternativo-canon-cli-526-gris\/"]}]},{"@type":"ImageObject","inLanguage":"ca","@id":"https:\/\/inkpressioecologica.com\/ca\/producto\/cartucho-de-tinta-alternativo-canon-cli-526-gris\/#primaryimage","url":"https:\/\/inkpressioecologica.com\/wp-content\/uploads\/IC-CLI-526GY.jpg","contentUrl":"https:\/\/inkpressioecologica.com\/wp-content\/uploads\/IC-CLI-526GY.jpg","width":700,"height":700},{"@type":"BreadcrumbList","@id":"https:\/\/inkpressioecologica.com\/ca\/producto\/cartucho-de-tinta-alternativo-canon-cli-526-gris\/#breadcrumb","itemListElement":[{"@type":"ListItem","position":1,"name":"Inici","item":"https:\/\/inkpressioecologica.com\/ca\/"},{"@type":"ListItem","position":2,"name":"botiga online","item":"https:\/\/inkpressioecologica.com\/tienda\/"},{"@type":"ListItem","position":3,"name":"Cartucho de tinta Alternativo Canon CLI-526 (4544B001) Gris 9 ml"}]},{"@type":"WebSite","@id":"https:\/\/inkpressioecologica.com\/#website","url":"https:\/\/inkpressioecologica.com\/","name":"Inkpressi\u00f3 Ecol\u00f2gica","description":"Botigues d&#039;impressi\u00f3 ecol\u00f2gica - cartutxos de tinta i t\u00f2ners reciclats","publisher":{"@id":"https:\/\/inkpressioecologica.com\/#organization"},"potentialAction":[{"@type":"SearchAction","target":{"@type":"EntryPoint","urlTemplate":"https:\/\/inkpressioecologica.com\/?s={search_term_string}"},"query-input":{"@type":"PropertyValueSpecification","valueRequired":true,"valueName":"search_term_string"}}],"inLanguage":"ca"},{"@type":"Organization","@id":"https:\/\/inkpressioecologica.com\/#organization","name":"Inkpressi\u00f3 Ecol\u00f2gica","url":"https:\/\/inkpressioecologica.com\/","logo":{"@type":"ImageObject","inLanguage":"ca","@id":"https:\/\/inkpressioecologica.com\/#\/schema\/logo\/image\/","url":"https:\/\/inkpressioecologica.com\/wp-content\/uploads\/logo_ink.png","contentUrl":"https:\/\/inkpressioecologica.com\/wp-content\/uploads\/logo_ink.png","width":300,"height":215,"caption":"Inkpressi\u00f3 Ecol\u00f2gica"},"image":{"@id":"https:\/\/inkpressioecologica.com\/#\/schema\/logo\/image\/"},"sameAs":["https:\/\/www.facebook.com\/inkpressio","https:\/\/www.instagram.com\/inkpressioecologica\/"]}]}},"_links":{"self":[{"href":"https:\/\/inkpressioecologica.com\/ca\/wp-json\/wp\/v2\/product\/15280","targetHints":{"allow":["GET"]}}],"collection":[{"href":"https:\/\/inkpressioecologica.com\/ca\/wp-json\/wp\/v2\/product"}],"about":[{"href":"https:\/\/inkpressioecologica.com\/ca\/wp-json\/wp\/v2\/types\/product"}],"wp:featuredmedia":[{"embeddable":true,"href":"https:\/\/inkpressioecologica.com\/ca\/wp-json\/wp\/v2\/media\/15557"}],"wp:attachment":[{"href":"https:\/\/inkpressioecologica.com\/ca\/wp-json\/wp\/v2\/media?parent=15280"}],"wp:term":[{"taxonomy":"product_brand","embeddable":true,"href":"https:\/\/inkpressioecologica.com\/ca\/wp-json\/wp\/v2\/product_brand?post=15280"},{"taxonomy":"product_cat","embeddable":true,"href":"https:\/\/inkpressioecologica.com\/ca\/wp-json\/wp\/v2\/product_cat?post=15280"},{"taxonomy":"product_tag","embeddable":true,"href":"https:\/\/inkpressioecologica.com\/ca\/wp-json\/wp\/v2\/product_tag?post=15280"}],"curies":[{"name":"wp","href":"https:\/\/api.w.org\/{rel}","templated":true}]}}