{"id":15273,"date":"2020-05-14T18:43:48","date_gmt":"2020-05-14T16:43:48","guid":{"rendered":"https:\/\/inkpressioecologica.com\/?post_type=product&#038;p=15273"},"modified":"2021-02-22T11:11:12","modified_gmt":"2021-02-22T09:11:12","slug":"cartucho-de-tinta-alternativo-canon-cli-551-magenta","status":"publish","type":"product","link":"https:\/\/inkpressioecologica.com\/ca\/producto\/cartucho-de-tinta-alternativo-canon-cli-551-magenta\/","title":{"rendered":"Cartucho de tinta Alternativo Canon CLI-551 (6445B001) Magenta 11,4 ml"},"content":{"rendered":"","protected":false},"excerpt":{"rendered":"<p>Este Cartucho est\u00e1 garantizado contra defectos de producci\u00f3n y bajo estrictos controles de calidad <strong>ISO 9001<\/strong>. Proveniente de cartuchos originales europeos. Garant\u00eda Inkpressi\u00f3 Ecol\u00f2gica.<\/p>\n<p><img decoding=\"async\" class=\"alignnone wp-image-11805 lazyload\" data-src=\"https:\/\/inkpressioecologica.com\/wp-content\/uploads\/iso.jpg\" alt=\"\" width=\"70\" height=\"70\" src=\"data:image\/svg+xml;base64,PHN2ZyB3aWR0aD0iMSIgaGVpZ2h0PSIxIiB4bWxucz0iaHR0cDovL3d3dy53My5vcmcvMjAwMC9zdmciPjwvc3ZnPg==\" style=\"--smush-placeholder-width: 70px; --smush-placeholder-aspect-ratio: 70\/70;\" \/> <img decoding=\"async\" class=\"alignnone wp-image-15033 lazyload\" data-src=\"https:\/\/inkpressioecologica.com\/wp-content\/uploads\/Iso14001.jpg\" alt=\"cartuchos de tinta baratos\" width=\"68\" height=\"68\" data-srcset=\"https:\/\/inkpressioecologica.com\/wp-content\/uploads\/Iso14001.jpg 250w, https:\/\/inkpressioecologica.com\/wp-content\/uploads\/Iso14001-247x252.jpg 247w, https:\/\/inkpressioecologica.com\/wp-content\/uploads\/Iso14001-100x100.jpg 100w, https:\/\/inkpressioecologica.com\/wp-content\/uploads\/Iso14001-150x150.jpg 150w\" data-sizes=\"(max-width: 68px) 100vw, 68px\" src=\"data:image\/svg+xml;base64,PHN2ZyB3aWR0aD0iMSIgaGVpZ2h0PSIxIiB4bWxucz0iaHR0cDovL3d3dy53My5vcmcvMjAwMC9zdmciPjwvc3ZnPg==\" style=\"--smush-placeholder-width: 68px; --smush-placeholder-aspect-ratio: 68\/68;\" \/><\/p>\n<p><b>Este cartucho de tinta es compatible con las siguientes impresoras:<\/b><\/p>\n<div class=\"product-lower-primary-column box-additional grid12-9\">Canon Pixma IP 7200 Series<br \/>\nCanon Pixma IP 7220<br \/>\nCanon Pixma IP 7240<br \/>\nCanon Pixma IP 7250<br \/>\nCanon Pixma IP 7270<br \/>\nCanon Pixma IP 8700 Series<br \/>\nCanon Pixma IP 8720<br \/>\nCanon Pixma IP 8740<br \/>\nCanon Pixma IP 8750<br \/>\nCanon Pixma IX 6800 Series<br \/>\nCanon Pixma IX 6820<br \/>\nCanon Pixma IX 6840<br \/>\nCanon Pixma IX 6850<br \/>\nCanon Pixma MG 5400 Series<br \/>\nCanon Pixma MG 5420<br \/>\nCanon Pixma MG 5440<br \/>\nCanon Pixma MG 5450<br \/>\nCanon Pixma MG 5470<br \/>\nCanon Pixma MG 5500 Series<br \/>\nCanon Pixma MG 5520<br \/>\nCanon Pixma MG 5540<br \/>\nCanon Pixma MG 5550<br \/>\nCanon Pixma MG 5560<br \/>\nCanon Pixma MG 5600 Series<br \/>\nCanon Pixma MG 5620<br \/>\nCanon Pixma MG 5650<br \/>\nCanon Pixma MG 5655<br \/>\nCanon Pixma MG 6300 Series<br \/>\nCanon Pixma MG 6310<br \/>\nCanon Pixma MG 6320<br \/>\nCanon Pixma MG 6340<br \/>\nCanon Pixma MG 6350<br \/>\nCanon Pixma MG 6400 Series<br \/>\nCanon Pixma MG 6420<br \/>\nCanon Pixma MG 6440<br \/>\nCanon Pixma MG 6450<br \/>\nCanon Pixma MG 6460<br \/>\nCanon Pixma MG 6470<br \/>\nCanon Pixma MG 6600 Series<br \/>\nCanon Pixma MG 6620<br \/>\nCanon Pixma MG 6650<br \/>\nCanon Pixma MG 7100 Series<br \/>\nCanon Pixma MG 7120<br \/>\nCanon Pixma MG 7140<br \/>\nCanon Pixma MG 7150<br \/>\nCanon Pixma MG 7160<br \/>\nCanon Pixma MG 7170<br \/>\nCanon Pixma MG 7500 Series<br \/>\nCanon Pixma MG 7520<br \/>\nCanon Pixma MG 7550<br \/>\nCanon Pixma MX 720 Series<br \/>\nCanon Pixma MX 722<br \/>\nCanon Pixma MX 724<br \/>\nCanon Pixma MX 725<br \/>\nCanon Pixma MX 920 Series<br \/>\nCanon Pixma MX 922<br \/>\nCanon Pixma MX 924<br \/>\nCanon Pixma MX 925<\/div>\n","protected":false},"featured_media":15646,"template":"","meta":[],"product_brand":[],"product_cat":[350,1467,1468,1469,1470,1471,1472,1473,1474,1475,1476,1477,1478,1479],"product_tag":[],"class_list":{"0":"post-15273","1":"product","2":"type-product","3":"status-publish","4":"has-post-thumbnail","6":"product_cat-canon","7":"product_cat-canon-pixma-ip-7200-series","8":"product_cat-canon-pixma-ip-8700-series","9":"product_cat-canon-pixma-ix-6800-series","10":"product_cat-canon-pixma-mg-5400-series","11":"product_cat-canon-pixma-mg-5500-series","12":"product_cat-canon-pixma-mg-5600-series","13":"product_cat-canon-pixma-mg-6300-series","14":"product_cat-canon-pixma-mg-6400-series","15":"product_cat-canon-pixma-mg-6600-series","16":"product_cat-canon-pixma-mg-7100-series","17":"product_cat-canon-pixma-mg-7500-series","18":"product_cat-canon-pixma-mx-720-series","19":"product_cat-canon-pixma-mx-920-series","21":"first","22":"instock","23":"taxable","24":"shipping-taxable","25":"purchasable","26":"product-type-simple"},"yoast_head":"<!-- This site is optimized with the Yoast SEO plugin v26.8 - https:\/\/yoast.com\/product\/yoast-seo-wordpress\/ -->\n<title>Cartucho de tinta Alternativo Canon CLI-551 (6445B001) Magenta 11,4 ml - Inkpressi\u00f3 Ecol\u00f2gica<\/title>\n<meta name=\"robots\" content=\"index, follow, max-snippet:-1, max-image-preview:large, max-video-preview:-1\" \/>\n<link rel=\"canonical\" href=\"https:\/\/inkpressioecologica.com\/ca\/producto\/cartucho-de-tinta-alternativo-canon-cli-551-magenta\/\" \/>\n<meta property=\"og:locale\" content=\"ca_ES\" \/>\n<meta property=\"og:type\" content=\"article\" \/>\n<meta property=\"og:title\" content=\"Cartucho de tinta Alternativo Canon CLI-551 (6445B001) Magenta 11,4 ml - Inkpressi\u00f3 Ecol\u00f2gica\" \/>\n<meta property=\"og:description\" content=\"Este Cartucho est\u00e1 garantizado contra defectos de producci\u00f3n y bajo estrictos controles de calidad ISO 9001. Proveniente de cartuchos originales europeos. Garant\u00eda Inkpressi\u00f3 Ecol\u00f2gica.     Este cartucho de tinta es compatible con las siguientes impresoras: Canon Pixma IP 7200 Series Canon Pixma IP 7220 Canon Pixma IP 7240 Canon Pixma IP 7250 Canon Pixma IP 7270 Canon Pixma IP 8700 Series Canon Pixma IP 8720 Canon Pixma IP 8740 Canon Pixma IP 8750 Canon Pixma IX 6800 Series Canon Pixma IX 6820 Canon Pixma IX 6840 Canon Pixma IX 6850 Canon Pixma MG 5400 Series Canon Pixma MG 5420 Canon Pixma MG 5440 Canon Pixma MG 5450 Canon Pixma MG 5470 Canon Pixma MG 5500 Series Canon Pixma MG 5520 Canon Pixma MG 5540 Canon Pixma MG 5550 Canon Pixma MG 5560 Canon Pixma MG 5600 Series Canon Pixma MG 5620 Canon Pixma MG 5650 Canon Pixma MG 5655 Canon Pixma MG 6300 Series Canon Pixma MG 6310 Canon Pixma MG 6320 Canon Pixma MG 6340 Canon Pixma MG 6350 Canon Pixma MG 6400 Series Canon Pixma MG 6420 Canon Pixma MG 6440 Canon Pixma MG 6450 Canon Pixma MG 6460 Canon Pixma MG 6470 Canon Pixma MG 6600 Series Canon Pixma MG 6620 Canon Pixma MG 6650 Canon Pixma MG 7100 Series Canon Pixma MG 7120 Canon Pixma MG 7140 Canon Pixma MG 7150 Canon Pixma MG 7160 Canon Pixma MG 7170 Canon Pixma MG 7500 Series Canon Pixma MG 7520 Canon Pixma MG 7550 Canon Pixma MX 720 Series Canon Pixma MX 722 Canon Pixma MX 724 Canon Pixma MX 725 Canon Pixma MX 920 Series Canon Pixma MX 922 Canon Pixma MX 924 Canon Pixma MX 925\" \/>\n<meta property=\"og:url\" content=\"https:\/\/inkpressioecologica.com\/ca\/producto\/cartucho-de-tinta-alternativo-canon-cli-551-magenta\/\" \/>\n<meta property=\"og:site_name\" content=\"Inkpressi\u00f3 Ecol\u00f2gica\" \/>\n<meta property=\"article:publisher\" content=\"https:\/\/www.facebook.com\/inkpressio\" \/>\n<meta property=\"article:modified_time\" content=\"2021-02-22T09:11:12+00:00\" \/>\n<meta property=\"og:image\" content=\"https:\/\/inkpressioecologica.com\/wp-content\/uploads\/IC-CLI-551M.jpg\" \/>\n\t<meta property=\"og:image:width\" content=\"700\" \/>\n\t<meta property=\"og:image:height\" content=\"700\" \/>\n\t<meta property=\"og:image:type\" content=\"image\/jpeg\" \/>\n<meta name=\"twitter:card\" content=\"summary_large_image\" \/>\n<script type=\"application\/ld+json\" class=\"yoast-schema-graph\">{\"@context\":\"https:\/\/schema.org\",\"@graph\":[{\"@type\":\"WebPage\",\"@id\":\"https:\/\/inkpressioecologica.com\/ca\/producto\/cartucho-de-tinta-alternativo-canon-cli-551-magenta\/\",\"url\":\"https:\/\/inkpressioecologica.com\/ca\/producto\/cartucho-de-tinta-alternativo-canon-cli-551-magenta\/\",\"name\":\"Cartucho de tinta Alternativo Canon CLI-551 (6445B001) Magenta 11,4 ml - Inkpressi\u00f3 Ecol\u00f2gica\",\"isPartOf\":{\"@id\":\"https:\/\/inkpressioecologica.com\/#website\"},\"primaryImageOfPage\":{\"@id\":\"https:\/\/inkpressioecologica.com\/ca\/producto\/cartucho-de-tinta-alternativo-canon-cli-551-magenta\/#primaryimage\"},\"image\":{\"@id\":\"https:\/\/inkpressioecologica.com\/ca\/producto\/cartucho-de-tinta-alternativo-canon-cli-551-magenta\/#primaryimage\"},\"thumbnailUrl\":\"https:\/\/inkpressioecologica.com\/wp-content\/uploads\/IC-CLI-551M.jpg\",\"datePublished\":\"2020-05-14T16:43:48+00:00\",\"dateModified\":\"2021-02-22T09:11:12+00:00\",\"breadcrumb\":{\"@id\":\"https:\/\/inkpressioecologica.com\/ca\/producto\/cartucho-de-tinta-alternativo-canon-cli-551-magenta\/#breadcrumb\"},\"inLanguage\":\"ca\",\"potentialAction\":[{\"@type\":\"ReadAction\",\"target\":[\"https:\/\/inkpressioecologica.com\/ca\/producto\/cartucho-de-tinta-alternativo-canon-cli-551-magenta\/\"]}]},{\"@type\":\"ImageObject\",\"inLanguage\":\"ca\",\"@id\":\"https:\/\/inkpressioecologica.com\/ca\/producto\/cartucho-de-tinta-alternativo-canon-cli-551-magenta\/#primaryimage\",\"url\":\"https:\/\/inkpressioecologica.com\/wp-content\/uploads\/IC-CLI-551M.jpg\",\"contentUrl\":\"https:\/\/inkpressioecologica.com\/wp-content\/uploads\/IC-CLI-551M.jpg\",\"width\":700,\"height\":700},{\"@type\":\"BreadcrumbList\",\"@id\":\"https:\/\/inkpressioecologica.com\/ca\/producto\/cartucho-de-tinta-alternativo-canon-cli-551-magenta\/#breadcrumb\",\"itemListElement\":[{\"@type\":\"ListItem\",\"position\":1,\"name\":\"Inici\",\"item\":\"https:\/\/inkpressioecologica.com\/ca\/\"},{\"@type\":\"ListItem\",\"position\":2,\"name\":\"botiga online\",\"item\":\"https:\/\/inkpressioecologica.com\/tienda\/\"},{\"@type\":\"ListItem\",\"position\":3,\"name\":\"Cartucho de tinta Alternativo Canon CLI-551 (6445B001) Magenta 11,4 ml\"}]},{\"@type\":\"WebSite\",\"@id\":\"https:\/\/inkpressioecologica.com\/#website\",\"url\":\"https:\/\/inkpressioecologica.com\/\",\"name\":\"Inkpressi\u00f3 Ecol\u00f2gica\",\"description\":\"Botigues d&#039;impressi\u00f3 ecol\u00f2gica - cartutxos de tinta i t\u00f2ners reciclats\",\"publisher\":{\"@id\":\"https:\/\/inkpressioecologica.com\/#organization\"},\"potentialAction\":[{\"@type\":\"SearchAction\",\"target\":{\"@type\":\"EntryPoint\",\"urlTemplate\":\"https:\/\/inkpressioecologica.com\/?s={search_term_string}\"},\"query-input\":{\"@type\":\"PropertyValueSpecification\",\"valueRequired\":true,\"valueName\":\"search_term_string\"}}],\"inLanguage\":\"ca\"},{\"@type\":\"Organization\",\"@id\":\"https:\/\/inkpressioecologica.com\/#organization\",\"name\":\"Inkpressi\u00f3 Ecol\u00f2gica\",\"url\":\"https:\/\/inkpressioecologica.com\/\",\"logo\":{\"@type\":\"ImageObject\",\"inLanguage\":\"ca\",\"@id\":\"https:\/\/inkpressioecologica.com\/#\/schema\/logo\/image\/\",\"url\":\"https:\/\/inkpressioecologica.com\/wp-content\/uploads\/logo_ink.png\",\"contentUrl\":\"https:\/\/inkpressioecologica.com\/wp-content\/uploads\/logo_ink.png\",\"width\":300,\"height\":215,\"caption\":\"Inkpressi\u00f3 Ecol\u00f2gica\"},\"image\":{\"@id\":\"https:\/\/inkpressioecologica.com\/#\/schema\/logo\/image\/\"},\"sameAs\":[\"https:\/\/www.facebook.com\/inkpressio\",\"https:\/\/www.instagram.com\/inkpressioecologica\/\"]}]}<\/script>\n<!-- \/ Yoast SEO plugin. -->","yoast_head_json":{"title":"Cartucho de tinta Alternativo Canon CLI-551 (6445B001) Magenta 11,4 ml - Inkpressi\u00f3 Ecol\u00f2gica","robots":{"index":"index","follow":"follow","max-snippet":"max-snippet:-1","max-image-preview":"max-image-preview:large","max-video-preview":"max-video-preview:-1"},"canonical":"https:\/\/inkpressioecologica.com\/ca\/producto\/cartucho-de-tinta-alternativo-canon-cli-551-magenta\/","og_locale":"ca_ES","og_type":"article","og_title":"Cartucho de tinta Alternativo Canon CLI-551 (6445B001) Magenta 11,4 ml - Inkpressi\u00f3 Ecol\u00f2gica","og_description":"Este Cartucho est\u00e1 garantizado contra defectos de producci\u00f3n y bajo estrictos controles de calidad ISO 9001. Proveniente de cartuchos originales europeos. Garant\u00eda Inkpressi\u00f3 Ecol\u00f2gica.     Este cartucho de tinta es compatible con las siguientes impresoras: Canon Pixma IP 7200 Series Canon Pixma IP 7220 Canon Pixma IP 7240 Canon Pixma IP 7250 Canon Pixma IP 7270 Canon Pixma IP 8700 Series Canon Pixma IP 8720 Canon Pixma IP 8740 Canon Pixma IP 8750 Canon Pixma IX 6800 Series Canon Pixma IX 6820 Canon Pixma IX 6840 Canon Pixma IX 6850 Canon Pixma MG 5400 Series Canon Pixma MG 5420 Canon Pixma MG 5440 Canon Pixma MG 5450 Canon Pixma MG 5470 Canon Pixma MG 5500 Series Canon Pixma MG 5520 Canon Pixma MG 5540 Canon Pixma MG 5550 Canon Pixma MG 5560 Canon Pixma MG 5600 Series Canon Pixma MG 5620 Canon Pixma MG 5650 Canon Pixma MG 5655 Canon Pixma MG 6300 Series Canon Pixma MG 6310 Canon Pixma MG 6320 Canon Pixma MG 6340 Canon Pixma MG 6350 Canon Pixma MG 6400 Series Canon Pixma MG 6420 Canon Pixma MG 6440 Canon Pixma MG 6450 Canon Pixma MG 6460 Canon Pixma MG 6470 Canon Pixma MG 6600 Series Canon Pixma MG 6620 Canon Pixma MG 6650 Canon Pixma MG 7100 Series Canon Pixma MG 7120 Canon Pixma MG 7140 Canon Pixma MG 7150 Canon Pixma MG 7160 Canon Pixma MG 7170 Canon Pixma MG 7500 Series Canon Pixma MG 7520 Canon Pixma MG 7550 Canon Pixma MX 720 Series Canon Pixma MX 722 Canon Pixma MX 724 Canon Pixma MX 725 Canon Pixma MX 920 Series Canon Pixma MX 922 Canon Pixma MX 924 Canon Pixma MX 925","og_url":"https:\/\/inkpressioecologica.com\/ca\/producto\/cartucho-de-tinta-alternativo-canon-cli-551-magenta\/","og_site_name":"Inkpressi\u00f3 Ecol\u00f2gica","article_publisher":"https:\/\/www.facebook.com\/inkpressio","article_modified_time":"2021-02-22T09:11:12+00:00","og_image":[{"width":700,"height":700,"url":"https:\/\/inkpressioecologica.com\/wp-content\/uploads\/IC-CLI-551M.jpg","type":"image\/jpeg"}],"twitter_card":"summary_large_image","schema":{"@context":"https:\/\/schema.org","@graph":[{"@type":"WebPage","@id":"https:\/\/inkpressioecologica.com\/ca\/producto\/cartucho-de-tinta-alternativo-canon-cli-551-magenta\/","url":"https:\/\/inkpressioecologica.com\/ca\/producto\/cartucho-de-tinta-alternativo-canon-cli-551-magenta\/","name":"Cartucho de tinta Alternativo Canon CLI-551 (6445B001) Magenta 11,4 ml - Inkpressi\u00f3 Ecol\u00f2gica","isPartOf":{"@id":"https:\/\/inkpressioecologica.com\/#website"},"primaryImageOfPage":{"@id":"https:\/\/inkpressioecologica.com\/ca\/producto\/cartucho-de-tinta-alternativo-canon-cli-551-magenta\/#primaryimage"},"image":{"@id":"https:\/\/inkpressioecologica.com\/ca\/producto\/cartucho-de-tinta-alternativo-canon-cli-551-magenta\/#primaryimage"},"thumbnailUrl":"https:\/\/inkpressioecologica.com\/wp-content\/uploads\/IC-CLI-551M.jpg","datePublished":"2020-05-14T16:43:48+00:00","dateModified":"2021-02-22T09:11:12+00:00","breadcrumb":{"@id":"https:\/\/inkpressioecologica.com\/ca\/producto\/cartucho-de-tinta-alternativo-canon-cli-551-magenta\/#breadcrumb"},"inLanguage":"ca","potentialAction":[{"@type":"ReadAction","target":["https:\/\/inkpressioecologica.com\/ca\/producto\/cartucho-de-tinta-alternativo-canon-cli-551-magenta\/"]}]},{"@type":"ImageObject","inLanguage":"ca","@id":"https:\/\/inkpressioecologica.com\/ca\/producto\/cartucho-de-tinta-alternativo-canon-cli-551-magenta\/#primaryimage","url":"https:\/\/inkpressioecologica.com\/wp-content\/uploads\/IC-CLI-551M.jpg","contentUrl":"https:\/\/inkpressioecologica.com\/wp-content\/uploads\/IC-CLI-551M.jpg","width":700,"height":700},{"@type":"BreadcrumbList","@id":"https:\/\/inkpressioecologica.com\/ca\/producto\/cartucho-de-tinta-alternativo-canon-cli-551-magenta\/#breadcrumb","itemListElement":[{"@type":"ListItem","position":1,"name":"Inici","item":"https:\/\/inkpressioecologica.com\/ca\/"},{"@type":"ListItem","position":2,"name":"botiga online","item":"https:\/\/inkpressioecologica.com\/tienda\/"},{"@type":"ListItem","position":3,"name":"Cartucho de tinta Alternativo Canon CLI-551 (6445B001) Magenta 11,4 ml"}]},{"@type":"WebSite","@id":"https:\/\/inkpressioecologica.com\/#website","url":"https:\/\/inkpressioecologica.com\/","name":"Inkpressi\u00f3 Ecol\u00f2gica","description":"Botigues d&#039;impressi\u00f3 ecol\u00f2gica - cartutxos de tinta i t\u00f2ners reciclats","publisher":{"@id":"https:\/\/inkpressioecologica.com\/#organization"},"potentialAction":[{"@type":"SearchAction","target":{"@type":"EntryPoint","urlTemplate":"https:\/\/inkpressioecologica.com\/?s={search_term_string}"},"query-input":{"@type":"PropertyValueSpecification","valueRequired":true,"valueName":"search_term_string"}}],"inLanguage":"ca"},{"@type":"Organization","@id":"https:\/\/inkpressioecologica.com\/#organization","name":"Inkpressi\u00f3 Ecol\u00f2gica","url":"https:\/\/inkpressioecologica.com\/","logo":{"@type":"ImageObject","inLanguage":"ca","@id":"https:\/\/inkpressioecologica.com\/#\/schema\/logo\/image\/","url":"https:\/\/inkpressioecologica.com\/wp-content\/uploads\/logo_ink.png","contentUrl":"https:\/\/inkpressioecologica.com\/wp-content\/uploads\/logo_ink.png","width":300,"height":215,"caption":"Inkpressi\u00f3 Ecol\u00f2gica"},"image":{"@id":"https:\/\/inkpressioecologica.com\/#\/schema\/logo\/image\/"},"sameAs":["https:\/\/www.facebook.com\/inkpressio","https:\/\/www.instagram.com\/inkpressioecologica\/"]}]}},"_links":{"self":[{"href":"https:\/\/inkpressioecologica.com\/ca\/wp-json\/wp\/v2\/product\/15273","targetHints":{"allow":["GET"]}}],"collection":[{"href":"https:\/\/inkpressioecologica.com\/ca\/wp-json\/wp\/v2\/product"}],"about":[{"href":"https:\/\/inkpressioecologica.com\/ca\/wp-json\/wp\/v2\/types\/product"}],"wp:featuredmedia":[{"embeddable":true,"href":"https:\/\/inkpressioecologica.com\/ca\/wp-json\/wp\/v2\/media\/15646"}],"wp:attachment":[{"href":"https:\/\/inkpressioecologica.com\/ca\/wp-json\/wp\/v2\/media?parent=15273"}],"wp:term":[{"taxonomy":"product_brand","embeddable":true,"href":"https:\/\/inkpressioecologica.com\/ca\/wp-json\/wp\/v2\/product_brand?post=15273"},{"taxonomy":"product_cat","embeddable":true,"href":"https:\/\/inkpressioecologica.com\/ca\/wp-json\/wp\/v2\/product_cat?post=15273"},{"taxonomy":"product_tag","embeddable":true,"href":"https:\/\/inkpressioecologica.com\/ca\/wp-json\/wp\/v2\/product_tag?post=15273"}],"curies":[{"name":"wp","href":"https:\/\/api.w.org\/{rel}","templated":true}]}}