{"id":15265,"date":"2020-05-11T19:06:52","date_gmt":"2020-05-11T17:06:52","guid":{"rendered":"https:\/\/inkpressioecologica.com\/?post_type=product&#038;p=15265"},"modified":"2021-02-22T11:11:25","modified_gmt":"2021-02-22T09:11:25","slug":"cartucho-de-tinta-reciclado-canon-pgi-570-xl-photo-negro","status":"publish","type":"product","link":"https:\/\/inkpressioecologica.com\/ca\/producto\/cartucho-de-tinta-reciclado-canon-pgi-570-xl-photo-negro\/","title":{"rendered":"Cartucho de tinta Alternativo Canon PGI-570XL (0318C001AA) Photo Negro 22,2 ml"},"content":{"rendered":"","protected":false},"excerpt":{"rendered":"<p>Este Cartucho est\u00e1 garantizado contra defectos de producci\u00f3n y bajo estrictos controles de calidad <strong>ISO 9001<\/strong>. Proveniente de cartuchos originales europeos. Garant\u00eda Inkpressi\u00f3 Ecol\u00f2gica.<\/p>\n<p><img decoding=\"async\" class=\"alignnone wp-image-11805 lazyload\" data-src=\"https:\/\/inkpressioecologica.com\/wp-content\/uploads\/iso.jpg\" alt=\"\" width=\"70\" height=\"70\" src=\"data:image\/svg+xml;base64,PHN2ZyB3aWR0aD0iMSIgaGVpZ2h0PSIxIiB4bWxucz0iaHR0cDovL3d3dy53My5vcmcvMjAwMC9zdmciPjwvc3ZnPg==\" style=\"--smush-placeholder-width: 70px; --smush-placeholder-aspect-ratio: 70\/70;\" \/> <img decoding=\"async\" class=\"alignnone wp-image-15033 lazyload\" data-src=\"https:\/\/inkpressioecologica.com\/wp-content\/uploads\/Iso14001.jpg\" alt=\"cartuchos de tinta baratos\" width=\"68\" height=\"68\" data-srcset=\"https:\/\/inkpressioecologica.com\/wp-content\/uploads\/Iso14001.jpg 250w, https:\/\/inkpressioecologica.com\/wp-content\/uploads\/Iso14001-247x252.jpg 247w, https:\/\/inkpressioecologica.com\/wp-content\/uploads\/Iso14001-100x100.jpg 100w, https:\/\/inkpressioecologica.com\/wp-content\/uploads\/Iso14001-150x150.jpg 150w\" data-sizes=\"(max-width: 68px) 100vw, 68px\" src=\"data:image\/svg+xml;base64,PHN2ZyB3aWR0aD0iMSIgaGVpZ2h0PSIxIiB4bWxucz0iaHR0cDovL3d3dy53My5vcmcvMjAwMC9zdmciPjwvc3ZnPg==\" style=\"--smush-placeholder-width: 68px; --smush-placeholder-aspect-ratio: 68\/68;\" \/><\/p>\n<p><b>Este cartucho de tinta es compatible con las siguientes impresoras:<\/b><\/p>\n<div class=\"product-lower-primary-column box-additional grid12-9\">Canon Pixma MG 5700<br \/>\nCanon Pixma MG 5720<br \/>\nCanon Pixma MG 5721<br \/>\nCanon Pixma MG 5722<br \/>\nCanon Pixma MG 5750<br \/>\nCanon Pixma MG 5751<br \/>\nCanon Pixma MG 5752<br \/>\nCanon Pixma MG 5753<br \/>\nCanon Pixma MG 5760<br \/>\nCanon Pixma MG 6800<br \/>\nCanon Pixma MG 6820<br \/>\nCanon Pixma MG 6821<br \/>\nCanon Pixma MG 6822<br \/>\nCanon Pixma MG 6850<br \/>\nCanon Pixma MG 6851<br \/>\nCanon Pixma MG 6852<br \/>\nCanon Pixma MG 6853<br \/>\nCanon Pixma MG 6860<br \/>\nCanon Pixma MG 7700<br \/>\nCanon Pixma MG 7720<br \/>\nCanon Pixma MG 7721<br \/>\nCanon Pixma MG 7722<br \/>\nCanon Pixma MG 7723<br \/>\nCanon Pixma MG 7750<br \/>\nCanon Pixma MG 7751<br \/>\nCanon Pixma MG 7752<br \/>\nCanon Pixma MG 7753<br \/>\nCanon Pixma MG 7760<br \/>\nCanon Pixma TS 5000<br \/>\nCanon Pixma TS 5050<br \/>\nCanon Pixma TS 5050<br \/>\nCanon Pixma TS 5051<br \/>\nCanon Pixma TS 5053<br \/>\nCanon Pixma TS 5055<br \/>\nCanon Pixma TS 6000<br \/>\nCanon Pixma TS 6050<br \/>\nCanon Pixma TS 6050<br \/>\nCanon Pixma TS 6051<br \/>\nCanon Pixma TS 6052<br \/>\nCanon Pixma TS 8000<br \/>\nCanon Pixma TS 8050<br \/>\nCanon Pixma TS 8050<br \/>\nCanon Pixma TS 8051<br \/>\nCanon Pixma TS 8052<br \/>\nCanon Pixma TS 8053<br \/>\nCanon Pixma TS 9000<br \/>\nCanon Pixma TS 9050<br \/>\nCanon Pixma TS 9050<br \/>\nCanon Pixma TS 9055<\/div>\n","protected":false},"featured_media":15652,"template":"","meta":[],"product_brand":[],"product_cat":[350,1423,1424,1425,1426,1427,1428,1429,1430,1431,1432,1433,1434,1435,1436,1437,1438,1439,1440,1441,1442,1443,1444,1445,1446,1447,1448,1449,1450,1451,1452,1453,1454,1455,1456,1457,1458,1459,1460,1461,1462,1463,1464,1465,1466],"product_tag":[],"class_list":{"0":"post-15265","1":"product","2":"type-product","3":"status-publish","4":"has-post-thumbnail","6":"product_cat-canon","7":"product_cat-canon-pixma-mg-5700","8":"product_cat-canon-pixma-mg-5720","9":"product_cat-canon-pixma-mg-5721","10":"product_cat-canon-pixma-mg-5722","11":"product_cat-canon-pixma-mg-5750","12":"product_cat-canon-pixma-mg-5751","13":"product_cat-canon-pixma-mg-5752","14":"product_cat-canon-pixma-mg-5753","15":"product_cat-canon-pixma-mg-5760","16":"product_cat-canon-pixma-mg-6800","17":"product_cat-canon-pixma-mg-6820","18":"product_cat-canon-pixma-mg-6821","19":"product_cat-canon-pixma-mg-6822","20":"product_cat-canon-pixma-mg-6850","21":"product_cat-canon-pixma-mg-6851","22":"product_cat-canon-pixma-mg-6852","23":"product_cat-canon-pixma-mg-6853","24":"product_cat-canon-pixma-mg-6860","25":"product_cat-canon-pixma-mg-7700","26":"product_cat-canon-pixma-mg-7720","27":"product_cat-canon-pixma-mg-7721","28":"product_cat-canon-pixma-mg-7722","29":"product_cat-canon-pixma-mg-7723","30":"product_cat-canon-pixma-mg-7750","31":"product_cat-canon-pixma-mg-7751","32":"product_cat-canon-pixma-mg-7752","33":"product_cat-canon-pixma-mg-7753","34":"product_cat-canon-pixma-mg-7760","35":"product_cat-canon-pixma-ts-5000","36":"product_cat-canon-pixma-ts-5050","37":"product_cat-canon-pixma-ts-5051","38":"product_cat-canon-pixma-ts-5053","39":"product_cat-canon-pixma-ts-5055","40":"product_cat-canon-pixma-ts-6000","41":"product_cat-canon-pixma-ts-6050","42":"product_cat-canon-pixma-ts-6051","43":"product_cat-canon-pixma-ts-6052","44":"product_cat-canon-pixma-ts-8000","45":"product_cat-canon-pixma-ts-8050","46":"product_cat-canon-pixma-ts-8051","47":"product_cat-canon-pixma-ts-8052","48":"product_cat-canon-pixma-ts-8053","49":"product_cat-canon-pixma-ts-9000","50":"product_cat-canon-pixma-ts-9050","52":"first","53":"instock","54":"taxable","55":"shipping-taxable","56":"purchasable","57":"product-type-simple"},"yoast_head":"<!-- This site is optimized with the Yoast SEO plugin v26.8 - https:\/\/yoast.com\/product\/yoast-seo-wordpress\/ -->\n<title>Cartucho de tinta Alternativo Canon PGI-570XL (0318C001AA) Photo Negro 22,2 ml - Inkpressi\u00f3 Ecol\u00f2gica<\/title>\n<meta name=\"robots\" content=\"index, follow, max-snippet:-1, max-image-preview:large, max-video-preview:-1\" \/>\n<link rel=\"canonical\" href=\"https:\/\/inkpressioecologica.com\/ca\/producto\/cartucho-de-tinta-reciclado-canon-pgi-570-xl-photo-negro\/\" \/>\n<meta property=\"og:locale\" content=\"ca_ES\" \/>\n<meta property=\"og:type\" content=\"article\" \/>\n<meta property=\"og:title\" content=\"Cartucho de tinta Alternativo Canon PGI-570XL (0318C001AA) Photo Negro 22,2 ml - Inkpressi\u00f3 Ecol\u00f2gica\" \/>\n<meta property=\"og:description\" content=\"Este Cartucho est\u00e1 garantizado contra defectos de producci\u00f3n y bajo estrictos controles de calidad ISO 9001. Proveniente de cartuchos originales europeos. Garant\u00eda Inkpressi\u00f3 Ecol\u00f2gica.     Este cartucho de tinta es compatible con las siguientes impresoras: Canon Pixma MG 5700 Canon Pixma MG 5720 Canon Pixma MG 5721 Canon Pixma MG 5722 Canon Pixma MG 5750 Canon Pixma MG 5751 Canon Pixma MG 5752 Canon Pixma MG 5753 Canon Pixma MG 5760 Canon Pixma MG 6800 Canon Pixma MG 6820 Canon Pixma MG 6821 Canon Pixma MG 6822 Canon Pixma MG 6850 Canon Pixma MG 6851 Canon Pixma MG 6852 Canon Pixma MG 6853 Canon Pixma MG 6860 Canon Pixma MG 7700 Canon Pixma MG 7720 Canon Pixma MG 7721 Canon Pixma MG 7722 Canon Pixma MG 7723 Canon Pixma MG 7750 Canon Pixma MG 7751 Canon Pixma MG 7752 Canon Pixma MG 7753 Canon Pixma MG 7760 Canon Pixma TS 5000 Canon Pixma TS 5050 Canon Pixma TS 5050 Canon Pixma TS 5051 Canon Pixma TS 5053 Canon Pixma TS 5055 Canon Pixma TS 6000 Canon Pixma TS 6050 Canon Pixma TS 6050 Canon Pixma TS 6051 Canon Pixma TS 6052 Canon Pixma TS 8000 Canon Pixma TS 8050 Canon Pixma TS 8050 Canon Pixma TS 8051 Canon Pixma TS 8052 Canon Pixma TS 8053 Canon Pixma TS 9000 Canon Pixma TS 9050 Canon Pixma TS 9050 Canon Pixma TS 9055\" \/>\n<meta property=\"og:url\" content=\"https:\/\/inkpressioecologica.com\/ca\/producto\/cartucho-de-tinta-reciclado-canon-pgi-570-xl-photo-negro\/\" \/>\n<meta property=\"og:site_name\" content=\"Inkpressi\u00f3 Ecol\u00f2gica\" \/>\n<meta property=\"article:publisher\" content=\"https:\/\/www.facebook.com\/inkpressio\" \/>\n<meta property=\"article:modified_time\" content=\"2021-02-22T09:11:25+00:00\" \/>\n<meta property=\"og:image\" content=\"https:\/\/inkpressioecologica.com\/wp-content\/uploads\/IC-PGI570XL-BK.jpg\" \/>\n\t<meta property=\"og:image:width\" content=\"700\" \/>\n\t<meta property=\"og:image:height\" content=\"700\" \/>\n\t<meta property=\"og:image:type\" content=\"image\/jpeg\" \/>\n<meta name=\"twitter:card\" content=\"summary_large_image\" \/>\n<script type=\"application\/ld+json\" class=\"yoast-schema-graph\">{\"@context\":\"https:\/\/schema.org\",\"@graph\":[{\"@type\":\"WebPage\",\"@id\":\"https:\/\/inkpressioecologica.com\/ca\/producto\/cartucho-de-tinta-reciclado-canon-pgi-570-xl-photo-negro\/\",\"url\":\"https:\/\/inkpressioecologica.com\/ca\/producto\/cartucho-de-tinta-reciclado-canon-pgi-570-xl-photo-negro\/\",\"name\":\"Cartucho de tinta Alternativo Canon PGI-570XL (0318C001AA) Photo Negro 22,2 ml - Inkpressi\u00f3 Ecol\u00f2gica\",\"isPartOf\":{\"@id\":\"https:\/\/inkpressioecologica.com\/#website\"},\"primaryImageOfPage\":{\"@id\":\"https:\/\/inkpressioecologica.com\/ca\/producto\/cartucho-de-tinta-reciclado-canon-pgi-570-xl-photo-negro\/#primaryimage\"},\"image\":{\"@id\":\"https:\/\/inkpressioecologica.com\/ca\/producto\/cartucho-de-tinta-reciclado-canon-pgi-570-xl-photo-negro\/#primaryimage\"},\"thumbnailUrl\":\"https:\/\/inkpressioecologica.com\/wp-content\/uploads\/IC-PGI570XL-BK.jpg\",\"datePublished\":\"2020-05-11T17:06:52+00:00\",\"dateModified\":\"2021-02-22T09:11:25+00:00\",\"breadcrumb\":{\"@id\":\"https:\/\/inkpressioecologica.com\/ca\/producto\/cartucho-de-tinta-reciclado-canon-pgi-570-xl-photo-negro\/#breadcrumb\"},\"inLanguage\":\"ca\",\"potentialAction\":[{\"@type\":\"ReadAction\",\"target\":[\"https:\/\/inkpressioecologica.com\/ca\/producto\/cartucho-de-tinta-reciclado-canon-pgi-570-xl-photo-negro\/\"]}]},{\"@type\":\"ImageObject\",\"inLanguage\":\"ca\",\"@id\":\"https:\/\/inkpressioecologica.com\/ca\/producto\/cartucho-de-tinta-reciclado-canon-pgi-570-xl-photo-negro\/#primaryimage\",\"url\":\"https:\/\/inkpressioecologica.com\/wp-content\/uploads\/IC-PGI570XL-BK.jpg\",\"contentUrl\":\"https:\/\/inkpressioecologica.com\/wp-content\/uploads\/IC-PGI570XL-BK.jpg\",\"width\":700,\"height\":700},{\"@type\":\"BreadcrumbList\",\"@id\":\"https:\/\/inkpressioecologica.com\/ca\/producto\/cartucho-de-tinta-reciclado-canon-pgi-570-xl-photo-negro\/#breadcrumb\",\"itemListElement\":[{\"@type\":\"ListItem\",\"position\":1,\"name\":\"Inici\",\"item\":\"https:\/\/inkpressioecologica.com\/ca\/\"},{\"@type\":\"ListItem\",\"position\":2,\"name\":\"botiga online\",\"item\":\"https:\/\/inkpressioecologica.com\/tienda\/\"},{\"@type\":\"ListItem\",\"position\":3,\"name\":\"Cartucho de tinta Alternativo Canon PGI-570XL (0318C001AA) Photo Negro 22,2 ml\"}]},{\"@type\":\"WebSite\",\"@id\":\"https:\/\/inkpressioecologica.com\/#website\",\"url\":\"https:\/\/inkpressioecologica.com\/\",\"name\":\"Inkpressi\u00f3 Ecol\u00f2gica\",\"description\":\"Botigues d&#039;impressi\u00f3 ecol\u00f2gica - cartutxos de tinta i t\u00f2ners reciclats\",\"publisher\":{\"@id\":\"https:\/\/inkpressioecologica.com\/#organization\"},\"potentialAction\":[{\"@type\":\"SearchAction\",\"target\":{\"@type\":\"EntryPoint\",\"urlTemplate\":\"https:\/\/inkpressioecologica.com\/?s={search_term_string}\"},\"query-input\":{\"@type\":\"PropertyValueSpecification\",\"valueRequired\":true,\"valueName\":\"search_term_string\"}}],\"inLanguage\":\"ca\"},{\"@type\":\"Organization\",\"@id\":\"https:\/\/inkpressioecologica.com\/#organization\",\"name\":\"Inkpressi\u00f3 Ecol\u00f2gica\",\"url\":\"https:\/\/inkpressioecologica.com\/\",\"logo\":{\"@type\":\"ImageObject\",\"inLanguage\":\"ca\",\"@id\":\"https:\/\/inkpressioecologica.com\/#\/schema\/logo\/image\/\",\"url\":\"https:\/\/inkpressioecologica.com\/wp-content\/uploads\/logo_ink.png\",\"contentUrl\":\"https:\/\/inkpressioecologica.com\/wp-content\/uploads\/logo_ink.png\",\"width\":300,\"height\":215,\"caption\":\"Inkpressi\u00f3 Ecol\u00f2gica\"},\"image\":{\"@id\":\"https:\/\/inkpressioecologica.com\/#\/schema\/logo\/image\/\"},\"sameAs\":[\"https:\/\/www.facebook.com\/inkpressio\",\"https:\/\/www.instagram.com\/inkpressioecologica\/\"]}]}<\/script>\n<!-- \/ Yoast SEO plugin. -->","yoast_head_json":{"title":"Cartucho de tinta Alternativo Canon PGI-570XL (0318C001AA) Photo Negro 22,2 ml - Inkpressi\u00f3 Ecol\u00f2gica","robots":{"index":"index","follow":"follow","max-snippet":"max-snippet:-1","max-image-preview":"max-image-preview:large","max-video-preview":"max-video-preview:-1"},"canonical":"https:\/\/inkpressioecologica.com\/ca\/producto\/cartucho-de-tinta-reciclado-canon-pgi-570-xl-photo-negro\/","og_locale":"ca_ES","og_type":"article","og_title":"Cartucho de tinta Alternativo Canon PGI-570XL (0318C001AA) Photo Negro 22,2 ml - Inkpressi\u00f3 Ecol\u00f2gica","og_description":"Este Cartucho est\u00e1 garantizado contra defectos de producci\u00f3n y bajo estrictos controles de calidad ISO 9001. Proveniente de cartuchos originales europeos. Garant\u00eda Inkpressi\u00f3 Ecol\u00f2gica.     Este cartucho de tinta es compatible con las siguientes impresoras: Canon Pixma MG 5700 Canon Pixma MG 5720 Canon Pixma MG 5721 Canon Pixma MG 5722 Canon Pixma MG 5750 Canon Pixma MG 5751 Canon Pixma MG 5752 Canon Pixma MG 5753 Canon Pixma MG 5760 Canon Pixma MG 6800 Canon Pixma MG 6820 Canon Pixma MG 6821 Canon Pixma MG 6822 Canon Pixma MG 6850 Canon Pixma MG 6851 Canon Pixma MG 6852 Canon Pixma MG 6853 Canon Pixma MG 6860 Canon Pixma MG 7700 Canon Pixma MG 7720 Canon Pixma MG 7721 Canon Pixma MG 7722 Canon Pixma MG 7723 Canon Pixma MG 7750 Canon Pixma MG 7751 Canon Pixma MG 7752 Canon Pixma MG 7753 Canon Pixma MG 7760 Canon Pixma TS 5000 Canon Pixma TS 5050 Canon Pixma TS 5050 Canon Pixma TS 5051 Canon Pixma TS 5053 Canon Pixma TS 5055 Canon Pixma TS 6000 Canon Pixma TS 6050 Canon Pixma TS 6050 Canon Pixma TS 6051 Canon Pixma TS 6052 Canon Pixma TS 8000 Canon Pixma TS 8050 Canon Pixma TS 8050 Canon Pixma TS 8051 Canon Pixma TS 8052 Canon Pixma TS 8053 Canon Pixma TS 9000 Canon Pixma TS 9050 Canon Pixma TS 9050 Canon Pixma TS 9055","og_url":"https:\/\/inkpressioecologica.com\/ca\/producto\/cartucho-de-tinta-reciclado-canon-pgi-570-xl-photo-negro\/","og_site_name":"Inkpressi\u00f3 Ecol\u00f2gica","article_publisher":"https:\/\/www.facebook.com\/inkpressio","article_modified_time":"2021-02-22T09:11:25+00:00","og_image":[{"width":700,"height":700,"url":"https:\/\/inkpressioecologica.com\/wp-content\/uploads\/IC-PGI570XL-BK.jpg","type":"image\/jpeg"}],"twitter_card":"summary_large_image","schema":{"@context":"https:\/\/schema.org","@graph":[{"@type":"WebPage","@id":"https:\/\/inkpressioecologica.com\/ca\/producto\/cartucho-de-tinta-reciclado-canon-pgi-570-xl-photo-negro\/","url":"https:\/\/inkpressioecologica.com\/ca\/producto\/cartucho-de-tinta-reciclado-canon-pgi-570-xl-photo-negro\/","name":"Cartucho de tinta Alternativo Canon PGI-570XL (0318C001AA) Photo Negro 22,2 ml - Inkpressi\u00f3 Ecol\u00f2gica","isPartOf":{"@id":"https:\/\/inkpressioecologica.com\/#website"},"primaryImageOfPage":{"@id":"https:\/\/inkpressioecologica.com\/ca\/producto\/cartucho-de-tinta-reciclado-canon-pgi-570-xl-photo-negro\/#primaryimage"},"image":{"@id":"https:\/\/inkpressioecologica.com\/ca\/producto\/cartucho-de-tinta-reciclado-canon-pgi-570-xl-photo-negro\/#primaryimage"},"thumbnailUrl":"https:\/\/inkpressioecologica.com\/wp-content\/uploads\/IC-PGI570XL-BK.jpg","datePublished":"2020-05-11T17:06:52+00:00","dateModified":"2021-02-22T09:11:25+00:00","breadcrumb":{"@id":"https:\/\/inkpressioecologica.com\/ca\/producto\/cartucho-de-tinta-reciclado-canon-pgi-570-xl-photo-negro\/#breadcrumb"},"inLanguage":"ca","potentialAction":[{"@type":"ReadAction","target":["https:\/\/inkpressioecologica.com\/ca\/producto\/cartucho-de-tinta-reciclado-canon-pgi-570-xl-photo-negro\/"]}]},{"@type":"ImageObject","inLanguage":"ca","@id":"https:\/\/inkpressioecologica.com\/ca\/producto\/cartucho-de-tinta-reciclado-canon-pgi-570-xl-photo-negro\/#primaryimage","url":"https:\/\/inkpressioecologica.com\/wp-content\/uploads\/IC-PGI570XL-BK.jpg","contentUrl":"https:\/\/inkpressioecologica.com\/wp-content\/uploads\/IC-PGI570XL-BK.jpg","width":700,"height":700},{"@type":"BreadcrumbList","@id":"https:\/\/inkpressioecologica.com\/ca\/producto\/cartucho-de-tinta-reciclado-canon-pgi-570-xl-photo-negro\/#breadcrumb","itemListElement":[{"@type":"ListItem","position":1,"name":"Inici","item":"https:\/\/inkpressioecologica.com\/ca\/"},{"@type":"ListItem","position":2,"name":"botiga online","item":"https:\/\/inkpressioecologica.com\/tienda\/"},{"@type":"ListItem","position":3,"name":"Cartucho de tinta Alternativo Canon PGI-570XL (0318C001AA) Photo Negro 22,2 ml"}]},{"@type":"WebSite","@id":"https:\/\/inkpressioecologica.com\/#website","url":"https:\/\/inkpressioecologica.com\/","name":"Inkpressi\u00f3 Ecol\u00f2gica","description":"Botigues d&#039;impressi\u00f3 ecol\u00f2gica - cartutxos de tinta i t\u00f2ners reciclats","publisher":{"@id":"https:\/\/inkpressioecologica.com\/#organization"},"potentialAction":[{"@type":"SearchAction","target":{"@type":"EntryPoint","urlTemplate":"https:\/\/inkpressioecologica.com\/?s={search_term_string}"},"query-input":{"@type":"PropertyValueSpecification","valueRequired":true,"valueName":"search_term_string"}}],"inLanguage":"ca"},{"@type":"Organization","@id":"https:\/\/inkpressioecologica.com\/#organization","name":"Inkpressi\u00f3 Ecol\u00f2gica","url":"https:\/\/inkpressioecologica.com\/","logo":{"@type":"ImageObject","inLanguage":"ca","@id":"https:\/\/inkpressioecologica.com\/#\/schema\/logo\/image\/","url":"https:\/\/inkpressioecologica.com\/wp-content\/uploads\/logo_ink.png","contentUrl":"https:\/\/inkpressioecologica.com\/wp-content\/uploads\/logo_ink.png","width":300,"height":215,"caption":"Inkpressi\u00f3 Ecol\u00f2gica"},"image":{"@id":"https:\/\/inkpressioecologica.com\/#\/schema\/logo\/image\/"},"sameAs":["https:\/\/www.facebook.com\/inkpressio","https:\/\/www.instagram.com\/inkpressioecologica\/"]}]}},"_links":{"self":[{"href":"https:\/\/inkpressioecologica.com\/ca\/wp-json\/wp\/v2\/product\/15265","targetHints":{"allow":["GET"]}}],"collection":[{"href":"https:\/\/inkpressioecologica.com\/ca\/wp-json\/wp\/v2\/product"}],"about":[{"href":"https:\/\/inkpressioecologica.com\/ca\/wp-json\/wp\/v2\/types\/product"}],"wp:featuredmedia":[{"embeddable":true,"href":"https:\/\/inkpressioecologica.com\/ca\/wp-json\/wp\/v2\/media\/15652"}],"wp:attachment":[{"href":"https:\/\/inkpressioecologica.com\/ca\/wp-json\/wp\/v2\/media?parent=15265"}],"wp:term":[{"taxonomy":"product_brand","embeddable":true,"href":"https:\/\/inkpressioecologica.com\/ca\/wp-json\/wp\/v2\/product_brand?post=15265"},{"taxonomy":"product_cat","embeddable":true,"href":"https:\/\/inkpressioecologica.com\/ca\/wp-json\/wp\/v2\/product_cat?post=15265"},{"taxonomy":"product_tag","embeddable":true,"href":"https:\/\/inkpressioecologica.com\/ca\/wp-json\/wp\/v2\/product_tag?post=15265"}],"curies":[{"name":"wp","href":"https:\/\/api.w.org\/{rel}","templated":true}]}}