{"id":15263,"date":"2020-05-11T18:54:03","date_gmt":"2020-05-11T16:54:03","guid":{"rendered":"https:\/\/inkpressioecologica.com\/?post_type=product&#038;p=15263"},"modified":"2021-02-22T11:11:27","modified_gmt":"2021-02-22T09:11:27","slug":"cartucho-de-tinta-reciclado-canon-pg-545-xl","status":"publish","type":"product","link":"https:\/\/inkpressioecologica.com\/ca\/producto\/cartucho-de-tinta-reciclado-canon-pg-545-xl\/","title":{"rendered":"Cartucho de tinta Reciclado Canon PG-545XL (8288B001) Negro 16 ml"},"content":{"rendered":"","protected":false},"excerpt":{"rendered":"<p>Este Cartucho est\u00e1 garantizado contra defectos de producci\u00f3n y bajo estrictos controles de calidad <strong>ISO 9001<\/strong>. Proveniente de cartuchos originales europeos. Garant\u00eda Inkpressi\u00f3 Ecol\u00f2gica.<\/p>\n<p><img decoding=\"async\" class=\"alignnone wp-image-11805 lazyload\" data-src=\"https:\/\/inkpressioecologica.com\/wp-content\/uploads\/iso.jpg\" alt=\"\" width=\"70\" height=\"70\" src=\"data:image\/svg+xml;base64,PHN2ZyB3aWR0aD0iMSIgaGVpZ2h0PSIxIiB4bWxucz0iaHR0cDovL3d3dy53My5vcmcvMjAwMC9zdmciPjwvc3ZnPg==\" style=\"--smush-placeholder-width: 70px; --smush-placeholder-aspect-ratio: 70\/70;\" \/> <img decoding=\"async\" class=\"alignnone wp-image-15033 lazyload\" data-src=\"https:\/\/inkpressioecologica.com\/wp-content\/uploads\/Iso14001.jpg\" alt=\"cartuchos de tinta baratos\" width=\"68\" height=\"68\" data-srcset=\"https:\/\/inkpressioecologica.com\/wp-content\/uploads\/Iso14001.jpg 250w, https:\/\/inkpressioecologica.com\/wp-content\/uploads\/Iso14001-247x252.jpg 247w, https:\/\/inkpressioecologica.com\/wp-content\/uploads\/Iso14001-100x100.jpg 100w, https:\/\/inkpressioecologica.com\/wp-content\/uploads\/Iso14001-150x150.jpg 150w\" data-sizes=\"(max-width: 68px) 100vw, 68px\" src=\"data:image\/svg+xml;base64,PHN2ZyB3aWR0aD0iMSIgaGVpZ2h0PSIxIiB4bWxucz0iaHR0cDovL3d3dy53My5vcmcvMjAwMC9zdmciPjwvc3ZnPg==\" style=\"--smush-placeholder-width: 68px; --smush-placeholder-aspect-ratio: 68\/68;\" \/><\/p>\n<p><b>Este cartucho de tinta es compatible con las siguientes impresoras:<\/b><\/p>\n<div class=\"product-lower-primary-column box-additional grid12-9\">Canon Pixma IP 2800 Series<br \/>\nCanon Pixma IP 2820<br \/>\nCanon Pixma IP 2840<br \/>\nCanon Pixma IP 2850<br \/>\nCanon Pixma MG 2400 Series<br \/>\nCanon Pixma MG 2420<br \/>\nCanon Pixma MG 2440<br \/>\nCanon Pixma MG 2450<br \/>\nCanon Pixma MG 2455<br \/>\nCanon Pixma MG 2500 Series<br \/>\nCanon Pixma MG 2510<br \/>\nCanon Pixma MG 2520<br \/>\nCanon Pixma MG 2540<br \/>\nCanon Pixma MG 2540 s<br \/>\nCanon Pixma MG 2550<br \/>\nCanon Pixma MG 2550 s<br \/>\nCanon Pixma MG 2555<br \/>\nCanon Pixma MG 2555 S<br \/>\nCanon Pixma MG 2570<br \/>\nCanon Pixma MG 2900 Series<br \/>\nCanon Pixma MG 2920<br \/>\nCanon Pixma MG 2924<br \/>\nCanon Pixma MG 2940<br \/>\nCanon Pixma MG 2950<br \/>\nCanon Pixma MG 2970<br \/>\nCanon Pixma MG 2980<br \/>\nCanon Pixma MG 3000 Series<br \/>\nCanon Pixma MG 3050<br \/>\nCanon Pixma MG 3050 Series<br \/>\nCanon Pixma MG 3051<br \/>\nCanon Pixma MG 3052<br \/>\nCanon Pixma MG 3053<br \/>\nCanon Pixma MX 490 Series<br \/>\nCanon Pixma MX 492<br \/>\nCanon Pixma MX 494<br \/>\nCanon Pixma MX 495<br \/>\nCanon Pixma TR 4500<br \/>\nCanon Pixma TR 4540<br \/>\nCanon Pixma TR 4541<br \/>\nCanon Pixma TR 4550<br \/>\nCanon Pixma TR 4551<br \/>\nCanon Pixma TS 205<br \/>\nCanon Pixma TS 304<br \/>\nCanon Pixma TS 305<br \/>\nCanon Pixma TS 3150<br \/>\nCanon Pixma TS 3151<br \/>\nCanon Pixma TS 3152<br \/>\nCanon Pixma TS 3300<br \/>\nCanon Pixma TS 3350<br \/>\nCanon Pixma TS 3350<br \/>\nCanon Pixma TS 3351<br \/>\nCanon Pixma TS 3352<\/div>\n","protected":false},"featured_media":15614,"template":"","meta":[],"product_brand":[],"product_cat":[350,1401,1402,1403,1404,1405,1406,1407,1408,1409,1410,1411,1412,1413,1414,1415,1416,1417,1418,1419,1420,1421,1422],"product_tag":[],"class_list":{"0":"post-15263","1":"product","2":"type-product","3":"status-publish","4":"has-post-thumbnail","6":"product_cat-canon","7":"product_cat-canon-pixma-ip-2800-series","8":"product_cat-canon-pixma-mg-2400-series","9":"product_cat-canon-pixma-mg-2500-series","10":"product_cat-canon-pixma-mg-2900-series","11":"product_cat-canon-pixma-mg-3000-series","12":"product_cat-canon-pixma-mg-3050-series","13":"product_cat-canon-pixma-mx-490-series","14":"product_cat-canon-pixma-tr-4500","15":"product_cat-canon-pixma-tr-4540","16":"product_cat-canon-pixma-tr-4541","17":"product_cat-canon-pixma-tr-4550","18":"product_cat-canon-pixma-tr-4551","19":"product_cat-canon-pixma-ts-205","20":"product_cat-canon-pixma-ts-304","21":"product_cat-canon-pixma-ts-305","22":"product_cat-canon-pixma-ts-3150","23":"product_cat-canon-pixma-ts-3151","24":"product_cat-canon-pixma-ts-3152","25":"product_cat-canon-pixma-ts-3300","26":"product_cat-canon-pixma-ts-3350","27":"product_cat-canon-pixma-ts-3351","28":"product_cat-canon-pixma-ts-3352","30":"first","31":"instock","32":"taxable","33":"shipping-taxable","34":"purchasable","35":"product-type-simple"},"yoast_head":"<!-- This site is optimized with the Yoast SEO plugin v26.8 - https:\/\/yoast.com\/product\/yoast-seo-wordpress\/ -->\n<title>Cartucho de tinta Reciclado Canon PG-545XL (8288B001) Negro 16 ml - Inkpressi\u00f3 Ecol\u00f2gica<\/title>\n<meta name=\"robots\" content=\"index, follow, max-snippet:-1, max-image-preview:large, max-video-preview:-1\" \/>\n<link rel=\"canonical\" href=\"https:\/\/inkpressioecologica.com\/ca\/producto\/cartucho-de-tinta-reciclado-canon-pg-545-xl\/\" \/>\n<meta property=\"og:locale\" content=\"ca_ES\" \/>\n<meta property=\"og:type\" content=\"article\" \/>\n<meta property=\"og:title\" content=\"Cartucho de tinta Reciclado Canon PG-545XL (8288B001) Negro 16 ml - Inkpressi\u00f3 Ecol\u00f2gica\" \/>\n<meta property=\"og:description\" content=\"Este Cartucho est\u00e1 garantizado contra defectos de producci\u00f3n y bajo estrictos controles de calidad ISO 9001. Proveniente de cartuchos originales europeos. Garant\u00eda Inkpressi\u00f3 Ecol\u00f2gica.     Este cartucho de tinta es compatible con las siguientes impresoras: Canon Pixma IP 2800 Series Canon Pixma IP 2820 Canon Pixma IP 2840 Canon Pixma IP 2850 Canon Pixma MG 2400 Series Canon Pixma MG 2420 Canon Pixma MG 2440 Canon Pixma MG 2450 Canon Pixma MG 2455 Canon Pixma MG 2500 Series Canon Pixma MG 2510 Canon Pixma MG 2520 Canon Pixma MG 2540 Canon Pixma MG 2540 s Canon Pixma MG 2550 Canon Pixma MG 2550 s Canon Pixma MG 2555 Canon Pixma MG 2555 S Canon Pixma MG 2570 Canon Pixma MG 2900 Series Canon Pixma MG 2920 Canon Pixma MG 2924 Canon Pixma MG 2940 Canon Pixma MG 2950 Canon Pixma MG 2970 Canon Pixma MG 2980 Canon Pixma MG 3000 Series Canon Pixma MG 3050 Canon Pixma MG 3050 Series Canon Pixma MG 3051 Canon Pixma MG 3052 Canon Pixma MG 3053 Canon Pixma MX 490 Series Canon Pixma MX 492 Canon Pixma MX 494 Canon Pixma MX 495 Canon Pixma TR 4500 Canon Pixma TR 4540 Canon Pixma TR 4541 Canon Pixma TR 4550 Canon Pixma TR 4551 Canon Pixma TS 205 Canon Pixma TS 304 Canon Pixma TS 305 Canon Pixma TS 3150 Canon Pixma TS 3151 Canon Pixma TS 3152 Canon Pixma TS 3300 Canon Pixma TS 3350 Canon Pixma TS 3350 Canon Pixma TS 3351 Canon Pixma TS 3352\" \/>\n<meta property=\"og:url\" content=\"https:\/\/inkpressioecologica.com\/ca\/producto\/cartucho-de-tinta-reciclado-canon-pg-545-xl\/\" \/>\n<meta property=\"og:site_name\" content=\"Inkpressi\u00f3 Ecol\u00f2gica\" \/>\n<meta property=\"article:publisher\" content=\"https:\/\/www.facebook.com\/inkpressio\" \/>\n<meta property=\"article:modified_time\" content=\"2021-02-22T09:11:27+00:00\" \/>\n<meta property=\"og:image\" content=\"https:\/\/inkpressioecologica.com\/wp-content\/uploads\/IC-PG545-1.jpg\" \/>\n\t<meta property=\"og:image:width\" content=\"700\" \/>\n\t<meta property=\"og:image:height\" content=\"700\" \/>\n\t<meta property=\"og:image:type\" content=\"image\/jpeg\" \/>\n<meta name=\"twitter:card\" content=\"summary_large_image\" \/>\n<script type=\"application\/ld+json\" class=\"yoast-schema-graph\">{\"@context\":\"https:\/\/schema.org\",\"@graph\":[{\"@type\":\"WebPage\",\"@id\":\"https:\/\/inkpressioecologica.com\/ca\/producto\/cartucho-de-tinta-reciclado-canon-pg-545-xl\/\",\"url\":\"https:\/\/inkpressioecologica.com\/ca\/producto\/cartucho-de-tinta-reciclado-canon-pg-545-xl\/\",\"name\":\"Cartucho de tinta Reciclado Canon PG-545XL (8288B001) Negro 16 ml - Inkpressi\u00f3 Ecol\u00f2gica\",\"isPartOf\":{\"@id\":\"https:\/\/inkpressioecologica.com\/#website\"},\"primaryImageOfPage\":{\"@id\":\"https:\/\/inkpressioecologica.com\/ca\/producto\/cartucho-de-tinta-reciclado-canon-pg-545-xl\/#primaryimage\"},\"image\":{\"@id\":\"https:\/\/inkpressioecologica.com\/ca\/producto\/cartucho-de-tinta-reciclado-canon-pg-545-xl\/#primaryimage\"},\"thumbnailUrl\":\"https:\/\/inkpressioecologica.com\/wp-content\/uploads\/IC-PG545-1.jpg\",\"datePublished\":\"2020-05-11T16:54:03+00:00\",\"dateModified\":\"2021-02-22T09:11:27+00:00\",\"breadcrumb\":{\"@id\":\"https:\/\/inkpressioecologica.com\/ca\/producto\/cartucho-de-tinta-reciclado-canon-pg-545-xl\/#breadcrumb\"},\"inLanguage\":\"ca\",\"potentialAction\":[{\"@type\":\"ReadAction\",\"target\":[\"https:\/\/inkpressioecologica.com\/ca\/producto\/cartucho-de-tinta-reciclado-canon-pg-545-xl\/\"]}]},{\"@type\":\"ImageObject\",\"inLanguage\":\"ca\",\"@id\":\"https:\/\/inkpressioecologica.com\/ca\/producto\/cartucho-de-tinta-reciclado-canon-pg-545-xl\/#primaryimage\",\"url\":\"https:\/\/inkpressioecologica.com\/wp-content\/uploads\/IC-PG545-1.jpg\",\"contentUrl\":\"https:\/\/inkpressioecologica.com\/wp-content\/uploads\/IC-PG545-1.jpg\",\"width\":700,\"height\":700},{\"@type\":\"BreadcrumbList\",\"@id\":\"https:\/\/inkpressioecologica.com\/ca\/producto\/cartucho-de-tinta-reciclado-canon-pg-545-xl\/#breadcrumb\",\"itemListElement\":[{\"@type\":\"ListItem\",\"position\":1,\"name\":\"Inici\",\"item\":\"https:\/\/inkpressioecologica.com\/ca\/\"},{\"@type\":\"ListItem\",\"position\":2,\"name\":\"botiga online\",\"item\":\"https:\/\/inkpressioecologica.com\/tienda\/\"},{\"@type\":\"ListItem\",\"position\":3,\"name\":\"Cartucho de tinta Reciclado Canon PG-545XL (8288B001) Negro 16 ml\"}]},{\"@type\":\"WebSite\",\"@id\":\"https:\/\/inkpressioecologica.com\/#website\",\"url\":\"https:\/\/inkpressioecologica.com\/\",\"name\":\"Inkpressi\u00f3 Ecol\u00f2gica\",\"description\":\"Botigues d&#039;impressi\u00f3 ecol\u00f2gica - cartutxos de tinta i t\u00f2ners reciclats\",\"publisher\":{\"@id\":\"https:\/\/inkpressioecologica.com\/#organization\"},\"potentialAction\":[{\"@type\":\"SearchAction\",\"target\":{\"@type\":\"EntryPoint\",\"urlTemplate\":\"https:\/\/inkpressioecologica.com\/?s={search_term_string}\"},\"query-input\":{\"@type\":\"PropertyValueSpecification\",\"valueRequired\":true,\"valueName\":\"search_term_string\"}}],\"inLanguage\":\"ca\"},{\"@type\":\"Organization\",\"@id\":\"https:\/\/inkpressioecologica.com\/#organization\",\"name\":\"Inkpressi\u00f3 Ecol\u00f2gica\",\"url\":\"https:\/\/inkpressioecologica.com\/\",\"logo\":{\"@type\":\"ImageObject\",\"inLanguage\":\"ca\",\"@id\":\"https:\/\/inkpressioecologica.com\/#\/schema\/logo\/image\/\",\"url\":\"https:\/\/inkpressioecologica.com\/wp-content\/uploads\/logo_ink.png\",\"contentUrl\":\"https:\/\/inkpressioecologica.com\/wp-content\/uploads\/logo_ink.png\",\"width\":300,\"height\":215,\"caption\":\"Inkpressi\u00f3 Ecol\u00f2gica\"},\"image\":{\"@id\":\"https:\/\/inkpressioecologica.com\/#\/schema\/logo\/image\/\"},\"sameAs\":[\"https:\/\/www.facebook.com\/inkpressio\",\"https:\/\/www.instagram.com\/inkpressioecologica\/\"]}]}<\/script>\n<!-- \/ Yoast SEO plugin. -->","yoast_head_json":{"title":"Cartucho de tinta Reciclado Canon PG-545XL (8288B001) Negro 16 ml - Inkpressi\u00f3 Ecol\u00f2gica","robots":{"index":"index","follow":"follow","max-snippet":"max-snippet:-1","max-image-preview":"max-image-preview:large","max-video-preview":"max-video-preview:-1"},"canonical":"https:\/\/inkpressioecologica.com\/ca\/producto\/cartucho-de-tinta-reciclado-canon-pg-545-xl\/","og_locale":"ca_ES","og_type":"article","og_title":"Cartucho de tinta Reciclado Canon PG-545XL (8288B001) Negro 16 ml - Inkpressi\u00f3 Ecol\u00f2gica","og_description":"Este Cartucho est\u00e1 garantizado contra defectos de producci\u00f3n y bajo estrictos controles de calidad ISO 9001. Proveniente de cartuchos originales europeos. Garant\u00eda Inkpressi\u00f3 Ecol\u00f2gica.     Este cartucho de tinta es compatible con las siguientes impresoras: Canon Pixma IP 2800 Series Canon Pixma IP 2820 Canon Pixma IP 2840 Canon Pixma IP 2850 Canon Pixma MG 2400 Series Canon Pixma MG 2420 Canon Pixma MG 2440 Canon Pixma MG 2450 Canon Pixma MG 2455 Canon Pixma MG 2500 Series Canon Pixma MG 2510 Canon Pixma MG 2520 Canon Pixma MG 2540 Canon Pixma MG 2540 s Canon Pixma MG 2550 Canon Pixma MG 2550 s Canon Pixma MG 2555 Canon Pixma MG 2555 S Canon Pixma MG 2570 Canon Pixma MG 2900 Series Canon Pixma MG 2920 Canon Pixma MG 2924 Canon Pixma MG 2940 Canon Pixma MG 2950 Canon Pixma MG 2970 Canon Pixma MG 2980 Canon Pixma MG 3000 Series Canon Pixma MG 3050 Canon Pixma MG 3050 Series Canon Pixma MG 3051 Canon Pixma MG 3052 Canon Pixma MG 3053 Canon Pixma MX 490 Series Canon Pixma MX 492 Canon Pixma MX 494 Canon Pixma MX 495 Canon Pixma TR 4500 Canon Pixma TR 4540 Canon Pixma TR 4541 Canon Pixma TR 4550 Canon Pixma TR 4551 Canon Pixma TS 205 Canon Pixma TS 304 Canon Pixma TS 305 Canon Pixma TS 3150 Canon Pixma TS 3151 Canon Pixma TS 3152 Canon Pixma TS 3300 Canon Pixma TS 3350 Canon Pixma TS 3350 Canon Pixma TS 3351 Canon Pixma TS 3352","og_url":"https:\/\/inkpressioecologica.com\/ca\/producto\/cartucho-de-tinta-reciclado-canon-pg-545-xl\/","og_site_name":"Inkpressi\u00f3 Ecol\u00f2gica","article_publisher":"https:\/\/www.facebook.com\/inkpressio","article_modified_time":"2021-02-22T09:11:27+00:00","og_image":[{"width":700,"height":700,"url":"https:\/\/inkpressioecologica.com\/wp-content\/uploads\/IC-PG545-1.jpg","type":"image\/jpeg"}],"twitter_card":"summary_large_image","schema":{"@context":"https:\/\/schema.org","@graph":[{"@type":"WebPage","@id":"https:\/\/inkpressioecologica.com\/ca\/producto\/cartucho-de-tinta-reciclado-canon-pg-545-xl\/","url":"https:\/\/inkpressioecologica.com\/ca\/producto\/cartucho-de-tinta-reciclado-canon-pg-545-xl\/","name":"Cartucho de tinta Reciclado Canon PG-545XL (8288B001) Negro 16 ml - Inkpressi\u00f3 Ecol\u00f2gica","isPartOf":{"@id":"https:\/\/inkpressioecologica.com\/#website"},"primaryImageOfPage":{"@id":"https:\/\/inkpressioecologica.com\/ca\/producto\/cartucho-de-tinta-reciclado-canon-pg-545-xl\/#primaryimage"},"image":{"@id":"https:\/\/inkpressioecologica.com\/ca\/producto\/cartucho-de-tinta-reciclado-canon-pg-545-xl\/#primaryimage"},"thumbnailUrl":"https:\/\/inkpressioecologica.com\/wp-content\/uploads\/IC-PG545-1.jpg","datePublished":"2020-05-11T16:54:03+00:00","dateModified":"2021-02-22T09:11:27+00:00","breadcrumb":{"@id":"https:\/\/inkpressioecologica.com\/ca\/producto\/cartucho-de-tinta-reciclado-canon-pg-545-xl\/#breadcrumb"},"inLanguage":"ca","potentialAction":[{"@type":"ReadAction","target":["https:\/\/inkpressioecologica.com\/ca\/producto\/cartucho-de-tinta-reciclado-canon-pg-545-xl\/"]}]},{"@type":"ImageObject","inLanguage":"ca","@id":"https:\/\/inkpressioecologica.com\/ca\/producto\/cartucho-de-tinta-reciclado-canon-pg-545-xl\/#primaryimage","url":"https:\/\/inkpressioecologica.com\/wp-content\/uploads\/IC-PG545-1.jpg","contentUrl":"https:\/\/inkpressioecologica.com\/wp-content\/uploads\/IC-PG545-1.jpg","width":700,"height":700},{"@type":"BreadcrumbList","@id":"https:\/\/inkpressioecologica.com\/ca\/producto\/cartucho-de-tinta-reciclado-canon-pg-545-xl\/#breadcrumb","itemListElement":[{"@type":"ListItem","position":1,"name":"Inici","item":"https:\/\/inkpressioecologica.com\/ca\/"},{"@type":"ListItem","position":2,"name":"botiga online","item":"https:\/\/inkpressioecologica.com\/tienda\/"},{"@type":"ListItem","position":3,"name":"Cartucho de tinta Reciclado Canon PG-545XL (8288B001) Negro 16 ml"}]},{"@type":"WebSite","@id":"https:\/\/inkpressioecologica.com\/#website","url":"https:\/\/inkpressioecologica.com\/","name":"Inkpressi\u00f3 Ecol\u00f2gica","description":"Botigues d&#039;impressi\u00f3 ecol\u00f2gica - cartutxos de tinta i t\u00f2ners reciclats","publisher":{"@id":"https:\/\/inkpressioecologica.com\/#organization"},"potentialAction":[{"@type":"SearchAction","target":{"@type":"EntryPoint","urlTemplate":"https:\/\/inkpressioecologica.com\/?s={search_term_string}"},"query-input":{"@type":"PropertyValueSpecification","valueRequired":true,"valueName":"search_term_string"}}],"inLanguage":"ca"},{"@type":"Organization","@id":"https:\/\/inkpressioecologica.com\/#organization","name":"Inkpressi\u00f3 Ecol\u00f2gica","url":"https:\/\/inkpressioecologica.com\/","logo":{"@type":"ImageObject","inLanguage":"ca","@id":"https:\/\/inkpressioecologica.com\/#\/schema\/logo\/image\/","url":"https:\/\/inkpressioecologica.com\/wp-content\/uploads\/logo_ink.png","contentUrl":"https:\/\/inkpressioecologica.com\/wp-content\/uploads\/logo_ink.png","width":300,"height":215,"caption":"Inkpressi\u00f3 Ecol\u00f2gica"},"image":{"@id":"https:\/\/inkpressioecologica.com\/#\/schema\/logo\/image\/"},"sameAs":["https:\/\/www.facebook.com\/inkpressio","https:\/\/www.instagram.com\/inkpressioecologica\/"]}]}},"_links":{"self":[{"href":"https:\/\/inkpressioecologica.com\/ca\/wp-json\/wp\/v2\/product\/15263","targetHints":{"allow":["GET"]}}],"collection":[{"href":"https:\/\/inkpressioecologica.com\/ca\/wp-json\/wp\/v2\/product"}],"about":[{"href":"https:\/\/inkpressioecologica.com\/ca\/wp-json\/wp\/v2\/types\/product"}],"wp:featuredmedia":[{"embeddable":true,"href":"https:\/\/inkpressioecologica.com\/ca\/wp-json\/wp\/v2\/media\/15614"}],"wp:attachment":[{"href":"https:\/\/inkpressioecologica.com\/ca\/wp-json\/wp\/v2\/media?parent=15263"}],"wp:term":[{"taxonomy":"product_brand","embeddable":true,"href":"https:\/\/inkpressioecologica.com\/ca\/wp-json\/wp\/v2\/product_brand?post=15263"},{"taxonomy":"product_cat","embeddable":true,"href":"https:\/\/inkpressioecologica.com\/ca\/wp-json\/wp\/v2\/product_cat?post=15263"},{"taxonomy":"product_tag","embeddable":true,"href":"https:\/\/inkpressioecologica.com\/ca\/wp-json\/wp\/v2\/product_tag?post=15263"}],"curies":[{"name":"wp","href":"https:\/\/api.w.org\/{rel}","templated":true}]}}