{"id":15262,"date":"2020-05-11T18:51:34","date_gmt":"2020-05-11T16:51:34","guid":{"rendered":"https:\/\/inkpressioecologica.com\/?post_type=product&#038;p=15262"},"modified":"2021-02-22T11:11:27","modified_gmt":"2021-02-22T09:11:27","slug":"cartucho-de-tinta-reciclado-canon-cl-541-xl","status":"publish","type":"product","link":"https:\/\/inkpressioecologica.com\/ca\/producto\/cartucho-de-tinta-reciclado-canon-cl-541-xl\/","title":{"rendered":"Cartucho de tinta Reciclado Canon CL-541 XL (5226B005) Tricolor 21 ml"},"content":{"rendered":"","protected":false},"excerpt":{"rendered":"<p>Este Cartucho est\u00e1 garantizado contra defectos de producci\u00f3n y bajo estrictos controles de calidad <strong>ISO 9001<\/strong>. Proveniente de cartuchos originales europeos. Garant\u00eda Inkpressi\u00f3 Ecol\u00f2gica.<\/p>\n<p><img decoding=\"async\" class=\"alignnone wp-image-11805 lazyload\" data-src=\"https:\/\/inkpressioecologica.com\/wp-content\/uploads\/iso.jpg\" alt=\"\" width=\"70\" height=\"70\" src=\"data:image\/svg+xml;base64,PHN2ZyB3aWR0aD0iMSIgaGVpZ2h0PSIxIiB4bWxucz0iaHR0cDovL3d3dy53My5vcmcvMjAwMC9zdmciPjwvc3ZnPg==\" style=\"--smush-placeholder-width: 70px; --smush-placeholder-aspect-ratio: 70\/70;\" \/> <img decoding=\"async\" class=\"alignnone wp-image-15033 lazyload\" data-src=\"https:\/\/inkpressioecologica.com\/wp-content\/uploads\/Iso14001.jpg\" alt=\"cartuchos de tinta baratos\" width=\"68\" height=\"68\" data-srcset=\"https:\/\/inkpressioecologica.com\/wp-content\/uploads\/Iso14001.jpg 250w, https:\/\/inkpressioecologica.com\/wp-content\/uploads\/Iso14001-247x252.jpg 247w, https:\/\/inkpressioecologica.com\/wp-content\/uploads\/Iso14001-100x100.jpg 100w, https:\/\/inkpressioecologica.com\/wp-content\/uploads\/Iso14001-150x150.jpg 150w\" data-sizes=\"(max-width: 68px) 100vw, 68px\" src=\"data:image\/svg+xml;base64,PHN2ZyB3aWR0aD0iMSIgaGVpZ2h0PSIxIiB4bWxucz0iaHR0cDovL3d3dy53My5vcmcvMjAwMC9zdmciPjwvc3ZnPg==\" style=\"--smush-placeholder-width: 68px; --smush-placeholder-aspect-ratio: 68\/68;\" \/><\/p>\n<p><b>Este cartucho de tinta es compatible con las siguientes impresoras:<\/b><\/p>\n<div class=\"product-lower-primary-column box-additional grid12-9\">Canon Pixma MG2100<br \/>\nCanon Pixma MG2140<br \/>\nCanon Pixma MG2150<br \/>\nCanon Pixma MG2200<br \/>\nCanon Pixma MG2250<br \/>\nCanon Pixma MG2255<br \/>\nCanon Pixma MG3100<br \/>\nCanon Pixma MG3140<br \/>\nCanon Pixma MG3150<br \/>\nCanon Pixma MG3155<br \/>\nCanon Pixma MG3200<br \/>\nCanon Pixma MG3250<br \/>\nCanon Pixma MG3255<br \/>\nCanon Pixma MG3500<br \/>\nCanon Pixma MG3550<br \/>\nCanon Pixma MG3600<br \/>\nCanon Pixma MG3650<br \/>\nCanon Pixma MG4140<br \/>\nCanon Pixma MG4150<br \/>\nCanon Pixma MG4200<br \/>\nCanon Pixma MG4250<br \/>\nCanon Pixma MX370<br \/>\nCanon Pixma MX375<br \/>\nCanon Pixma MX390<br \/>\nCanon Pixma MX395<br \/>\nCanon Pixma MX430<br \/>\nCanon Pixma MX435<br \/>\nCanon Pixma MX450<br \/>\nCanon Pixma MX454<br \/>\nCanon Pixma MX455<br \/>\nCanon Pixma MX470<br \/>\nCanon Pixma MX475<br \/>\nCanon Pixma MX510<br \/>\nCanon Pixma MX515<br \/>\nCanon Pixma MX520<br \/>\nCanon Pixma MX524<br \/>\nCanon Pixma MX525<br \/>\nCanon Pixma MX530<br \/>\nCanon Pixma MX535<br \/>\nCanon Pixma TS5100<br \/>\nCanon Pixma TS5140<br \/>\nCanon Pixma TS5150<br \/>\nCanon Pixma TS5151<\/div>\n","protected":false},"featured_media":15523,"template":"","meta":[],"product_brand":[],"product_cat":[350,1342,1358,1359,1360,1361,1362,1363,1364,1365,1366,1367,1368,1369,1370,1371,1372,1373,1374,1375,1376,1377,1378,1379,1380,1381,1382,1383,1384,1385,1386,1387,1388,1389,1390,1391,1392,1393,1394,1395,1396,1397,1398,1399,1400],"product_tag":[],"class_list":{"0":"post-15262","1":"product","2":"type-product","3":"status-publish","4":"has-post-thumbnail","6":"product_cat-canon","7":"product_cat-canon-pixma-ip-2700-series","8":"product_cat-canon-pixma-mg2100","9":"product_cat-canon-pixma-mg2140","10":"product_cat-canon-pixma-mg2150","11":"product_cat-canon-pixma-mg2200","12":"product_cat-canon-pixma-mg2250","13":"product_cat-canon-pixma-mg2255","14":"product_cat-canon-pixma-mg3100","15":"product_cat-canon-pixma-mg3140","16":"product_cat-canon-pixma-mg3150","17":"product_cat-canon-pixma-mg3155","18":"product_cat-canon-pixma-mg3200","19":"product_cat-canon-pixma-mg3250","20":"product_cat-canon-pixma-mg3255","21":"product_cat-canon-pixma-mg3500","22":"product_cat-canon-pixma-mg3550","23":"product_cat-canon-pixma-mg3600","24":"product_cat-canon-pixma-mg3650","25":"product_cat-canon-pixma-mg4140","26":"product_cat-canon-pixma-mg4150","27":"product_cat-canon-pixma-mg4200","28":"product_cat-canon-pixma-mg4250","29":"product_cat-canon-pixma-mx370","30":"product_cat-canon-pixma-mx375","31":"product_cat-canon-pixma-mx390","32":"product_cat-canon-pixma-mx395","33":"product_cat-canon-pixma-mx430","34":"product_cat-canon-pixma-mx435","35":"product_cat-canon-pixma-mx450","36":"product_cat-canon-pixma-mx454","37":"product_cat-canon-pixma-mx455","38":"product_cat-canon-pixma-mx470","39":"product_cat-canon-pixma-mx475","40":"product_cat-canon-pixma-mx510","41":"product_cat-canon-pixma-mx515","42":"product_cat-canon-pixma-mx520","43":"product_cat-canon-pixma-mx524","44":"product_cat-canon-pixma-mx525","45":"product_cat-canon-pixma-mx530","46":"product_cat-canon-pixma-mx535","47":"product_cat-canon-pixma-ts5100","48":"product_cat-canon-pixma-ts5140","49":"product_cat-canon-pixma-ts5150","50":"product_cat-canon-pixma-ts5151","52":"first","53":"instock","54":"taxable","55":"shipping-taxable","56":"purchasable","57":"product-type-simple"},"yoast_head":"<!-- This site is optimized with the Yoast SEO plugin v26.8 - https:\/\/yoast.com\/product\/yoast-seo-wordpress\/ -->\n<title>Cartucho de tinta Reciclado Canon CL-541 XL (5226B005) Tricolor 21 ml - Inkpressi\u00f3 Ecol\u00f2gica<\/title>\n<meta name=\"robots\" content=\"index, follow, max-snippet:-1, max-image-preview:large, max-video-preview:-1\" \/>\n<link rel=\"canonical\" href=\"https:\/\/inkpressioecologica.com\/ca\/producto\/cartucho-de-tinta-reciclado-canon-cl-541-xl\/\" \/>\n<meta property=\"og:locale\" content=\"ca_ES\" \/>\n<meta property=\"og:type\" content=\"article\" \/>\n<meta property=\"og:title\" content=\"Cartucho de tinta Reciclado Canon CL-541 XL (5226B005) Tricolor 21 ml - Inkpressi\u00f3 Ecol\u00f2gica\" \/>\n<meta property=\"og:description\" content=\"Este Cartucho est\u00e1 garantizado contra defectos de producci\u00f3n y bajo estrictos controles de calidad ISO 9001. Proveniente de cartuchos originales europeos. Garant\u00eda Inkpressi\u00f3 Ecol\u00f2gica.     Este cartucho de tinta es compatible con las siguientes impresoras: Canon Pixma MG2100 Canon Pixma MG2140 Canon Pixma MG2150 Canon Pixma MG2200 Canon Pixma MG2250 Canon Pixma MG2255 Canon Pixma MG3100 Canon Pixma MG3140 Canon Pixma MG3150 Canon Pixma MG3155 Canon Pixma MG3200 Canon Pixma MG3250 Canon Pixma MG3255 Canon Pixma MG3500 Canon Pixma MG3550 Canon Pixma MG3600 Canon Pixma MG3650 Canon Pixma MG4140 Canon Pixma MG4150 Canon Pixma MG4200 Canon Pixma MG4250 Canon Pixma MX370 Canon Pixma MX375 Canon Pixma MX390 Canon Pixma MX395 Canon Pixma MX430 Canon Pixma MX435 Canon Pixma MX450 Canon Pixma MX454 Canon Pixma MX455 Canon Pixma MX470 Canon Pixma MX475 Canon Pixma MX510 Canon Pixma MX515 Canon Pixma MX520 Canon Pixma MX524 Canon Pixma MX525 Canon Pixma MX530 Canon Pixma MX535 Canon Pixma TS5100 Canon Pixma TS5140 Canon Pixma TS5150 Canon Pixma TS5151\" \/>\n<meta property=\"og:url\" content=\"https:\/\/inkpressioecologica.com\/ca\/producto\/cartucho-de-tinta-reciclado-canon-cl-541-xl\/\" \/>\n<meta property=\"og:site_name\" content=\"Inkpressi\u00f3 Ecol\u00f2gica\" \/>\n<meta property=\"article:publisher\" content=\"https:\/\/www.facebook.com\/inkpressio\" \/>\n<meta property=\"article:modified_time\" content=\"2021-02-22T09:11:27+00:00\" \/>\n<meta property=\"og:image\" content=\"https:\/\/inkpressioecologica.com\/wp-content\/uploads\/IC-CL541.jpg\" \/>\n\t<meta property=\"og:image:width\" content=\"700\" \/>\n\t<meta property=\"og:image:height\" content=\"700\" \/>\n\t<meta property=\"og:image:type\" content=\"image\/jpeg\" \/>\n<meta name=\"twitter:card\" content=\"summary_large_image\" \/>\n<script type=\"application\/ld+json\" class=\"yoast-schema-graph\">{\"@context\":\"https:\/\/schema.org\",\"@graph\":[{\"@type\":\"WebPage\",\"@id\":\"https:\/\/inkpressioecologica.com\/ca\/producto\/cartucho-de-tinta-reciclado-canon-cl-541-xl\/\",\"url\":\"https:\/\/inkpressioecologica.com\/ca\/producto\/cartucho-de-tinta-reciclado-canon-cl-541-xl\/\",\"name\":\"Cartucho de tinta Reciclado Canon CL-541 XL (5226B005) Tricolor 21 ml - Inkpressi\u00f3 Ecol\u00f2gica\",\"isPartOf\":{\"@id\":\"https:\/\/inkpressioecologica.com\/#website\"},\"primaryImageOfPage\":{\"@id\":\"https:\/\/inkpressioecologica.com\/ca\/producto\/cartucho-de-tinta-reciclado-canon-cl-541-xl\/#primaryimage\"},\"image\":{\"@id\":\"https:\/\/inkpressioecologica.com\/ca\/producto\/cartucho-de-tinta-reciclado-canon-cl-541-xl\/#primaryimage\"},\"thumbnailUrl\":\"https:\/\/inkpressioecologica.com\/wp-content\/uploads\/IC-CL541.jpg\",\"datePublished\":\"2020-05-11T16:51:34+00:00\",\"dateModified\":\"2021-02-22T09:11:27+00:00\",\"breadcrumb\":{\"@id\":\"https:\/\/inkpressioecologica.com\/ca\/producto\/cartucho-de-tinta-reciclado-canon-cl-541-xl\/#breadcrumb\"},\"inLanguage\":\"ca\",\"potentialAction\":[{\"@type\":\"ReadAction\",\"target\":[\"https:\/\/inkpressioecologica.com\/ca\/producto\/cartucho-de-tinta-reciclado-canon-cl-541-xl\/\"]}]},{\"@type\":\"ImageObject\",\"inLanguage\":\"ca\",\"@id\":\"https:\/\/inkpressioecologica.com\/ca\/producto\/cartucho-de-tinta-reciclado-canon-cl-541-xl\/#primaryimage\",\"url\":\"https:\/\/inkpressioecologica.com\/wp-content\/uploads\/IC-CL541.jpg\",\"contentUrl\":\"https:\/\/inkpressioecologica.com\/wp-content\/uploads\/IC-CL541.jpg\",\"width\":700,\"height\":700},{\"@type\":\"BreadcrumbList\",\"@id\":\"https:\/\/inkpressioecologica.com\/ca\/producto\/cartucho-de-tinta-reciclado-canon-cl-541-xl\/#breadcrumb\",\"itemListElement\":[{\"@type\":\"ListItem\",\"position\":1,\"name\":\"Inici\",\"item\":\"https:\/\/inkpressioecologica.com\/ca\/\"},{\"@type\":\"ListItem\",\"position\":2,\"name\":\"botiga online\",\"item\":\"https:\/\/inkpressioecologica.com\/tienda\/\"},{\"@type\":\"ListItem\",\"position\":3,\"name\":\"Cartucho de tinta Reciclado Canon CL-541 XL (5226B005) Tricolor 21 ml\"}]},{\"@type\":\"WebSite\",\"@id\":\"https:\/\/inkpressioecologica.com\/#website\",\"url\":\"https:\/\/inkpressioecologica.com\/\",\"name\":\"Inkpressi\u00f3 Ecol\u00f2gica\",\"description\":\"Botigues d&#039;impressi\u00f3 ecol\u00f2gica - cartutxos de tinta i t\u00f2ners reciclats\",\"publisher\":{\"@id\":\"https:\/\/inkpressioecologica.com\/#organization\"},\"potentialAction\":[{\"@type\":\"SearchAction\",\"target\":{\"@type\":\"EntryPoint\",\"urlTemplate\":\"https:\/\/inkpressioecologica.com\/?s={search_term_string}\"},\"query-input\":{\"@type\":\"PropertyValueSpecification\",\"valueRequired\":true,\"valueName\":\"search_term_string\"}}],\"inLanguage\":\"ca\"},{\"@type\":\"Organization\",\"@id\":\"https:\/\/inkpressioecologica.com\/#organization\",\"name\":\"Inkpressi\u00f3 Ecol\u00f2gica\",\"url\":\"https:\/\/inkpressioecologica.com\/\",\"logo\":{\"@type\":\"ImageObject\",\"inLanguage\":\"ca\",\"@id\":\"https:\/\/inkpressioecologica.com\/#\/schema\/logo\/image\/\",\"url\":\"https:\/\/inkpressioecologica.com\/wp-content\/uploads\/logo_ink.png\",\"contentUrl\":\"https:\/\/inkpressioecologica.com\/wp-content\/uploads\/logo_ink.png\",\"width\":300,\"height\":215,\"caption\":\"Inkpressi\u00f3 Ecol\u00f2gica\"},\"image\":{\"@id\":\"https:\/\/inkpressioecologica.com\/#\/schema\/logo\/image\/\"},\"sameAs\":[\"https:\/\/www.facebook.com\/inkpressio\",\"https:\/\/www.instagram.com\/inkpressioecologica\/\"]}]}<\/script>\n<!-- \/ Yoast SEO plugin. -->","yoast_head_json":{"title":"Cartucho de tinta Reciclado Canon CL-541 XL (5226B005) Tricolor 21 ml - Inkpressi\u00f3 Ecol\u00f2gica","robots":{"index":"index","follow":"follow","max-snippet":"max-snippet:-1","max-image-preview":"max-image-preview:large","max-video-preview":"max-video-preview:-1"},"canonical":"https:\/\/inkpressioecologica.com\/ca\/producto\/cartucho-de-tinta-reciclado-canon-cl-541-xl\/","og_locale":"ca_ES","og_type":"article","og_title":"Cartucho de tinta Reciclado Canon CL-541 XL (5226B005) Tricolor 21 ml - Inkpressi\u00f3 Ecol\u00f2gica","og_description":"Este Cartucho est\u00e1 garantizado contra defectos de producci\u00f3n y bajo estrictos controles de calidad ISO 9001. Proveniente de cartuchos originales europeos. Garant\u00eda Inkpressi\u00f3 Ecol\u00f2gica.     Este cartucho de tinta es compatible con las siguientes impresoras: Canon Pixma MG2100 Canon Pixma MG2140 Canon Pixma MG2150 Canon Pixma MG2200 Canon Pixma MG2250 Canon Pixma MG2255 Canon Pixma MG3100 Canon Pixma MG3140 Canon Pixma MG3150 Canon Pixma MG3155 Canon Pixma MG3200 Canon Pixma MG3250 Canon Pixma MG3255 Canon Pixma MG3500 Canon Pixma MG3550 Canon Pixma MG3600 Canon Pixma MG3650 Canon Pixma MG4140 Canon Pixma MG4150 Canon Pixma MG4200 Canon Pixma MG4250 Canon Pixma MX370 Canon Pixma MX375 Canon Pixma MX390 Canon Pixma MX395 Canon Pixma MX430 Canon Pixma MX435 Canon Pixma MX450 Canon Pixma MX454 Canon Pixma MX455 Canon Pixma MX470 Canon Pixma MX475 Canon Pixma MX510 Canon Pixma MX515 Canon Pixma MX520 Canon Pixma MX524 Canon Pixma MX525 Canon Pixma MX530 Canon Pixma MX535 Canon Pixma TS5100 Canon Pixma TS5140 Canon Pixma TS5150 Canon Pixma TS5151","og_url":"https:\/\/inkpressioecologica.com\/ca\/producto\/cartucho-de-tinta-reciclado-canon-cl-541-xl\/","og_site_name":"Inkpressi\u00f3 Ecol\u00f2gica","article_publisher":"https:\/\/www.facebook.com\/inkpressio","article_modified_time":"2021-02-22T09:11:27+00:00","og_image":[{"width":700,"height":700,"url":"https:\/\/inkpressioecologica.com\/wp-content\/uploads\/IC-CL541.jpg","type":"image\/jpeg"}],"twitter_card":"summary_large_image","schema":{"@context":"https:\/\/schema.org","@graph":[{"@type":"WebPage","@id":"https:\/\/inkpressioecologica.com\/ca\/producto\/cartucho-de-tinta-reciclado-canon-cl-541-xl\/","url":"https:\/\/inkpressioecologica.com\/ca\/producto\/cartucho-de-tinta-reciclado-canon-cl-541-xl\/","name":"Cartucho de tinta Reciclado Canon CL-541 XL (5226B005) Tricolor 21 ml - Inkpressi\u00f3 Ecol\u00f2gica","isPartOf":{"@id":"https:\/\/inkpressioecologica.com\/#website"},"primaryImageOfPage":{"@id":"https:\/\/inkpressioecologica.com\/ca\/producto\/cartucho-de-tinta-reciclado-canon-cl-541-xl\/#primaryimage"},"image":{"@id":"https:\/\/inkpressioecologica.com\/ca\/producto\/cartucho-de-tinta-reciclado-canon-cl-541-xl\/#primaryimage"},"thumbnailUrl":"https:\/\/inkpressioecologica.com\/wp-content\/uploads\/IC-CL541.jpg","datePublished":"2020-05-11T16:51:34+00:00","dateModified":"2021-02-22T09:11:27+00:00","breadcrumb":{"@id":"https:\/\/inkpressioecologica.com\/ca\/producto\/cartucho-de-tinta-reciclado-canon-cl-541-xl\/#breadcrumb"},"inLanguage":"ca","potentialAction":[{"@type":"ReadAction","target":["https:\/\/inkpressioecologica.com\/ca\/producto\/cartucho-de-tinta-reciclado-canon-cl-541-xl\/"]}]},{"@type":"ImageObject","inLanguage":"ca","@id":"https:\/\/inkpressioecologica.com\/ca\/producto\/cartucho-de-tinta-reciclado-canon-cl-541-xl\/#primaryimage","url":"https:\/\/inkpressioecologica.com\/wp-content\/uploads\/IC-CL541.jpg","contentUrl":"https:\/\/inkpressioecologica.com\/wp-content\/uploads\/IC-CL541.jpg","width":700,"height":700},{"@type":"BreadcrumbList","@id":"https:\/\/inkpressioecologica.com\/ca\/producto\/cartucho-de-tinta-reciclado-canon-cl-541-xl\/#breadcrumb","itemListElement":[{"@type":"ListItem","position":1,"name":"Inici","item":"https:\/\/inkpressioecologica.com\/ca\/"},{"@type":"ListItem","position":2,"name":"botiga online","item":"https:\/\/inkpressioecologica.com\/tienda\/"},{"@type":"ListItem","position":3,"name":"Cartucho de tinta Reciclado Canon CL-541 XL (5226B005) Tricolor 21 ml"}]},{"@type":"WebSite","@id":"https:\/\/inkpressioecologica.com\/#website","url":"https:\/\/inkpressioecologica.com\/","name":"Inkpressi\u00f3 Ecol\u00f2gica","description":"Botigues d&#039;impressi\u00f3 ecol\u00f2gica - cartutxos de tinta i t\u00f2ners reciclats","publisher":{"@id":"https:\/\/inkpressioecologica.com\/#organization"},"potentialAction":[{"@type":"SearchAction","target":{"@type":"EntryPoint","urlTemplate":"https:\/\/inkpressioecologica.com\/?s={search_term_string}"},"query-input":{"@type":"PropertyValueSpecification","valueRequired":true,"valueName":"search_term_string"}}],"inLanguage":"ca"},{"@type":"Organization","@id":"https:\/\/inkpressioecologica.com\/#organization","name":"Inkpressi\u00f3 Ecol\u00f2gica","url":"https:\/\/inkpressioecologica.com\/","logo":{"@type":"ImageObject","inLanguage":"ca","@id":"https:\/\/inkpressioecologica.com\/#\/schema\/logo\/image\/","url":"https:\/\/inkpressioecologica.com\/wp-content\/uploads\/logo_ink.png","contentUrl":"https:\/\/inkpressioecologica.com\/wp-content\/uploads\/logo_ink.png","width":300,"height":215,"caption":"Inkpressi\u00f3 Ecol\u00f2gica"},"image":{"@id":"https:\/\/inkpressioecologica.com\/#\/schema\/logo\/image\/"},"sameAs":["https:\/\/www.facebook.com\/inkpressio","https:\/\/www.instagram.com\/inkpressioecologica\/"]}]}},"_links":{"self":[{"href":"https:\/\/inkpressioecologica.com\/ca\/wp-json\/wp\/v2\/product\/15262","targetHints":{"allow":["GET"]}}],"collection":[{"href":"https:\/\/inkpressioecologica.com\/ca\/wp-json\/wp\/v2\/product"}],"about":[{"href":"https:\/\/inkpressioecologica.com\/ca\/wp-json\/wp\/v2\/types\/product"}],"wp:featuredmedia":[{"embeddable":true,"href":"https:\/\/inkpressioecologica.com\/ca\/wp-json\/wp\/v2\/media\/15523"}],"wp:attachment":[{"href":"https:\/\/inkpressioecologica.com\/ca\/wp-json\/wp\/v2\/media?parent=15262"}],"wp:term":[{"taxonomy":"product_brand","embeddable":true,"href":"https:\/\/inkpressioecologica.com\/ca\/wp-json\/wp\/v2\/product_brand?post=15262"},{"taxonomy":"product_cat","embeddable":true,"href":"https:\/\/inkpressioecologica.com\/ca\/wp-json\/wp\/v2\/product_cat?post=15262"},{"taxonomy":"product_tag","embeddable":true,"href":"https:\/\/inkpressioecologica.com\/ca\/wp-json\/wp\/v2\/product_tag?post=15262"}],"curies":[{"name":"wp","href":"https:\/\/api.w.org\/{rel}","templated":true}]}}