{"id":15062,"date":"2020-04-20T13:00:06","date_gmt":"2020-04-20T11:00:06","guid":{"rendered":"https:\/\/inkpressioecologica.com\/?post_type=product&#038;p=15062"},"modified":"2021-02-22T11:15:20","modified_gmt":"2021-02-22T09:15:20","slug":"cartucho-de-tinta-epson-alternativo-t018-tricolor-43ml","status":"publish","type":"product","link":"https:\/\/inkpressioecologica.com\/ca\/producto\/cartucho-de-tinta-epson-alternativo-t018-tricolor-43ml\/","title":{"rendered":"Cartucho de tinta Epson alternativo T018 Tricolor 43ml"},"content":{"rendered":"","protected":false},"excerpt":{"rendered":"<p>Este Cartucho est\u00e1 garantizado contra defectos de producci\u00f3n y bajo estrictos controles de calidad <strong>ISO 9001<\/strong>. Proveniente de cartuchos originales europeos. Garant\u00eda Inkpressi\u00f3 Ecol\u00f2gica.<\/p>\n<p><img decoding=\"async\" class=\"alignnone wp-image-11805 lazyload\" data-src=\"https:\/\/inkpressioecologica.com\/wp-content\/uploads\/iso.jpg\" alt=\"\" width=\"70\" height=\"70\" src=\"data:image\/svg+xml;base64,PHN2ZyB3aWR0aD0iMSIgaGVpZ2h0PSIxIiB4bWxucz0iaHR0cDovL3d3dy53My5vcmcvMjAwMC9zdmciPjwvc3ZnPg==\" style=\"--smush-placeholder-width: 70px; --smush-placeholder-aspect-ratio: 70\/70;\" \/> <img decoding=\"async\" class=\"alignnone wp-image-15033 lazyload\" data-src=\"https:\/\/inkpressioecologica.com\/wp-content\/uploads\/Iso14001.jpg\" alt=\"cartuchos de tinta baratos\" width=\"68\" height=\"68\" data-srcset=\"https:\/\/inkpressioecologica.com\/wp-content\/uploads\/Iso14001.jpg 250w, https:\/\/inkpressioecologica.com\/wp-content\/uploads\/Iso14001-247x252.jpg 247w, https:\/\/inkpressioecologica.com\/wp-content\/uploads\/Iso14001-100x100.jpg 100w, https:\/\/inkpressioecologica.com\/wp-content\/uploads\/Iso14001-150x150.jpg 150w\" data-sizes=\"(max-width: 68px) 100vw, 68px\" src=\"data:image\/svg+xml;base64,PHN2ZyB3aWR0aD0iMSIgaGVpZ2h0PSIxIiB4bWxucz0iaHR0cDovL3d3dy53My5vcmcvMjAwMC9zdmciPjwvc3ZnPg==\" style=\"--smush-placeholder-width: 68px; --smush-placeholder-aspect-ratio: 68\/68;\" \/><\/p>\n<p><b>Este cartucho de tinta es compatible con las siguientes impresoras:<\/b><\/p>\n<p>Epson 1000 ICS<br \/>\nEpson Stylus Color 680<br \/>\nEpson Stylus Color 680 TR<br \/>\nEpson Stylus Color 685<br \/>\nEpson Stylus Color 770<br \/>\nEpson Stylus Color 777<br \/>\nEpson Stylus Color 777 I<br \/>\nEpson Stylus Color 777 Ipaq<\/p>\n","protected":false},"featured_media":15670,"template":"","meta":[],"product_brand":[],"product_cat":[342,552,553,554,555,556,557,558,559],"product_tag":[],"class_list":{"0":"post-15062","1":"product","2":"type-product","3":"status-publish","4":"has-post-thumbnail","6":"product_cat-epson","7":"product_cat-epson-1000-ics","8":"product_cat-epson-stylus-color-680","9":"product_cat-epson-stylus-color-680-tr","10":"product_cat-epson-stylus-color-685","11":"product_cat-epson-stylus-color-770","12":"product_cat-epson-stylus-color-777","13":"product_cat-epson-stylus-color-777-i","14":"product_cat-epson-stylus-color-777-ipaq","16":"first","17":"instock","18":"taxable","19":"shipping-taxable","20":"purchasable","21":"product-type-simple"},"yoast_head":"<!-- This site is optimized with the Yoast SEO plugin v26.8 - https:\/\/yoast.com\/product\/yoast-seo-wordpress\/ -->\n<title>Cartucho de tinta Epson alternativo T018 Tricolor 43ml - Inkpressi\u00f3 Ecol\u00f2gica<\/title>\n<meta name=\"robots\" content=\"index, follow, max-snippet:-1, max-image-preview:large, max-video-preview:-1\" \/>\n<link rel=\"canonical\" href=\"https:\/\/inkpressioecologica.com\/ca\/producto\/cartucho-de-tinta-epson-alternativo-t018-tricolor-43ml\/\" \/>\n<meta property=\"og:locale\" content=\"ca_ES\" \/>\n<meta property=\"og:type\" content=\"article\" \/>\n<meta property=\"og:title\" content=\"Cartucho de tinta Epson alternativo T018 Tricolor 43ml - Inkpressi\u00f3 Ecol\u00f2gica\" \/>\n<meta property=\"og:description\" content=\"Este Cartucho est\u00e1 garantizado contra defectos de producci\u00f3n y bajo estrictos controles de calidad ISO 9001. Proveniente de cartuchos originales europeos. Garant\u00eda Inkpressi\u00f3 Ecol\u00f2gica.     Este cartucho de tinta es compatible con las siguientes impresoras:  Epson 1000 ICS Epson Stylus Color 680 Epson Stylus Color 680 TR Epson Stylus Color 685 Epson Stylus Color 770 Epson Stylus Color 777 Epson Stylus Color 777 I Epson Stylus Color 777 Ipaq\" \/>\n<meta property=\"og:url\" content=\"https:\/\/inkpressioecologica.com\/ca\/producto\/cartucho-de-tinta-epson-alternativo-t018-tricolor-43ml\/\" \/>\n<meta property=\"og:site_name\" content=\"Inkpressi\u00f3 Ecol\u00f2gica\" \/>\n<meta property=\"article:publisher\" content=\"https:\/\/www.facebook.com\/inkpressio\" \/>\n<meta property=\"article:modified_time\" content=\"2021-02-22T09:15:20+00:00\" \/>\n<meta property=\"og:image\" content=\"https:\/\/inkpressioecologica.com\/wp-content\/uploads\/IE-T018.jpg\" \/>\n\t<meta property=\"og:image:width\" content=\"700\" \/>\n\t<meta property=\"og:image:height\" content=\"700\" \/>\n\t<meta property=\"og:image:type\" content=\"image\/jpeg\" \/>\n<meta name=\"twitter:card\" content=\"summary_large_image\" \/>\n<script type=\"application\/ld+json\" class=\"yoast-schema-graph\">{\"@context\":\"https:\/\/schema.org\",\"@graph\":[{\"@type\":\"WebPage\",\"@id\":\"https:\/\/inkpressioecologica.com\/ca\/producto\/cartucho-de-tinta-epson-alternativo-t018-tricolor-43ml\/\",\"url\":\"https:\/\/inkpressioecologica.com\/ca\/producto\/cartucho-de-tinta-epson-alternativo-t018-tricolor-43ml\/\",\"name\":\"Cartucho de tinta Epson alternativo T018 Tricolor 43ml - Inkpressi\u00f3 Ecol\u00f2gica\",\"isPartOf\":{\"@id\":\"https:\/\/inkpressioecologica.com\/#website\"},\"primaryImageOfPage\":{\"@id\":\"https:\/\/inkpressioecologica.com\/ca\/producto\/cartucho-de-tinta-epson-alternativo-t018-tricolor-43ml\/#primaryimage\"},\"image\":{\"@id\":\"https:\/\/inkpressioecologica.com\/ca\/producto\/cartucho-de-tinta-epson-alternativo-t018-tricolor-43ml\/#primaryimage\"},\"thumbnailUrl\":\"https:\/\/inkpressioecologica.com\/wp-content\/uploads\/IE-T018.jpg\",\"datePublished\":\"2020-04-20T11:00:06+00:00\",\"dateModified\":\"2021-02-22T09:15:20+00:00\",\"breadcrumb\":{\"@id\":\"https:\/\/inkpressioecologica.com\/ca\/producto\/cartucho-de-tinta-epson-alternativo-t018-tricolor-43ml\/#breadcrumb\"},\"inLanguage\":\"ca\",\"potentialAction\":[{\"@type\":\"ReadAction\",\"target\":[\"https:\/\/inkpressioecologica.com\/ca\/producto\/cartucho-de-tinta-epson-alternativo-t018-tricolor-43ml\/\"]}]},{\"@type\":\"ImageObject\",\"inLanguage\":\"ca\",\"@id\":\"https:\/\/inkpressioecologica.com\/ca\/producto\/cartucho-de-tinta-epson-alternativo-t018-tricolor-43ml\/#primaryimage\",\"url\":\"https:\/\/inkpressioecologica.com\/wp-content\/uploads\/IE-T018.jpg\",\"contentUrl\":\"https:\/\/inkpressioecologica.com\/wp-content\/uploads\/IE-T018.jpg\",\"width\":700,\"height\":700},{\"@type\":\"BreadcrumbList\",\"@id\":\"https:\/\/inkpressioecologica.com\/ca\/producto\/cartucho-de-tinta-epson-alternativo-t018-tricolor-43ml\/#breadcrumb\",\"itemListElement\":[{\"@type\":\"ListItem\",\"position\":1,\"name\":\"Inici\",\"item\":\"https:\/\/inkpressioecologica.com\/ca\/\"},{\"@type\":\"ListItem\",\"position\":2,\"name\":\"botiga online\",\"item\":\"https:\/\/inkpressioecologica.com\/tienda\/\"},{\"@type\":\"ListItem\",\"position\":3,\"name\":\"Cartucho de tinta Epson alternativo T018 Tricolor 43ml\"}]},{\"@type\":\"WebSite\",\"@id\":\"https:\/\/inkpressioecologica.com\/#website\",\"url\":\"https:\/\/inkpressioecologica.com\/\",\"name\":\"Inkpressi\u00f3 Ecol\u00f2gica\",\"description\":\"Botigues d&#039;impressi\u00f3 ecol\u00f2gica - cartutxos de tinta i t\u00f2ners reciclats\",\"publisher\":{\"@id\":\"https:\/\/inkpressioecologica.com\/#organization\"},\"potentialAction\":[{\"@type\":\"SearchAction\",\"target\":{\"@type\":\"EntryPoint\",\"urlTemplate\":\"https:\/\/inkpressioecologica.com\/?s={search_term_string}\"},\"query-input\":{\"@type\":\"PropertyValueSpecification\",\"valueRequired\":true,\"valueName\":\"search_term_string\"}}],\"inLanguage\":\"ca\"},{\"@type\":\"Organization\",\"@id\":\"https:\/\/inkpressioecologica.com\/#organization\",\"name\":\"Inkpressi\u00f3 Ecol\u00f2gica\",\"url\":\"https:\/\/inkpressioecologica.com\/\",\"logo\":{\"@type\":\"ImageObject\",\"inLanguage\":\"ca\",\"@id\":\"https:\/\/inkpressioecologica.com\/#\/schema\/logo\/image\/\",\"url\":\"https:\/\/inkpressioecologica.com\/wp-content\/uploads\/logo_ink.png\",\"contentUrl\":\"https:\/\/inkpressioecologica.com\/wp-content\/uploads\/logo_ink.png\",\"width\":300,\"height\":215,\"caption\":\"Inkpressi\u00f3 Ecol\u00f2gica\"},\"image\":{\"@id\":\"https:\/\/inkpressioecologica.com\/#\/schema\/logo\/image\/\"},\"sameAs\":[\"https:\/\/www.facebook.com\/inkpressio\",\"https:\/\/www.instagram.com\/inkpressioecologica\/\"]}]}<\/script>\n<!-- \/ Yoast SEO plugin. -->","yoast_head_json":{"title":"Cartucho de tinta Epson alternativo T018 Tricolor 43ml - Inkpressi\u00f3 Ecol\u00f2gica","robots":{"index":"index","follow":"follow","max-snippet":"max-snippet:-1","max-image-preview":"max-image-preview:large","max-video-preview":"max-video-preview:-1"},"canonical":"https:\/\/inkpressioecologica.com\/ca\/producto\/cartucho-de-tinta-epson-alternativo-t018-tricolor-43ml\/","og_locale":"ca_ES","og_type":"article","og_title":"Cartucho de tinta Epson alternativo T018 Tricolor 43ml - Inkpressi\u00f3 Ecol\u00f2gica","og_description":"Este Cartucho est\u00e1 garantizado contra defectos de producci\u00f3n y bajo estrictos controles de calidad ISO 9001. Proveniente de cartuchos originales europeos. Garant\u00eda Inkpressi\u00f3 Ecol\u00f2gica.     Este cartucho de tinta es compatible con las siguientes impresoras:  Epson 1000 ICS Epson Stylus Color 680 Epson Stylus Color 680 TR Epson Stylus Color 685 Epson Stylus Color 770 Epson Stylus Color 777 Epson Stylus Color 777 I Epson Stylus Color 777 Ipaq","og_url":"https:\/\/inkpressioecologica.com\/ca\/producto\/cartucho-de-tinta-epson-alternativo-t018-tricolor-43ml\/","og_site_name":"Inkpressi\u00f3 Ecol\u00f2gica","article_publisher":"https:\/\/www.facebook.com\/inkpressio","article_modified_time":"2021-02-22T09:15:20+00:00","og_image":[{"width":700,"height":700,"url":"https:\/\/inkpressioecologica.com\/wp-content\/uploads\/IE-T018.jpg","type":"image\/jpeg"}],"twitter_card":"summary_large_image","schema":{"@context":"https:\/\/schema.org","@graph":[{"@type":"WebPage","@id":"https:\/\/inkpressioecologica.com\/ca\/producto\/cartucho-de-tinta-epson-alternativo-t018-tricolor-43ml\/","url":"https:\/\/inkpressioecologica.com\/ca\/producto\/cartucho-de-tinta-epson-alternativo-t018-tricolor-43ml\/","name":"Cartucho de tinta Epson alternativo T018 Tricolor 43ml - Inkpressi\u00f3 Ecol\u00f2gica","isPartOf":{"@id":"https:\/\/inkpressioecologica.com\/#website"},"primaryImageOfPage":{"@id":"https:\/\/inkpressioecologica.com\/ca\/producto\/cartucho-de-tinta-epson-alternativo-t018-tricolor-43ml\/#primaryimage"},"image":{"@id":"https:\/\/inkpressioecologica.com\/ca\/producto\/cartucho-de-tinta-epson-alternativo-t018-tricolor-43ml\/#primaryimage"},"thumbnailUrl":"https:\/\/inkpressioecologica.com\/wp-content\/uploads\/IE-T018.jpg","datePublished":"2020-04-20T11:00:06+00:00","dateModified":"2021-02-22T09:15:20+00:00","breadcrumb":{"@id":"https:\/\/inkpressioecologica.com\/ca\/producto\/cartucho-de-tinta-epson-alternativo-t018-tricolor-43ml\/#breadcrumb"},"inLanguage":"ca","potentialAction":[{"@type":"ReadAction","target":["https:\/\/inkpressioecologica.com\/ca\/producto\/cartucho-de-tinta-epson-alternativo-t018-tricolor-43ml\/"]}]},{"@type":"ImageObject","inLanguage":"ca","@id":"https:\/\/inkpressioecologica.com\/ca\/producto\/cartucho-de-tinta-epson-alternativo-t018-tricolor-43ml\/#primaryimage","url":"https:\/\/inkpressioecologica.com\/wp-content\/uploads\/IE-T018.jpg","contentUrl":"https:\/\/inkpressioecologica.com\/wp-content\/uploads\/IE-T018.jpg","width":700,"height":700},{"@type":"BreadcrumbList","@id":"https:\/\/inkpressioecologica.com\/ca\/producto\/cartucho-de-tinta-epson-alternativo-t018-tricolor-43ml\/#breadcrumb","itemListElement":[{"@type":"ListItem","position":1,"name":"Inici","item":"https:\/\/inkpressioecologica.com\/ca\/"},{"@type":"ListItem","position":2,"name":"botiga online","item":"https:\/\/inkpressioecologica.com\/tienda\/"},{"@type":"ListItem","position":3,"name":"Cartucho de tinta Epson alternativo T018 Tricolor 43ml"}]},{"@type":"WebSite","@id":"https:\/\/inkpressioecologica.com\/#website","url":"https:\/\/inkpressioecologica.com\/","name":"Inkpressi\u00f3 Ecol\u00f2gica","description":"Botigues d&#039;impressi\u00f3 ecol\u00f2gica - cartutxos de tinta i t\u00f2ners reciclats","publisher":{"@id":"https:\/\/inkpressioecologica.com\/#organization"},"potentialAction":[{"@type":"SearchAction","target":{"@type":"EntryPoint","urlTemplate":"https:\/\/inkpressioecologica.com\/?s={search_term_string}"},"query-input":{"@type":"PropertyValueSpecification","valueRequired":true,"valueName":"search_term_string"}}],"inLanguage":"ca"},{"@type":"Organization","@id":"https:\/\/inkpressioecologica.com\/#organization","name":"Inkpressi\u00f3 Ecol\u00f2gica","url":"https:\/\/inkpressioecologica.com\/","logo":{"@type":"ImageObject","inLanguage":"ca","@id":"https:\/\/inkpressioecologica.com\/#\/schema\/logo\/image\/","url":"https:\/\/inkpressioecologica.com\/wp-content\/uploads\/logo_ink.png","contentUrl":"https:\/\/inkpressioecologica.com\/wp-content\/uploads\/logo_ink.png","width":300,"height":215,"caption":"Inkpressi\u00f3 Ecol\u00f2gica"},"image":{"@id":"https:\/\/inkpressioecologica.com\/#\/schema\/logo\/image\/"},"sameAs":["https:\/\/www.facebook.com\/inkpressio","https:\/\/www.instagram.com\/inkpressioecologica\/"]}]}},"_links":{"self":[{"href":"https:\/\/inkpressioecologica.com\/ca\/wp-json\/wp\/v2\/product\/15062","targetHints":{"allow":["GET"]}}],"collection":[{"href":"https:\/\/inkpressioecologica.com\/ca\/wp-json\/wp\/v2\/product"}],"about":[{"href":"https:\/\/inkpressioecologica.com\/ca\/wp-json\/wp\/v2\/types\/product"}],"wp:featuredmedia":[{"embeddable":true,"href":"https:\/\/inkpressioecologica.com\/ca\/wp-json\/wp\/v2\/media\/15670"}],"wp:attachment":[{"href":"https:\/\/inkpressioecologica.com\/ca\/wp-json\/wp\/v2\/media?parent=15062"}],"wp:term":[{"taxonomy":"product_brand","embeddable":true,"href":"https:\/\/inkpressioecologica.com\/ca\/wp-json\/wp\/v2\/product_brand?post=15062"},{"taxonomy":"product_cat","embeddable":true,"href":"https:\/\/inkpressioecologica.com\/ca\/wp-json\/wp\/v2\/product_cat?post=15062"},{"taxonomy":"product_tag","embeddable":true,"href":"https:\/\/inkpressioecologica.com\/ca\/wp-json\/wp\/v2\/product_tag?post=15062"}],"curies":[{"name":"wp","href":"https:\/\/api.w.org\/{rel}","templated":true}]}}