{"id":15055,"date":"2020-04-20T12:03:01","date_gmt":"2020-04-20T10:03:01","guid":{"rendered":"https:\/\/inkpressioecologica.com\/?post_type=product&#038;p=15055"},"modified":"2021-02-22T11:15:31","modified_gmt":"2021-02-22T09:15:31","slug":"cartucho-de-tinta-epson-alternativo-t001-5-colores-50ml","status":"publish","type":"product","link":"https:\/\/inkpressioecologica.com\/ca\/producto\/cartucho-de-tinta-epson-alternativo-t001-5-colores-50ml\/","title":{"rendered":"Cartucho de tinta Epson alternativo T001 5 Colores 50ml"},"content":{"rendered":"","protected":false},"excerpt":{"rendered":"<p>Este Cartucho est\u00e1 garantizado contra defectos de producci\u00f3n y bajo estrictos controles de calidad <strong>ISO 9001<\/strong>. Proveniente de cartuchos originales europeos. Garant\u00eda Inkpressi\u00f3 Ecol\u00f2gica.<\/p>\n<p><img decoding=\"async\" class=\"alignnone wp-image-11805 lazyload\" data-src=\"https:\/\/inkpressioecologica.com\/wp-content\/uploads\/iso.jpg\" alt=\"\" width=\"70\" height=\"70\" src=\"data:image\/svg+xml;base64,PHN2ZyB3aWR0aD0iMSIgaGVpZ2h0PSIxIiB4bWxucz0iaHR0cDovL3d3dy53My5vcmcvMjAwMC9zdmciPjwvc3ZnPg==\" style=\"--smush-placeholder-width: 70px; --smush-placeholder-aspect-ratio: 70\/70;\" \/> <img decoding=\"async\" class=\"alignnone wp-image-15033 lazyload\" data-src=\"https:\/\/inkpressioecologica.com\/wp-content\/uploads\/Iso14001.jpg\" alt=\"cartuchos de tinta baratos\" width=\"68\" height=\"68\" data-srcset=\"https:\/\/inkpressioecologica.com\/wp-content\/uploads\/Iso14001.jpg 250w, https:\/\/inkpressioecologica.com\/wp-content\/uploads\/Iso14001-247x252.jpg 247w, https:\/\/inkpressioecologica.com\/wp-content\/uploads\/Iso14001-100x100.jpg 100w, https:\/\/inkpressioecologica.com\/wp-content\/uploads\/Iso14001-150x150.jpg 150w\" data-sizes=\"(max-width: 68px) 100vw, 68px\" src=\"data:image\/svg+xml;base64,PHN2ZyB3aWR0aD0iMSIgaGVpZ2h0PSIxIiB4bWxucz0iaHR0cDovL3d3dy53My5vcmcvMjAwMC9zdmciPjwvc3ZnPg==\" style=\"--smush-placeholder-width: 68px; --smush-placeholder-aspect-ratio: 68\/68;\" \/><\/p>\n<p><b>Este cartucho de tinta es compatible con las siguientes impresoras:<\/b><\/p>\n<p>Epson Stylus Photo 1200<\/p>\n","protected":false},"featured_media":0,"template":"","meta":[],"product_brand":[],"product_cat":[342,523],"product_tag":[],"class_list":{"0":"post-15055","1":"product","2":"type-product","3":"status-publish","5":"product_cat-epson","6":"product_cat-epson-stylus-photo-1200","8":"first","9":"instock","10":"taxable","11":"shipping-taxable","12":"purchasable","13":"product-type-simple"},"yoast_head":"<!-- This site is optimized with the Yoast SEO plugin v26.8 - https:\/\/yoast.com\/product\/yoast-seo-wordpress\/ -->\n<title>Cartucho de tinta Epson alternativo T001 5 Colores 50ml - Inkpressi\u00f3 Ecol\u00f2gica<\/title>\n<meta name=\"robots\" content=\"index, follow, max-snippet:-1, max-image-preview:large, max-video-preview:-1\" \/>\n<link rel=\"canonical\" href=\"https:\/\/inkpressioecologica.com\/ca\/producto\/cartucho-de-tinta-epson-alternativo-t001-5-colores-50ml\/\" \/>\n<meta property=\"og:locale\" content=\"ca_ES\" \/>\n<meta property=\"og:type\" content=\"article\" \/>\n<meta property=\"og:title\" content=\"Cartucho de tinta Epson alternativo T001 5 Colores 50ml - Inkpressi\u00f3 Ecol\u00f2gica\" \/>\n<meta property=\"og:description\" content=\"Este Cartucho est\u00e1 garantizado contra defectos de producci\u00f3n y bajo estrictos controles de calidad ISO 9001. Proveniente de cartuchos originales europeos. Garant\u00eda Inkpressi\u00f3 Ecol\u00f2gica.     Este cartucho de tinta es compatible con las siguientes impresoras:  Epson Stylus Photo 1200\" \/>\n<meta property=\"og:url\" content=\"https:\/\/inkpressioecologica.com\/ca\/producto\/cartucho-de-tinta-epson-alternativo-t001-5-colores-50ml\/\" \/>\n<meta property=\"og:site_name\" content=\"Inkpressi\u00f3 Ecol\u00f2gica\" \/>\n<meta property=\"article:publisher\" content=\"https:\/\/www.facebook.com\/inkpressio\" \/>\n<meta property=\"article:modified_time\" content=\"2021-02-22T09:15:31+00:00\" \/>\n<meta name=\"twitter:card\" content=\"summary_large_image\" \/>\n<script type=\"application\/ld+json\" class=\"yoast-schema-graph\">{\"@context\":\"https:\/\/schema.org\",\"@graph\":[{\"@type\":\"WebPage\",\"@id\":\"https:\/\/inkpressioecologica.com\/ca\/producto\/cartucho-de-tinta-epson-alternativo-t001-5-colores-50ml\/\",\"url\":\"https:\/\/inkpressioecologica.com\/ca\/producto\/cartucho-de-tinta-epson-alternativo-t001-5-colores-50ml\/\",\"name\":\"Cartucho de tinta Epson alternativo T001 5 Colores 50ml - Inkpressi\u00f3 Ecol\u00f2gica\",\"isPartOf\":{\"@id\":\"https:\/\/inkpressioecologica.com\/#website\"},\"datePublished\":\"2020-04-20T10:03:01+00:00\",\"dateModified\":\"2021-02-22T09:15:31+00:00\",\"breadcrumb\":{\"@id\":\"https:\/\/inkpressioecologica.com\/ca\/producto\/cartucho-de-tinta-epson-alternativo-t001-5-colores-50ml\/#breadcrumb\"},\"inLanguage\":\"ca\",\"potentialAction\":[{\"@type\":\"ReadAction\",\"target\":[\"https:\/\/inkpressioecologica.com\/ca\/producto\/cartucho-de-tinta-epson-alternativo-t001-5-colores-50ml\/\"]}]},{\"@type\":\"BreadcrumbList\",\"@id\":\"https:\/\/inkpressioecologica.com\/ca\/producto\/cartucho-de-tinta-epson-alternativo-t001-5-colores-50ml\/#breadcrumb\",\"itemListElement\":[{\"@type\":\"ListItem\",\"position\":1,\"name\":\"Inici\",\"item\":\"https:\/\/inkpressioecologica.com\/ca\/\"},{\"@type\":\"ListItem\",\"position\":2,\"name\":\"botiga online\",\"item\":\"https:\/\/inkpressioecologica.com\/tienda\/\"},{\"@type\":\"ListItem\",\"position\":3,\"name\":\"Cartucho de tinta Epson alternativo T001 5 Colores 50ml\"}]},{\"@type\":\"WebSite\",\"@id\":\"https:\/\/inkpressioecologica.com\/#website\",\"url\":\"https:\/\/inkpressioecologica.com\/\",\"name\":\"Inkpressi\u00f3 Ecol\u00f2gica\",\"description\":\"Botigues d&#039;impressi\u00f3 ecol\u00f2gica - cartutxos de tinta i t\u00f2ners reciclats\",\"publisher\":{\"@id\":\"https:\/\/inkpressioecologica.com\/#organization\"},\"potentialAction\":[{\"@type\":\"SearchAction\",\"target\":{\"@type\":\"EntryPoint\",\"urlTemplate\":\"https:\/\/inkpressioecologica.com\/?s={search_term_string}\"},\"query-input\":{\"@type\":\"PropertyValueSpecification\",\"valueRequired\":true,\"valueName\":\"search_term_string\"}}],\"inLanguage\":\"ca\"},{\"@type\":\"Organization\",\"@id\":\"https:\/\/inkpressioecologica.com\/#organization\",\"name\":\"Inkpressi\u00f3 Ecol\u00f2gica\",\"url\":\"https:\/\/inkpressioecologica.com\/\",\"logo\":{\"@type\":\"ImageObject\",\"inLanguage\":\"ca\",\"@id\":\"https:\/\/inkpressioecologica.com\/#\/schema\/logo\/image\/\",\"url\":\"https:\/\/inkpressioecologica.com\/wp-content\/uploads\/logo_ink.png\",\"contentUrl\":\"https:\/\/inkpressioecologica.com\/wp-content\/uploads\/logo_ink.png\",\"width\":300,\"height\":215,\"caption\":\"Inkpressi\u00f3 Ecol\u00f2gica\"},\"image\":{\"@id\":\"https:\/\/inkpressioecologica.com\/#\/schema\/logo\/image\/\"},\"sameAs\":[\"https:\/\/www.facebook.com\/inkpressio\",\"https:\/\/www.instagram.com\/inkpressioecologica\/\"]}]}<\/script>\n<!-- \/ Yoast SEO plugin. -->","yoast_head_json":{"title":"Cartucho de tinta Epson alternativo T001 5 Colores 50ml - Inkpressi\u00f3 Ecol\u00f2gica","robots":{"index":"index","follow":"follow","max-snippet":"max-snippet:-1","max-image-preview":"max-image-preview:large","max-video-preview":"max-video-preview:-1"},"canonical":"https:\/\/inkpressioecologica.com\/ca\/producto\/cartucho-de-tinta-epson-alternativo-t001-5-colores-50ml\/","og_locale":"ca_ES","og_type":"article","og_title":"Cartucho de tinta Epson alternativo T001 5 Colores 50ml - Inkpressi\u00f3 Ecol\u00f2gica","og_description":"Este Cartucho est\u00e1 garantizado contra defectos de producci\u00f3n y bajo estrictos controles de calidad ISO 9001. Proveniente de cartuchos originales europeos. Garant\u00eda Inkpressi\u00f3 Ecol\u00f2gica.     Este cartucho de tinta es compatible con las siguientes impresoras:  Epson Stylus Photo 1200","og_url":"https:\/\/inkpressioecologica.com\/ca\/producto\/cartucho-de-tinta-epson-alternativo-t001-5-colores-50ml\/","og_site_name":"Inkpressi\u00f3 Ecol\u00f2gica","article_publisher":"https:\/\/www.facebook.com\/inkpressio","article_modified_time":"2021-02-22T09:15:31+00:00","twitter_card":"summary_large_image","schema":{"@context":"https:\/\/schema.org","@graph":[{"@type":"WebPage","@id":"https:\/\/inkpressioecologica.com\/ca\/producto\/cartucho-de-tinta-epson-alternativo-t001-5-colores-50ml\/","url":"https:\/\/inkpressioecologica.com\/ca\/producto\/cartucho-de-tinta-epson-alternativo-t001-5-colores-50ml\/","name":"Cartucho de tinta Epson alternativo T001 5 Colores 50ml - Inkpressi\u00f3 Ecol\u00f2gica","isPartOf":{"@id":"https:\/\/inkpressioecologica.com\/#website"},"datePublished":"2020-04-20T10:03:01+00:00","dateModified":"2021-02-22T09:15:31+00:00","breadcrumb":{"@id":"https:\/\/inkpressioecologica.com\/ca\/producto\/cartucho-de-tinta-epson-alternativo-t001-5-colores-50ml\/#breadcrumb"},"inLanguage":"ca","potentialAction":[{"@type":"ReadAction","target":["https:\/\/inkpressioecologica.com\/ca\/producto\/cartucho-de-tinta-epson-alternativo-t001-5-colores-50ml\/"]}]},{"@type":"BreadcrumbList","@id":"https:\/\/inkpressioecologica.com\/ca\/producto\/cartucho-de-tinta-epson-alternativo-t001-5-colores-50ml\/#breadcrumb","itemListElement":[{"@type":"ListItem","position":1,"name":"Inici","item":"https:\/\/inkpressioecologica.com\/ca\/"},{"@type":"ListItem","position":2,"name":"botiga online","item":"https:\/\/inkpressioecologica.com\/tienda\/"},{"@type":"ListItem","position":3,"name":"Cartucho de tinta Epson alternativo T001 5 Colores 50ml"}]},{"@type":"WebSite","@id":"https:\/\/inkpressioecologica.com\/#website","url":"https:\/\/inkpressioecologica.com\/","name":"Inkpressi\u00f3 Ecol\u00f2gica","description":"Botigues d&#039;impressi\u00f3 ecol\u00f2gica - cartutxos de tinta i t\u00f2ners reciclats","publisher":{"@id":"https:\/\/inkpressioecologica.com\/#organization"},"potentialAction":[{"@type":"SearchAction","target":{"@type":"EntryPoint","urlTemplate":"https:\/\/inkpressioecologica.com\/?s={search_term_string}"},"query-input":{"@type":"PropertyValueSpecification","valueRequired":true,"valueName":"search_term_string"}}],"inLanguage":"ca"},{"@type":"Organization","@id":"https:\/\/inkpressioecologica.com\/#organization","name":"Inkpressi\u00f3 Ecol\u00f2gica","url":"https:\/\/inkpressioecologica.com\/","logo":{"@type":"ImageObject","inLanguage":"ca","@id":"https:\/\/inkpressioecologica.com\/#\/schema\/logo\/image\/","url":"https:\/\/inkpressioecologica.com\/wp-content\/uploads\/logo_ink.png","contentUrl":"https:\/\/inkpressioecologica.com\/wp-content\/uploads\/logo_ink.png","width":300,"height":215,"caption":"Inkpressi\u00f3 Ecol\u00f2gica"},"image":{"@id":"https:\/\/inkpressioecologica.com\/#\/schema\/logo\/image\/"},"sameAs":["https:\/\/www.facebook.com\/inkpressio","https:\/\/www.instagram.com\/inkpressioecologica\/"]}]}},"_links":{"self":[{"href":"https:\/\/inkpressioecologica.com\/ca\/wp-json\/wp\/v2\/product\/15055","targetHints":{"allow":["GET"]}}],"collection":[{"href":"https:\/\/inkpressioecologica.com\/ca\/wp-json\/wp\/v2\/product"}],"about":[{"href":"https:\/\/inkpressioecologica.com\/ca\/wp-json\/wp\/v2\/types\/product"}],"wp:attachment":[{"href":"https:\/\/inkpressioecologica.com\/ca\/wp-json\/wp\/v2\/media?parent=15055"}],"wp:term":[{"taxonomy":"product_brand","embeddable":true,"href":"https:\/\/inkpressioecologica.com\/ca\/wp-json\/wp\/v2\/product_brand?post=15055"},{"taxonomy":"product_cat","embeddable":true,"href":"https:\/\/inkpressioecologica.com\/ca\/wp-json\/wp\/v2\/product_cat?post=15055"},{"taxonomy":"product_tag","embeddable":true,"href":"https:\/\/inkpressioecologica.com\/ca\/wp-json\/wp\/v2\/product_tag?post=15055"}],"curies":[{"name":"wp","href":"https:\/\/api.w.org\/{rel}","templated":true}]}}